{"id":2539,"date":"2018-03-30T09:15:22","date_gmt":"2018-03-30T09:15:22","guid":{"rendered":"http:\/\/www.saigonchildren.com\/?page_id=2539"},"modified":"2023-07-03T16:10:23","modified_gmt":"2023-07-03T09:10:23","slug":"chairman-emeritus","status":"publish","type":"page","link":"https:\/\/www.saigonchildren.com\/vi\/about-us\/our-team\/chairman-emeritus\/","title":{"rendered":"Ch\u1ee7 t\u1ecbch danh d\u1ef1"},"content":{"rendered":"<p><span style=\"font-family: verdana, geneva, sans-serif;\"><strong><img loading=\"lazy\" class=\"size-full wp-image-2019 aligncenter\" src=\"https:\/\/www.saigonchildren.com\/wp-content\/uploads\/2017\/11\/Alain-Trustee.png\" alt=\"\" width=\"217\" height=\"239\" \/><\/strong><\/span><\/p>\n<div>\n<div><strong><span class=\"mark162nrndzw\" data-markjs=\"true\" data-ogac=\"\" data-ogab=\"\" data-ogsc=\"\" data-ogsb=\"\">Alain<\/span>\u00a0Cany<\/strong><\/div>\n<div><\/div>\n<div><span style=\"font-family: arial, helvetica, sans-serif;\">Alain Cany kh\u1edfi \u0111\u1ea7u s\u1ef1 nghi\u1ec7p t\u1ea1i Credit Commercial de France, gi\u1eef nhi\u1ec1u v\u1ecb tr\u00ed l\u00e3nh \u0111\u1ea1o t\u1ea1i Ph\u00e1p tr\u01b0\u1edbc khi l\u00e0 Ph\u00f3 T\u1ed5ng Gi\u00e1m \u0110\u00f4c v\u00e0 Tr\u01b0\u1edfng B\u1ed9 Ph\u1eadn Ph\u00e1t Tri\u1ec3n Kinh Doanh t\u1ea1i \u00a0H\u1ed3ng K\u00f4ng.<\/span><\/div>\n<div><\/div>\n<div><span style=\"font-family: arial, helvetica, sans-serif;\">N\u0103m 1994 \u00d4ng tr\u1edf th\u00e0nh T\u1ed5ng Gi\u00e1m \u0110\u1ed1c c\u1ee7a CCF t\u1ea1i H\u1ed3ng K\u00f4ng.<\/span><\/div>\n<div><\/div>\n<div><span style=\"font-family: arial, helvetica, sans-serif;\">Sau \u0111\u00f3 \u00d4ng chuy\u1ec3n c\u00f4ng t\u00e1c \u0111\u1ebfn Ng\u00e2n h\u00e0ng HSBC v\u1edbi ch\u1ee9c danh l\u00e0 Tr\u01b0\u1edfng \u00a0B\u1ed9 Ph\u1eadn Ph\u00e1t Tri\u1ec3n Kinh Doanh t\u1ea1i tr\u1ee5 s\u1edf ch\u00ednh t\u1ea1i H\u1ed3ng K\u00f4ng v\u00e0 \u00d4ng \u0111\u01b0\u1ee3c b\u1ed5 nhi\u1ec7m l\u00e0 T\u1ed5ng Gi\u00e1m \u0110\u1ed1c \u0110i\u1ec1u H\u00e0nh c\u1ee7a Ng\u00e2n h\u00e0ng HSBC t\u1ea1i Vi\u1ec7t Nam trong nhi\u1ec7m k\u1ef3 04 n\u0103m t\u1eeb n\u0103m 2003.<\/span><\/div>\n<div><span style=\"font-family: arial, helvetica, sans-serif;\">\u00d4ng Cany \u0111\u01b0\u1ee3c b\u1ed5 nhi\u1ec7m l\u00e0 Ch\u1ee7 T\u1ecbch T\u00e2p \u0111o\u00e0n Jardine Matheson t\u1ea1i Vi\u1ec7t Nam t\u1eeb th\u00e1ng 08 n\u0103m 2007 v\u00e0 l\u00e0 Tr\u01b0\u1edfng \u0110\u1ea1i Di\u1ec7n ki\u00eam C\u1ed1 V\u1ea5n Cao C\u1ea5p cho C\u00f4ng ty N.M Rothschild &amp; Sons cho \u0111\u1ebfn th\u00e1ng 08\/2013.<\/span><\/div>\n<div><\/div>\n<div><span style=\"font-family: arial, helvetica, sans-serif;\">\u00d4ng Cany l\u00e0 \u0110\u1ed3ng Ch\u1ee7 T\u1ecbch Di\u1ec5n \u0110\u00e0n Doanh Nghi\u1ec7p Vi\u1ec7t Nam (VBF) trong nhi\u1ec7m k\u1ef3 2012-2014, \u0111\u1ea1i di\u1ec7n c\u00e1c doanh nghi\u1ec7p n\u01b0\u1edbc ngo\u00e0i.<\/span><\/div>\n<div><\/div>\n<div><span style=\"font-family: arial, helvetica, sans-serif;\">\u00d4ng Cany l\u00e0 Ch\u1ee7 T\u1ecbch Hi\u1ec7p h\u1ed9i Doanh Nghi\u1ec7p Ch\u00e2u \u00c2u t\u1ea1i Vi\u1ec7t Nam (Eurocham) trong 7 n\u0103m \u00a0t\u1eeb n\u0103m 2005 -2012.<\/span><\/div>\n<div><\/div>\n<div><span style=\"font-family: arial, helvetica, sans-serif;\">\u00d4ng Cany \u0111\u01b0\u1ee3c trao t\u1eb7ng B\u1eb1ng Khen c\u1ee7a Th\u1ee7 T\u01b0\u1edbng v\u00e0o ng\u00e0y 06\/01\/2011 v\u00e0 Hu\u00e2n Ch\u01b0\u01a1ng H\u1eefu Ngh\u1ecb c\u1ee7a Ch\u1ee7 T\u1ecbch n\u01b0\u1edbc C\u1ed9ng H\u00f2a X\u00e3 H\u1ed9i Ch\u1ee7 Ngh\u0129a v\u00e0o ng\u00e0y 30\/03\/2011.<\/span><\/div>\n<p><span style=\"font-family: arial, helvetica, sans-serif;\">\u00d4ng t\u1ed1t nghi\u1ec7p b\u1eb1ng C\u1eed nh\u00e2n chuy\u00ean ng\u00e0nh kinh t\u1ebf t\u1ea1i \u0110\u1ea1i h\u1ecdc Paris Ph\u00e1p v\u00e0 \u0111\u01b0\u1ee3c T\u1ed3ng Th\u1ed1ng Ph\u00e1p t\u1eb7ng \u0110\u1ec7 ng\u0169 \u0111\u1eb3ng B\u1eafc \u0110\u1ea9u B\u1ed9i Tinh n\u0103m 2002.<\/span><\/p>\n<\/div>\n<div>\n<div><\/div>\n<\/div>\n<p><\/p>","protected":false},"excerpt":{"rendered":"<p>Alain\u00a0Cany Alain Cany kh\u1edfi \u0111\u1ea7u s\u1ef1 nghi\u1ec7p t\u1ea1i Credit Commercial de France, gi\u1eef nhi\u1ec1u v\u1ecb tr\u00ed l\u00e3nh \u0111\u1ea1o t\u1ea1i Ph\u00e1p tr\u01b0\u1edbc khi l\u00e0 Ph\u00f3 T\u1ed5ng Gi\u00e1m \u0110\u00f4c v\u00e0 Tr\u01b0\u1edfng B\u1ed9 Ph\u1eadn Ph\u00e1t Tri\u1ec3n Kinh Doanh t\u1ea1i \u00a0H\u1ed3ng K\u00f4ng. N\u0103m 1994 \u00d4ng tr\u1edf th\u00e0nh T\u1ed5ng Gi\u00e1m \u0110\u1ed1c c\u1ee7a CCF t\u1ea1i H\u1ed3ng K\u00f4ng. Sau \u0111\u00f3 \u00d4ng chuy\u1ec3n [&hellip;]<\/p>\n","protected":false},"author":1,"featured_media":0,"parent":318,"menu_order":2,"comment_status":"closed","ping_status":"closed","template":"","meta":[],"yoast_head":"<!-- This site is optimized with the Yoast SEO plugin v15.8 - https:\/\/yoast.com\/wordpress\/plugins\/seo\/ -->\n<meta name=\"robots\" content=\"index, follow, max-snippet:-1, max-image-preview:large, max-video-preview:-1\" \/>\n<link rel=\"canonical\" href=\"https:\/\/www.saigonchildren.com\/about-us\/our-team\/chairman-emeritus\/\" \/>\n<meta property=\"og:locale\" content=\"vi_VN\" \/>\n<meta property=\"og:type\" content=\"article\" \/>\n<meta property=\"og:title\" content=\"Ch\u1ee7 t\u1ecbch danh d\u1ef1 - Saigon Children\u2019s Charity CIO\" \/>\n<meta property=\"og:description\" content=\"Alain\u00a0Cany Alain Cany kh\u1edfi \u0111\u1ea7u s\u1ef1 nghi\u1ec7p t\u1ea1i Credit Commercial de France, gi\u1eef nhi\u1ec1u v\u1ecb tr\u00ed l\u00e3nh \u0111\u1ea1o t\u1ea1i Ph\u00e1p tr\u01b0\u1edbc khi l\u00e0 Ph\u00f3 T\u1ed5ng Gi\u00e1m \u0110\u00f4c v\u00e0 Tr\u01b0\u1edfng B\u1ed9 Ph\u1eadn Ph\u00e1t Tri\u1ec3n Kinh Doanh t\u1ea1i \u00a0H\u1ed3ng K\u00f4ng. N\u0103m 1994 \u00d4ng tr\u1edf th\u00e0nh T\u1ed5ng Gi\u00e1m \u0110\u1ed1c c\u1ee7a CCF t\u1ea1i H\u1ed3ng K\u00f4ng. Sau \u0111\u00f3 \u00d4ng chuy\u1ec3n [&hellip;]\" \/>\n<meta property=\"og:url\" content=\"https:\/\/www.saigonchildren.com\/about-us\/our-team\/chairman-emeritus\/\" \/>\n<meta property=\"og:site_name\" content=\"Saigon Children\u2019s Charity CIO\" \/>\n<meta property=\"article:modified_time\" content=\"2023-07-03T09:10:23+00:00\" \/>\n<meta property=\"og:image\" content=\"https:\/\/www.saigonchildren.com\/wp-content\/uploads\/2017\/11\/Alain-Trustee.png\" \/>\n<meta name=\"twitter:card\" content=\"summary\" \/>\n<meta name=\"twitter:label1\" content=\"Est. reading time\">\n\t<meta name=\"twitter:data1\" content=\"2 ph\u00fat\">\n<script type=\"application\/ld+json\" class=\"yoast-schema-graph\">{\"@context\":\"https:\/\/schema.org\",\"@graph\":[{\"@type\":\"WebSite\",\"@id\":\"https:\/\/www.saigonchildren.com\/#website\",\"url\":\"https:\/\/www.saigonchildren.com\/\",\"name\":\"Saigon Children\\u2019s Charity CIO\",\"description\":\"Eliminating Poverty through Education\",\"potentialAction\":[{\"@type\":\"SearchAction\",\"target\":\"https:\/\/www.saigonchildren.com\/?s={search_term_string}\",\"query-input\":\"required name=search_term_string\"}],\"inLanguage\":\"vi\"},{\"@type\":\"ImageObject\",\"@id\":\"https:\/\/www.saigonchildren.com\/about-us\/our-team\/chairman-emeritus\/#primaryimage\",\"inLanguage\":\"vi\",\"url\":\"https:\/\/www.saigonchildren.com\/wp-content\/uploads\/2017\/11\/Alain-Trustee.png\",\"width\":217,\"height\":239},{\"@type\":\"WebPage\",\"@id\":\"https:\/\/www.saigonchildren.com\/about-us\/our-team\/chairman-emeritus\/#webpage\",\"url\":\"https:\/\/www.saigonchildren.com\/about-us\/our-team\/chairman-emeritus\/\",\"name\":\"Ch\\u1ee7 t\\u1ecbch danh d\\u1ef1 - Saigon Children\\u2019s Charity CIO\",\"isPartOf\":{\"@id\":\"https:\/\/www.saigonchildren.com\/#website\"},\"primaryImageOfPage\":{\"@id\":\"https:\/\/www.saigonchildren.com\/about-us\/our-team\/chairman-emeritus\/#primaryimage\"},\"datePublished\":\"2018-03-30T09:15:22+00:00\",\"dateModified\":\"2023-07-03T09:10:23+00:00\",\"breadcrumb\":{\"@id\":\"https:\/\/www.saigonchildren.com\/about-us\/our-team\/chairman-emeritus\/#breadcrumb\"},\"inLanguage\":\"vi\",\"potentialAction\":[{\"@type\":\"ReadAction\",\"target\":[\"https:\/\/www.saigonchildren.com\/about-us\/our-team\/chairman-emeritus\/\"]}]},{\"@type\":\"BreadcrumbList\",\"@id\":\"https:\/\/www.saigonchildren.com\/about-us\/our-team\/chairman-emeritus\/#breadcrumb\",\"itemListElement\":[{\"@type\":\"ListItem\",\"position\":1,\"item\":{\"@type\":\"WebPage\",\"@id\":\"https:\/\/www.saigonchildren.com\/\",\"url\":\"https:\/\/www.saigonchildren.com\/\",\"name\":\"Home\"}},{\"@type\":\"ListItem\",\"position\":2,\"item\":{\"@type\":\"WebPage\",\"@id\":\"https:\/\/www.saigonchildren.com\/about-us\/\",\"url\":\"https:\/\/www.saigonchildren.com\/about-us\/\",\"name\":\"About Us\"}},{\"@type\":\"ListItem\",\"position\":3,\"item\":{\"@type\":\"WebPage\",\"@id\":\"https:\/\/www.saigonchildren.com\/about-us\/our-team\/\",\"url\":\"https:\/\/www.saigonchildren.com\/about-us\/our-team\/\",\"name\":\"Our Team\"}},{\"@type\":\"ListItem\",\"position\":4,\"item\":{\"@type\":\"WebPage\",\"@id\":\"https:\/\/www.saigonchildren.com\/about-us\/our-team\/chairman-emeritus\/\",\"url\":\"https:\/\/www.saigonchildren.com\/about-us\/our-team\/chairman-emeritus\/\",\"name\":\"Chairman Emeritus\"}}]}]}<\/script>\n<!-- \/ Yoast SEO plugin. -->","_links":{"self":[{"href":"https:\/\/www.saigonchildren.com\/vi\/wp-json\/wp\/v2\/pages\/2539"}],"collection":[{"href":"https:\/\/www.saigonchildren.com\/vi\/wp-json\/wp\/v2\/pages"}],"about":[{"href":"https:\/\/www.saigonchildren.com\/vi\/wp-json\/wp\/v2\/types\/page"}],"author":[{"embeddable":true,"href":"https:\/\/www.saigonchildren.com\/vi\/wp-json\/wp\/v2\/users\/1"}],"replies":[{"embeddable":true,"href":"https:\/\/www.saigonchildren.com\/vi\/wp-json\/wp\/v2\/comments?post=2539"}],"version-history":[{"count":18,"href":"https:\/\/www.saigonchildren.com\/vi\/wp-json\/wp\/v2\/pages\/2539\/revisions"}],"predecessor-version":[{"id":8459,"href":"https:\/\/www.saigonchildren.com\/vi\/wp-json\/wp\/v2\/pages\/2539\/revisions\/8459"}],"up":[{"embeddable":true,"href":"https:\/\/www.saigonchildren.com\/vi\/wp-json\/wp\/v2\/pages\/318"}],"wp:attachment":[{"href":"https:\/\/www.saigonchildren.com\/vi\/wp-json\/wp\/v2\/media?parent=2539"}],"curies":[{"name":"wp","href":"https:\/\/api.w.org\/{rel}","templated":true}]}}