{"id":316,"date":"2017-11-20T09:13:49","date_gmt":"2017-11-20T09:13:49","guid":{"rendered":"http:\/\/new.saigonchildren.com\/?page_id=316"},"modified":"2026-04-23T17:04:44","modified_gmt":"2026-04-23T10:04:44","slug":"vision-mission-values","status":"publish","type":"page","link":"https:\/\/www.saigonchildren.com\/vi\/about-us\/vision-mission-values\/","title":{"rendered":"T\u1ea7m nh\u00ecn, S\u1ee9 m\u1ec7nh v\u00e0 Gi\u00e1 tr\u1ecb"},"content":{"rendered":"<p><\/p>\n<p style=\"text-align: justify;\"><span style=\"font-family: georgia, palatino, serif;\"><strong>Saigon Children\u2019s Charity CIO (saigonchildren)<\/strong><\/span>\u00a0\u0111\u01b0\u1ee3c th\u00e0nh l\u1eadp n\u0103m 1992 nh\u1eb1m gi\u00fap tr\u1ebb em Vi\u1ec7t Nam c\u00f3 ho\u00e0n c\u1ea3nh kh\u00f3 kh\u0103n \u0111\u01b0\u1ee3c ti\u1ebfp c\u1eadn gi\u00e1o d\u1ee5c v\u00e0 c\u00f3 s\u1ef1 kh\u1edfi \u0111\u1ea7u t\u1ed1t h\u01a1n trong cu\u1ed9c s\u1ed1ng. saigonchildren ch\u1ec9 ho\u1ea1t \u0111\u1ed9ng t\u1ea1i Vi\u1ec7t Nam v\u00e0 m\u1ecdi ho\u1ea1t \u0111\u1ed9ng c\u1ee7a t\u1ed5 ch\u1ee9c g\u1eafn li\u1ec1n v\u1edbi cam k\u1ebft h\u1ed7 tr\u1ee3 tr\u1ebb em v\u01b0\u1ee3t qua nh\u1eefng r\u00e0o c\u1ea3n v\u1ec1 kinh t\u1ebf, \u0111\u1ecba l\u00fd, ki\u1ebfn th\u1ee9c v\u00e0 nh\u1eefng khi\u1ebfm khuy\u1ebft \u0111\u1ec3 \u0111\u1ebfn tr\u01b0\u1eddng.<\/p>\n<p style=\"text-align: justify;\"><span style=\"color: #00ccff;\"><strong><span style=\"font-family: arial, helvetica, sans-serif;\">S\u1ee9 m\u1ec7nh c\u1ee7a saigonchildren<\/span><\/strong><\/span><\/p>\n<p style=\"text-align: justify;\"><span style=\"color: #00ccff;\"><em><span style=\"font-family: arial, helvetica, sans-serif;\">\u201cSaigonchildren gi\u00fap tr\u1ebb em v\u00e0 thanh thi\u1ebfu ni\u00ean c\u00f3 ho\u00e0n c\u1ea3nh kh\u00f3 kh\u0103n \u1edf Vi\u1ec7t Nam ph\u00e1t tri\u1ec3n h\u1ebft ti\u1ec1m n\u0103ng c\u1ee7a m\u00ecnh th\u00f4ng qua gi\u00e1o d\u1ee5c c\u00f3 ch\u1ea5t l\u01b0\u1ee3ng v\u00e0 ph\u00f9 h\u1ee3p v\u1edbi nhu c\u1ea7u\u201d<\/span><\/em><\/span><\/p>\n<p style=\"text-align: justify;\"><span style=\"color: #00ccff;\"><strong><span style=\"font-family: arial, helvetica, sans-serif;\">Ph\u01b0\u01a1ng ch\u00e2m ho\u1ea1t \u0111\u1ed9ng<\/span><\/strong><\/span><\/p>\n<p>Ch\u00fang t\u00f4i quan ni\u1ec7m tr\u1ebb em c\u00f3 ho\u00e0n c\u1ea3nh kh\u00f3 kh\u0103n c\u00f3 quy\u1ec1n \u0111\u01b0\u1ee3c h\u1ed7 tr\u1ee3 \u0111\u1ec3 ph\u00e1t tri\u1ec3n ti\u1ec1m n\u0103ng c\u1ee7a m\u00ecnh. Ch\u00fang t\u00f4i tin r\u1eb1ng khi t\u1eadp trung h\u1ed7 tr\u1ee3 nhu c\u1ea7u v\u1ec1 gi\u00e1o d\u1ee5c c\u1ee7a nh\u1eefng em c\u00f3 ho\u00e0n c\u1ea3nh kh\u00f3 kh\u0103n nh\u1ea5t, ch\u00fang t\u00f4i s\u1ebd mang \u0111\u1ebfn nh\u1eefng thay \u0111\u1ed5i t\u00edch c\u1ef1c cho c\u00e1c em.\u00a0 Hi\u1ec7u qu\u1ea3 c\u00f4ng vi\u1ec7c \u0111\u01b0\u1ee3c \u0111o l\u01b0\u1eddng b\u1eb1ng s\u1ed1 l\u01b0\u1ee3ng tr\u1ebb em \u0111\u01b0\u1ee3c ch\u00fang t\u00f4i h\u1ed7 tr\u1ee3 \u0111\u1ebfn tr\u01b0\u1eddng, s\u1ed1 l\u01b0\u1ee3ng tr\u1ebb em t\u1ed1t nghi\u1ec7p ph\u1ed5 th\u00f4ng, v\u00e0o \u0111\u1ea1i h\u1ecdc v\u00e0 ra tr\u01b0\u1eddng c\u00f3 vi\u1ec7c l\u00e0m.<\/p>\n<p style=\"text-align: justify;\"><strong><span style=\"font-family: arial, helvetica, sans-serif; color: #00ccff;\">T\u1eeb s\u1ef1 kh\u1edfi \u0111\u1ea7u \u0111\u00f3, ch\u00fang t\u00f4i tu\u00e2n th\u1ee7 nh\u1eefng nguy\u00ean t\u1eafc sau:<\/span><\/strong><\/p>\n<ul>\n<li style=\"text-align: justify;\"><span style=\"font-family: arial, helvetica, sans-serif;\">Gi\u00fap \u0111\u1ee1 nh\u1eefng em c\u00f3 nhu c\u1ea7u v\u1ec1 gi\u00e1o d\u1ee5c cao nh\u1ea5t<\/span><\/li>\n<li style=\"text-align: justify;\"><span style=\"font-family: arial, helvetica, sans-serif;\">Khuy\u1ebfn kh\u00edch s\u1ef1 t\u1ef1 l\u1eadp \u1edf c\u00e1c em v\u00e0 tr\u00e1nh\u00a0 t\u1ea1o ra s\u1ef1 l\u1ec7 thu\u1ed9c<\/span><\/li>\n<li style=\"text-align: justify;\"><span style=\"font-family: arial, helvetica, sans-serif;\">Ch\u00fang t\u00f4i kh\u00f4ng thay th\u1ebf tr\u00e1ch nhi\u1ec7m c\u1ee7a cha m\u1eb9, ch\u00ednh quy\u1ec1n v\u00e0 ch\u00ednh b\u1ea3n th\u00e2n c\u00e1c em<\/span><\/li>\n<\/ul>\n<p><\/p>","protected":false},"excerpt":{"rendered":"<p>Saigon Children\u2019s Charity CIO (saigonchildren)\u00a0\u0111\u01b0\u1ee3c th\u00e0nh l\u1eadp n\u0103m 1992 nh\u1eb1m gi\u00fap tr\u1ebb em Vi\u1ec7t Nam c\u00f3 ho\u00e0n c\u1ea3nh kh\u00f3 kh\u0103n \u0111\u01b0\u1ee3c ti\u1ebfp c\u1eadn gi\u00e1o d\u1ee5c v\u00e0 c\u00f3 s\u1ef1 kh\u1edfi \u0111\u1ea7u t\u1ed1t h\u01a1n trong cu\u1ed9c s\u1ed1ng. saigonchildren ch\u1ec9 ho\u1ea1t \u0111\u1ed9ng t\u1ea1i Vi\u1ec7t Nam v\u00e0 m\u1ecdi ho\u1ea1t \u0111\u1ed9ng c\u1ee7a t\u1ed5 ch\u1ee9c g\u1eafn li\u1ec1n v\u1edbi cam k\u1ebft h\u1ed7 [&hellip;]<\/p>\n","protected":false},"author":1,"featured_media":0,"parent":103,"menu_order":1,"comment_status":"closed","ping_status":"closed","template":"","meta":[],"yoast_head":"<!-- This site is optimized with the Yoast SEO plugin v15.8 - https:\/\/yoast.com\/wordpress\/plugins\/seo\/ -->\n<meta name=\"robots\" content=\"index, follow, max-snippet:-1, max-image-preview:large, max-video-preview:-1\" \/>\n<link rel=\"canonical\" href=\"https:\/\/www.saigonchildren.com\/about-us\/vision-mission-values\/\" \/>\n<meta property=\"og:locale\" content=\"vi_VN\" \/>\n<meta property=\"og:type\" content=\"article\" \/>\n<meta property=\"og:title\" content=\"T\u1ea7m nh\u00ecn, S\u1ee9 m\u1ec7nh v\u00e0 Gi\u00e1 tr\u1ecb - Saigon Children\u2019s Charity CIO\" \/>\n<meta property=\"og:description\" content=\"Saigon Children\u2019s Charity CIO (saigonchildren)\u00a0\u0111\u01b0\u1ee3c th\u00e0nh l\u1eadp n\u0103m 1992 nh\u1eb1m gi\u00fap tr\u1ebb em Vi\u1ec7t Nam c\u00f3 ho\u00e0n c\u1ea3nh kh\u00f3 kh\u0103n \u0111\u01b0\u1ee3c ti\u1ebfp c\u1eadn gi\u00e1o d\u1ee5c v\u00e0 c\u00f3 s\u1ef1 kh\u1edfi \u0111\u1ea7u t\u1ed1t h\u01a1n trong cu\u1ed9c s\u1ed1ng. saigonchildren ch\u1ec9 ho\u1ea1t \u0111\u1ed9ng t\u1ea1i Vi\u1ec7t Nam v\u00e0 m\u1ecdi ho\u1ea1t \u0111\u1ed9ng c\u1ee7a t\u1ed5 ch\u1ee9c g\u1eafn li\u1ec1n v\u1edbi cam k\u1ebft h\u1ed7 [&hellip;]\" \/>\n<meta property=\"og:url\" content=\"https:\/\/www.saigonchildren.com\/about-us\/vision-mission-values\/\" \/>\n<meta property=\"og:site_name\" content=\"Saigon Children\u2019s Charity CIO\" \/>\n<meta property=\"article:modified_time\" content=\"2026-04-23T10:04:44+00:00\" \/>\n<meta name=\"twitter:card\" content=\"summary\" \/>\n<meta name=\"twitter:label1\" content=\"Est. reading time\">\n\t<meta name=\"twitter:data1\" content=\"2 ph\u00fat\">\n<script type=\"application\/ld+json\" class=\"yoast-schema-graph\">{\"@context\":\"https:\/\/schema.org\",\"@graph\":[{\"@type\":\"WebSite\",\"@id\":\"https:\/\/www.saigonchildren.com\/#website\",\"url\":\"https:\/\/www.saigonchildren.com\/\",\"name\":\"Saigon Children\\u2019s Charity CIO\",\"description\":\"Eliminating Poverty through Education\",\"potentialAction\":[{\"@type\":\"SearchAction\",\"target\":\"https:\/\/www.saigonchildren.com\/?s={search_term_string}\",\"query-input\":\"required name=search_term_string\"}],\"inLanguage\":\"vi\"},{\"@type\":\"WebPage\",\"@id\":\"https:\/\/www.saigonchildren.com\/about-us\/vision-mission-values\/#webpage\",\"url\":\"https:\/\/www.saigonchildren.com\/about-us\/vision-mission-values\/\",\"name\":\"T\\u1ea7m nh\\u00ecn, S\\u1ee9 m\\u1ec7nh v\\u00e0 Gi\\u00e1 tr\\u1ecb - Saigon Children\\u2019s Charity CIO\",\"isPartOf\":{\"@id\":\"https:\/\/www.saigonchildren.com\/#website\"},\"datePublished\":\"2017-11-20T09:13:49+00:00\",\"dateModified\":\"2026-04-23T10:04:44+00:00\",\"breadcrumb\":{\"@id\":\"https:\/\/www.saigonchildren.com\/about-us\/vision-mission-values\/#breadcrumb\"},\"inLanguage\":\"vi\",\"potentialAction\":[{\"@type\":\"ReadAction\",\"target\":[\"https:\/\/www.saigonchildren.com\/about-us\/vision-mission-values\/\"]}]},{\"@type\":\"BreadcrumbList\",\"@id\":\"https:\/\/www.saigonchildren.com\/about-us\/vision-mission-values\/#breadcrumb\",\"itemListElement\":[{\"@type\":\"ListItem\",\"position\":1,\"item\":{\"@type\":\"WebPage\",\"@id\":\"https:\/\/www.saigonchildren.com\/\",\"url\":\"https:\/\/www.saigonchildren.com\/\",\"name\":\"Home\"}},{\"@type\":\"ListItem\",\"position\":2,\"item\":{\"@type\":\"WebPage\",\"@id\":\"https:\/\/www.saigonchildren.com\/about-us\/\",\"url\":\"https:\/\/www.saigonchildren.com\/about-us\/\",\"name\":\"About Us\"}},{\"@type\":\"ListItem\",\"position\":3,\"item\":{\"@type\":\"WebPage\",\"@id\":\"https:\/\/www.saigonchildren.com\/about-us\/vision-mission-values\/\",\"url\":\"https:\/\/www.saigonchildren.com\/about-us\/vision-mission-values\/\",\"name\":\"Vision, Mission &#038; Values\"}}]}]}<\/script>\n<!-- \/ Yoast SEO plugin. -->","_links":{"self":[{"href":"https:\/\/www.saigonchildren.com\/vi\/wp-json\/wp\/v2\/pages\/316"}],"collection":[{"href":"https:\/\/www.saigonchildren.com\/vi\/wp-json\/wp\/v2\/pages"}],"about":[{"href":"https:\/\/www.saigonchildren.com\/vi\/wp-json\/wp\/v2\/types\/page"}],"author":[{"embeddable":true,"href":"https:\/\/www.saigonchildren.com\/vi\/wp-json\/wp\/v2\/users\/1"}],"replies":[{"embeddable":true,"href":"https:\/\/www.saigonchildren.com\/vi\/wp-json\/wp\/v2\/comments?post=316"}],"version-history":[{"count":34,"href":"https:\/\/www.saigonchildren.com\/vi\/wp-json\/wp\/v2\/pages\/316\/revisions"}],"predecessor-version":[{"id":10273,"href":"https:\/\/www.saigonchildren.com\/vi\/wp-json\/wp\/v2\/pages\/316\/revisions\/10273"}],"up":[{"embeddable":true,"href":"https:\/\/www.saigonchildren.com\/vi\/wp-json\/wp\/v2\/pages\/103"}],"wp:attachment":[{"href":"https:\/\/www.saigonchildren.com\/vi\/wp-json\/wp\/v2\/media?parent=316"}],"curies":[{"name":"wp","href":"https:\/\/api.w.org\/{rel}","templated":true}]}}