{"id":318,"date":"2017-11-20T09:20:22","date_gmt":"2017-11-20T09:20:22","guid":{"rendered":"http:\/\/new.saigonchildren.com\/?page_id=318"},"modified":"2026-02-03T10:48:57","modified_gmt":"2026-02-03T03:48:57","slug":"our-team","status":"publish","type":"page","link":"https:\/\/www.saigonchildren.com\/vi\/about-us\/our-team\/","title":{"rendered":"\u0110\u1ed9i ng\u0169"},"content":{"rendered":"<p>\u0110\u1ed9i ng\u0169 nh\u00e2n vi\u00ean t\u1ea1i saigonchildren lu\u00f4n cam k\u1ebft ho\u1ea1t \u0111\u1ed9ng nh\u1eb1m mang t\u1edbi nh\u1eefng thay \u0111\u1ed5i t\u00edch c\u1ef1c cho tr\u1ebb em kh\u00f3 kh\u0103n t\u1ea1i Vi\u1ec7t Nam. Ch\u00fang t\u00f4i \u0111\u00e3 ph\u00e1t tri\u1ec3n \u0111\u1ed9i ng\u0169 c\u1ee7a m\u00ecnh trong v\u00f2ng h\u01a1n ba th\u1eadp k\u1ec9 qua. Hi\u1ec7n t\u1ea1i, saigonchildren bao g\u1ed3m 32 nh\u00e2n vi\u00ean ch\u00ednh th\u1ee9c.<\/p>\n<p>\u0110\u1ed9i ng\u0169 saigonchildren t\u1ef1 h\u00e0o lu\u00f4n gi\u1eef phong c\u00e1ch l\u00e0m vi\u1ec7c th\u00e2n thi\u1ec7n v\u00e0 hi\u1ec7u qu\u1ea3 nh\u1eb1m mang t\u1edbi \u1ea3nh h\u01b0\u1edfng t\u00edch c\u1ef1c nh\u1ea5t cho c\u00e1c \u0111\u1ed1i t\u01b0\u1ee3ng nh\u1eadn h\u1ed7 tr\u1ee3 &amp; gi\u1eef v\u1eefng h\u00ecnh \u1ea3nh chuy\u00ean nghi\u1ec7p v\u1ec1 saigonchildren v\u1edbi c\u00e1c \u0111\u1ed1i t\u00e1c v\u00e0 nh\u00e0 t\u00e0i tr\u1ee3.<\/p>","protected":false},"excerpt":{"rendered":"<p>\u0110\u1ed9i ng\u0169 nh\u00e2n vi\u00ean t\u1ea1i saigonchildren lu\u00f4n cam k\u1ebft ho\u1ea1t \u0111\u1ed9ng nh\u1eb1m mang t\u1edbi nh\u1eefng thay \u0111\u1ed5i t\u00edch c\u1ef1c cho tr\u1ebb em kh\u00f3 kh\u0103n t\u1ea1i Vi\u1ec7t Nam. Ch\u00fang t\u00f4i \u0111\u00e3 ph\u00e1t tri\u1ec3n \u0111\u1ed9i ng\u0169 c\u1ee7a m\u00ecnh trong v\u00f2ng h\u01a1n ba th\u1eadp k\u1ec9 qua. Hi\u1ec7n t\u1ea1i, saigonchildren bao g\u1ed3m 32 nh\u00e2n vi\u00ean ch\u00ednh th\u1ee9c. \u0110\u1ed9i ng\u0169 [&hellip;]<\/p>\n","protected":false},"author":1,"featured_media":0,"parent":103,"menu_order":2,"comment_status":"closed","ping_status":"closed","template":"","meta":[],"yoast_head":"<!-- This site is optimized with the Yoast SEO plugin v15.8 - https:\/\/yoast.com\/wordpress\/plugins\/seo\/ -->\n<meta name=\"robots\" content=\"index, follow, max-snippet:-1, max-image-preview:large, max-video-preview:-1\" \/>\n<link rel=\"canonical\" href=\"https:\/\/www.saigonchildren.com\/about-us\/our-team\/\" \/>\n<meta property=\"og:locale\" content=\"vi_VN\" \/>\n<meta property=\"og:type\" content=\"article\" \/>\n<meta property=\"og:title\" content=\"\u0110\u1ed9i ng\u0169 - Saigon Children\u2019s Charity CIO\" \/>\n<meta property=\"og:description\" content=\"\u0110\u1ed9i ng\u0169 nh\u00e2n vi\u00ean t\u1ea1i saigonchildren lu\u00f4n cam k\u1ebft ho\u1ea1t \u0111\u1ed9ng nh\u1eb1m mang t\u1edbi nh\u1eefng thay \u0111\u1ed5i t\u00edch c\u1ef1c cho tr\u1ebb em kh\u00f3 kh\u0103n t\u1ea1i Vi\u1ec7t Nam. Ch\u00fang t\u00f4i \u0111\u00e3 ph\u00e1t tri\u1ec3n \u0111\u1ed9i ng\u0169 c\u1ee7a m\u00ecnh trong v\u00f2ng h\u01a1n ba th\u1eadp k\u1ec9 qua. Hi\u1ec7n t\u1ea1i, saigonchildren bao g\u1ed3m 32 nh\u00e2n vi\u00ean ch\u00ednh th\u1ee9c. \u0110\u1ed9i ng\u0169 [&hellip;]\" \/>\n<meta property=\"og:url\" content=\"https:\/\/www.saigonchildren.com\/about-us\/our-team\/\" \/>\n<meta property=\"og:site_name\" content=\"Saigon Children\u2019s Charity CIO\" \/>\n<meta property=\"article:modified_time\" content=\"2026-02-03T03:48:57+00:00\" \/>\n<meta name=\"twitter:card\" content=\"summary\" \/>\n<meta name=\"twitter:label1\" content=\"Est. reading time\">\n\t<meta name=\"twitter:data1\" content=\"1 ph\u00fat\">\n<script type=\"application\/ld+json\" class=\"yoast-schema-graph\">{\"@context\":\"https:\/\/schema.org\",\"@graph\":[{\"@type\":\"WebSite\",\"@id\":\"https:\/\/www.saigonchildren.com\/#website\",\"url\":\"https:\/\/www.saigonchildren.com\/\",\"name\":\"Saigon Children\\u2019s Charity CIO\",\"description\":\"Eliminating Poverty through Education\",\"potentialAction\":[{\"@type\":\"SearchAction\",\"target\":\"https:\/\/www.saigonchildren.com\/?s={search_term_string}\",\"query-input\":\"required name=search_term_string\"}],\"inLanguage\":\"vi\"},{\"@type\":\"WebPage\",\"@id\":\"https:\/\/www.saigonchildren.com\/about-us\/our-team\/#webpage\",\"url\":\"https:\/\/www.saigonchildren.com\/about-us\/our-team\/\",\"name\":\"\\u0110\\u1ed9i ng\\u0169 - Saigon Children\\u2019s Charity CIO\",\"isPartOf\":{\"@id\":\"https:\/\/www.saigonchildren.com\/#website\"},\"datePublished\":\"2017-11-20T09:20:22+00:00\",\"dateModified\":\"2026-02-03T03:48:57+00:00\",\"breadcrumb\":{\"@id\":\"https:\/\/www.saigonchildren.com\/about-us\/our-team\/#breadcrumb\"},\"inLanguage\":\"vi\",\"potentialAction\":[{\"@type\":\"ReadAction\",\"target\":[\"https:\/\/www.saigonchildren.com\/about-us\/our-team\/\"]}]},{\"@type\":\"BreadcrumbList\",\"@id\":\"https:\/\/www.saigonchildren.com\/about-us\/our-team\/#breadcrumb\",\"itemListElement\":[{\"@type\":\"ListItem\",\"position\":1,\"item\":{\"@type\":\"WebPage\",\"@id\":\"https:\/\/www.saigonchildren.com\/\",\"url\":\"https:\/\/www.saigonchildren.com\/\",\"name\":\"Home\"}},{\"@type\":\"ListItem\",\"position\":2,\"item\":{\"@type\":\"WebPage\",\"@id\":\"https:\/\/www.saigonchildren.com\/about-us\/\",\"url\":\"https:\/\/www.saigonchildren.com\/about-us\/\",\"name\":\"About Us\"}},{\"@type\":\"ListItem\",\"position\":3,\"item\":{\"@type\":\"WebPage\",\"@id\":\"https:\/\/www.saigonchildren.com\/about-us\/our-team\/\",\"url\":\"https:\/\/www.saigonchildren.com\/about-us\/our-team\/\",\"name\":\"Our Team\"}}]}]}<\/script>\n<!-- \/ Yoast SEO plugin. -->","_links":{"self":[{"href":"https:\/\/www.saigonchildren.com\/vi\/wp-json\/wp\/v2\/pages\/318"}],"collection":[{"href":"https:\/\/www.saigonchildren.com\/vi\/wp-json\/wp\/v2\/pages"}],"about":[{"href":"https:\/\/www.saigonchildren.com\/vi\/wp-json\/wp\/v2\/types\/page"}],"author":[{"embeddable":true,"href":"https:\/\/www.saigonchildren.com\/vi\/wp-json\/wp\/v2\/users\/1"}],"replies":[{"embeddable":true,"href":"https:\/\/www.saigonchildren.com\/vi\/wp-json\/wp\/v2\/comments?post=318"}],"version-history":[{"count":18,"href":"https:\/\/www.saigonchildren.com\/vi\/wp-json\/wp\/v2\/pages\/318\/revisions"}],"predecessor-version":[{"id":10133,"href":"https:\/\/www.saigonchildren.com\/vi\/wp-json\/wp\/v2\/pages\/318\/revisions\/10133"}],"up":[{"embeddable":true,"href":"https:\/\/www.saigonchildren.com\/vi\/wp-json\/wp\/v2\/pages\/103"}],"wp:attachment":[{"href":"https:\/\/www.saigonchildren.com\/vi\/wp-json\/wp\/v2\/media?parent=318"}],"curies":[{"name":"wp","href":"https:\/\/api.w.org\/{rel}","templated":true}]}}