{"id":320,"date":"2017-11-20T09:21:29","date_gmt":"2017-11-20T09:21:29","guid":{"rendered":"http:\/\/new.saigonchildren.com\/?page_id=320"},"modified":"2026-02-10T14:14:15","modified_gmt":"2026-02-10T07:14:15","slug":"board-of-trustees","status":"publish","type":"page","link":"https:\/\/www.saigonchildren.com\/vi\/about-us\/our-team\/board-of-trustees\/","title":{"rendered":"H\u1ed9i \u0111\u1ed3ng t\u00edn th\u00e1c"},"content":{"rendered":"<p><\/p>\n<p style=\"text-align: justify;\"><span style=\"font-family: arial, helvetica, sans-serif;\">Ch\u00fang t\u00f4i r\u1ea5t may m\u1eafn c\u00f3 m\u1ed9t h\u1ed9i \u0111\u1ed3ng xu\u1ea5t s\u1eafc v\u1edbi nh\u1eefng k\u1ef9 n\u0103ng v\u00e0 kinh nghi\u1ec7m \u0111a d\u1ea1ng. H\u1ecd c\u00f9ng nhau \u0111\u00f3ng g\u00f3p v\u00e0o nh\u1eefng thay \u0111\u1ed5i t\u00edch c\u1ef1c cho tr\u1ebb em kh\u00f3 kh\u0103n \u1edf Vi\u1ec7t Nam. T\u1ea5t c\u1ea3 \u1ee7y\u00a0<\/span><span style=\"font-family: arial, helvetica, sans-serif;\">vi\u00ean trong h\u1ed9i \u0111\u1ed3ng \u0111\u1ec1u h\u1ecdat \u0111\u1ed9ng d\u01b0\u1edbi t\u01b0 c\u00e1ch t\u00ecnh nguy\u1ec7n vi\u00ean v\u00e0 kh\u00f4ng h\u1ec1 nh\u1eadn b\u1ea5t k\u1ef3 kho\u1ea3n l\u01b0\u01a1ng n\u00e0o.<\/span><\/p>\n<p style=\"text-align: justify;\"><span style=\"font-family: arial, helvetica, sans-serif;\">C\u00e1c \u1ee7y vi\u00ean c\u00f3 tr\u00e1ch nhi\u1ec7m qu\u1ea3n l\u00fd saigonchildren, \u0111\u1ea3m b\u1ea3o m\u1ecdi c\u00f4ng vi\u1ec7c su\u00f4n s\u1ebb v\u00e0 ph\u1ee5c v\u1ee5 l\u1ee3i \u00edch c\u1ed9ng \u0111\u1ed3ng nh\u01b0 m\u1ee5c ti\u00eau \u0111\u00e3 \u0111\u1eb7t ra.<\/span><\/p>\n<p style=\"text-align: justify;\"><span style=\"font-family: arial, helvetica, sans-serif;\">Ngo\u00e0i ra, c\u00e1c \u1ee7y vi\u00ean \u0111\u1ea3m b\u1ea3o ho\u1ea1t \u0111\u1ed9ng c\u1ee7a saigonchildren tu\u00e2n theo lu\u1eadt t\u1eeb thi\u1ec7n Anh, lu\u1eadt ph\u00e1p Vi\u1ec7t Nam v\u00e0 c\u00e1c y\u00eau c\u1ea7u c\u1ee7a \u1ee6y Ban t\u1eeb thi\u1ec7n Anh.<\/span><\/p>\n<p style=\"text-align: justify;\"><span style=\"font-family: arial, helvetica, sans-serif;\">Sau c\u00f9ng, c\u00e1c \u1ee7y vi\u00ean \u0111\u1ec1u th\u1ed1ng nh\u1ea5t \u0111\u1ec3 \u0111\u1ea3m b\u1ea3o t\u00ednh to\u00e0n v\u1eb9n c\u1ee7a h\u1ed9i \u0111\u1ed3ng v\u00e0 tr\u00e1nh b\u1ea5t k\u1ef3 xung \u0111\u1ed9t c\u00e1 nh\u00e2n hay l\u1ea1m d\u1ee5ng t\u00e0i s\u1ea3n c\u1ee7a saigonchildren.<\/span><\/p>\n<p><\/p>","protected":false},"excerpt":{"rendered":"<p>Ch\u00fang t\u00f4i r\u1ea5t may m\u1eafn c\u00f3 m\u1ed9t h\u1ed9i \u0111\u1ed3ng xu\u1ea5t s\u1eafc v\u1edbi nh\u1eefng k\u1ef9 n\u0103ng v\u00e0 kinh nghi\u1ec7m \u0111a d\u1ea1ng. H\u1ecd c\u00f9ng nhau \u0111\u00f3ng g\u00f3p v\u00e0o nh\u1eefng thay \u0111\u1ed5i t\u00edch c\u1ef1c cho tr\u1ebb em kh\u00f3 kh\u0103n \u1edf Vi\u1ec7t Nam. T\u1ea5t c\u1ea3 \u1ee7y\u00a0vi\u00ean trong h\u1ed9i \u0111\u1ed3ng \u0111\u1ec1u h\u1ecdat \u0111\u1ed9ng d\u01b0\u1edbi t\u01b0 c\u00e1ch t\u00ecnh nguy\u1ec7n vi\u00ean v\u00e0 [&hellip;]<\/p>\n","protected":false},"author":1,"featured_media":0,"parent":318,"menu_order":0,"comment_status":"closed","ping_status":"closed","template":"","meta":[],"yoast_head":"<!-- This site is optimized with the Yoast SEO plugin v15.8 - https:\/\/yoast.com\/wordpress\/plugins\/seo\/ -->\n<meta name=\"robots\" content=\"index, follow, max-snippet:-1, max-image-preview:large, max-video-preview:-1\" \/>\n<link rel=\"canonical\" href=\"https:\/\/www.saigonchildren.com\/about-us\/our-team\/board-of-trustees\/\" \/>\n<meta property=\"og:locale\" content=\"vi_VN\" \/>\n<meta property=\"og:type\" content=\"article\" \/>\n<meta property=\"og:title\" content=\"Chairman &amp; Trustees\" \/>\n<meta property=\"og:description\" content=\"We have an\u00a0experienced\u00a0Board of Trustees with a wide range of skills and experience.\u00a0 They are united around their commitment to helping bring positive change to disadvantaged children in Vietnam. All of\u00a0our trustees serve as volunteers and receive no payment for their work.\u00a0\" \/>\n<meta property=\"og:url\" content=\"https:\/\/www.saigonchildren.com\/about-us\/our-team\/board-of-trustees\/\" \/>\n<meta property=\"og:site_name\" content=\"Saigon Children\u2019s Charity CIO\" \/>\n<meta property=\"article:modified_time\" content=\"2026-02-10T07:14:15+00:00\" \/>\n<meta property=\"og:image\" content=\"https:\/\/www.saigonchildren.com\/wp-content\/uploads\/2023\/04\/SC_blue_200.png\" \/>\n\t<meta property=\"og:image:width\" content=\"200\" \/>\n\t<meta property=\"og:image:height\" content=\"200\" \/>\n<meta name=\"twitter:card\" content=\"summary\" \/>\n<meta name=\"twitter:title\" content=\"Chairman &amp; Trustees\" \/>\n<meta name=\"twitter:description\" content=\"We have an\u00a0experienced\u00a0Board of Trustees with a wide range of skills and experience.\u00a0 They are united around their commitment to helping bring positive change to disadvantaged children in Vietnam. All of\u00a0our trustees serve as volunteers and receive no payment for their work.\u00a0\" \/>\n<meta name=\"twitter:image\" content=\"https:\/\/www.saigonchildren.com\/wp-content\/uploads\/2023\/04\/SC_blue_200.png\" \/>\n<meta name=\"twitter:label1\" content=\"Est. reading time\">\n\t<meta name=\"twitter:data1\" content=\"1 ph\u00fat\">\n<script type=\"application\/ld+json\" class=\"yoast-schema-graph\">{\"@context\":\"https:\/\/schema.org\",\"@graph\":[{\"@type\":\"WebSite\",\"@id\":\"https:\/\/www.saigonchildren.com\/#website\",\"url\":\"https:\/\/www.saigonchildren.com\/\",\"name\":\"Saigon Children\\u2019s Charity CIO\",\"description\":\"Eliminating Poverty through Education\",\"potentialAction\":[{\"@type\":\"SearchAction\",\"target\":\"https:\/\/www.saigonchildren.com\/?s={search_term_string}\",\"query-input\":\"required name=search_term_string\"}],\"inLanguage\":\"vi\"},{\"@type\":\"WebPage\",\"@id\":\"https:\/\/www.saigonchildren.com\/about-us\/our-team\/board-of-trustees\/#webpage\",\"url\":\"https:\/\/www.saigonchildren.com\/about-us\/our-team\/board-of-trustees\/\",\"name\":\"H\\u1ed9i \\u0111\\u1ed3ng t\\u00edn th\\u00e1c - Saigon Children\\u2019s Charity CIO\",\"isPartOf\":{\"@id\":\"https:\/\/www.saigonchildren.com\/#website\"},\"datePublished\":\"2017-11-20T09:21:29+00:00\",\"dateModified\":\"2026-02-10T07:14:15+00:00\",\"breadcrumb\":{\"@id\":\"https:\/\/www.saigonchildren.com\/about-us\/our-team\/board-of-trustees\/#breadcrumb\"},\"inLanguage\":\"vi\",\"potentialAction\":[{\"@type\":\"ReadAction\",\"target\":[\"https:\/\/www.saigonchildren.com\/about-us\/our-team\/board-of-trustees\/\"]}]},{\"@type\":\"BreadcrumbList\",\"@id\":\"https:\/\/www.saigonchildren.com\/about-us\/our-team\/board-of-trustees\/#breadcrumb\",\"itemListElement\":[{\"@type\":\"ListItem\",\"position\":1,\"item\":{\"@type\":\"WebPage\",\"@id\":\"https:\/\/www.saigonchildren.com\/\",\"url\":\"https:\/\/www.saigonchildren.com\/\",\"name\":\"Home\"}},{\"@type\":\"ListItem\",\"position\":2,\"item\":{\"@type\":\"WebPage\",\"@id\":\"https:\/\/www.saigonchildren.com\/about-us\/\",\"url\":\"https:\/\/www.saigonchildren.com\/about-us\/\",\"name\":\"About Us\"}},{\"@type\":\"ListItem\",\"position\":3,\"item\":{\"@type\":\"WebPage\",\"@id\":\"https:\/\/www.saigonchildren.com\/about-us\/our-team\/\",\"url\":\"https:\/\/www.saigonchildren.com\/about-us\/our-team\/\",\"name\":\"Our Team\"}},{\"@type\":\"ListItem\",\"position\":4,\"item\":{\"@type\":\"WebPage\",\"@id\":\"https:\/\/www.saigonchildren.com\/about-us\/our-team\/board-of-trustees\/\",\"url\":\"https:\/\/www.saigonchildren.com\/about-us\/our-team\/board-of-trustees\/\",\"name\":\"Chairman &#038; Trustees\"}}]}]}<\/script>\n<!-- \/ Yoast SEO plugin. -->","_links":{"self":[{"href":"https:\/\/www.saigonchildren.com\/vi\/wp-json\/wp\/v2\/pages\/320"}],"collection":[{"href":"https:\/\/www.saigonchildren.com\/vi\/wp-json\/wp\/v2\/pages"}],"about":[{"href":"https:\/\/www.saigonchildren.com\/vi\/wp-json\/wp\/v2\/types\/page"}],"author":[{"embeddable":true,"href":"https:\/\/www.saigonchildren.com\/vi\/wp-json\/wp\/v2\/users\/1"}],"replies":[{"embeddable":true,"href":"https:\/\/www.saigonchildren.com\/vi\/wp-json\/wp\/v2\/comments?post=320"}],"version-history":[{"count":127,"href":"https:\/\/www.saigonchildren.com\/vi\/wp-json\/wp\/v2\/pages\/320\/revisions"}],"predecessor-version":[{"id":10143,"href":"https:\/\/www.saigonchildren.com\/vi\/wp-json\/wp\/v2\/pages\/320\/revisions\/10143"}],"up":[{"embeddable":true,"href":"https:\/\/www.saigonchildren.com\/vi\/wp-json\/wp\/v2\/pages\/318"}],"wp:attachment":[{"href":"https:\/\/www.saigonchildren.com\/vi\/wp-json\/wp\/v2\/media?parent=320"}],"curies":[{"name":"wp","href":"https:\/\/api.w.org\/{rel}","templated":true}]}}