{"id":326,"date":"2017-11-20T09:22:43","date_gmt":"2017-11-20T09:22:43","guid":{"rendered":"http:\/\/new.saigonchildren.com\/?page_id=326"},"modified":"2026-01-22T14:44:20","modified_gmt":"2026-01-22T07:44:20","slug":"join-our-team","status":"publish","type":"page","link":"https:\/\/www.saigonchildren.com\/vi\/about-us\/our-team\/join-our-team\/","title":{"rendered":"Tuy\u1ec3n d\u1ee5ng"},"content":{"rendered":"<p><span style=\"font-family: arial, helvetica, sans-serif;\"><strong><span style=\"color: #00ccff;\">Saigonchildren<\/span><\/strong> l\u00e0 m\u1ed9t t\u1ed5 ch\u1ee9c phi ch\u00ednh ph\u1ee7 qu\u1ed1c t\u1ebf ho\u1ea1t \u0111\u1ed9ng t\u1ea1i Vi\u1ec7t Nam, cam k\u1ebft th\u1ef1c hi\u1ec7n s\u1ee9 m\u1ec7nh &#8220;g\u1ee1 b\u1ecf r\u00e0o c\u1ea3n \u0111\u1ebfn v\u1edbi gi\u00e1o d\u1ee5c&#8221; cho tr\u1ebb em c\u00f3 xu\u1ea5t ph\u00e1t \u0111i\u1ec3m thi\u1ec7t th\u00f2i. Ch\u00fang t\u00f4i t\u1ef1 h\u00e0o v\u1ec1 m\u00f4i tr\u01b0\u1eddng l\u00e0m vi\u1ec7c c\u1edfi m\u1edf, th\u00e2n thi\u1ec7n v\u00e0 h\u1ebft m\u00ecnh h\u1ed7 tr\u1ee3 l\u1eabn nhau. T\u1ea1i saigonchildren, b\u1ea1n s\u1ebd c\u00f3 c\u01a1 h\u1ed9i c\u1ed9ng t\u00e1c v\u1edbi nh\u1eefng t\u1ed5 ch\u1ee9c chuy\u00ean nghi\u1ec7p v\u00e0 nh\u1eefng c\u00e1 nh\u00e2n t\u00e0i n\u0103ng \u0111\u1ec3 g\u00f3p ph\u1ea7n c\u1ea3i thi\u1ec7n cu\u1ed9c s\u1ed1ng cho tr\u1ebb em kh\u00f3 kh\u0103n tr\u00ean kh\u1eafp Vi\u1ec7t Nam.<\/span><\/p>\n<p>&nbsp;<\/p>\n<p><strong>C\u00e1n b\u1ed9 Ph\u00e1t tri\u1ec3n Quan h\u1ec7 \u0110\u1ed1i t\u00e1c<\/strong><\/p>\n<ul>\n<li>M\u00f4 t\u1ea3 c\u00f4ng vi\u1ec7c v\u00e0 c\u00e1ch th\u1ee9c \u1ee9ng tuy\u1ec3n: <a href=\"https:\/\/www.saigonchildren.com\/wp-content\/uploads\/2026\/01\/2026_JD_Institutional-Partnerships-Officer.pdf\">JD_Institutional-Partnerships-Officer<\/a><\/li>\n<li>Th\u1eddi h\u1ea1n: \u0110\u1ebfn h\u1ebft ng\u00e0y 06.02.2026.<\/li>\n<\/ul>\n<p><\/p>","protected":false},"excerpt":{"rendered":"<p>Saigonchildren l\u00e0 m\u1ed9t t\u1ed5 ch\u1ee9c phi ch\u00ednh ph\u1ee7 qu\u1ed1c t\u1ebf ho\u1ea1t \u0111\u1ed9ng t\u1ea1i Vi\u1ec7t Nam, cam k\u1ebft th\u1ef1c hi\u1ec7n s\u1ee9 m\u1ec7nh &#8220;g\u1ee1 b\u1ecf r\u00e0o c\u1ea3n \u0111\u1ebfn v\u1edbi gi\u00e1o d\u1ee5c&#8221; cho tr\u1ebb em c\u00f3 xu\u1ea5t ph\u00e1t \u0111i\u1ec3m thi\u1ec7t th\u00f2i. Ch\u00fang t\u00f4i t\u1ef1 h\u00e0o v\u1ec1 m\u00f4i tr\u01b0\u1eddng l\u00e0m vi\u1ec7c c\u1edfi m\u1edf, th\u00e2n thi\u1ec7n v\u00e0 h\u1ebft m\u00ecnh h\u1ed7 [&hellip;]<\/p>\n","protected":false},"author":1,"featured_media":0,"parent":318,"menu_order":4,"comment_status":"closed","ping_status":"closed","template":"","meta":[],"yoast_head":"<!-- This site is optimized with the Yoast SEO plugin v15.8 - https:\/\/yoast.com\/wordpress\/plugins\/seo\/ -->\n<meta name=\"robots\" content=\"index, follow, max-snippet:-1, max-image-preview:large, max-video-preview:-1\" \/>\n<link rel=\"canonical\" href=\"https:\/\/www.saigonchildren.com\/about-us\/our-team\/join-our-team\/\" \/>\n<meta property=\"og:locale\" content=\"vi_VN\" \/>\n<meta property=\"og:type\" content=\"article\" \/>\n<meta property=\"og:title\" content=\"Tuy\u1ec3n d\u1ee5ng - Saigon Children\u2019s Charity CIO\" \/>\n<meta property=\"og:description\" content=\"Saigonchildren l\u00e0 m\u1ed9t t\u1ed5 ch\u1ee9c phi ch\u00ednh ph\u1ee7 qu\u1ed1c t\u1ebf ho\u1ea1t \u0111\u1ed9ng t\u1ea1i Vi\u1ec7t Nam, cam k\u1ebft th\u1ef1c hi\u1ec7n s\u1ee9 m\u1ec7nh &#8220;g\u1ee1 b\u1ecf r\u00e0o c\u1ea3n \u0111\u1ebfn v\u1edbi gi\u00e1o d\u1ee5c&#8221; cho tr\u1ebb em c\u00f3 xu\u1ea5t ph\u00e1t \u0111i\u1ec3m thi\u1ec7t th\u00f2i. Ch\u00fang t\u00f4i t\u1ef1 h\u00e0o v\u1ec1 m\u00f4i tr\u01b0\u1eddng l\u00e0m vi\u1ec7c c\u1edfi m\u1edf, th\u00e2n thi\u1ec7n v\u00e0 h\u1ebft m\u00ecnh h\u1ed7 [&hellip;]\" \/>\n<meta property=\"og:url\" content=\"https:\/\/www.saigonchildren.com\/about-us\/our-team\/join-our-team\/\" \/>\n<meta property=\"og:site_name\" content=\"Saigon Children\u2019s Charity CIO\" \/>\n<meta property=\"article:modified_time\" content=\"2026-01-22T07:44:20+00:00\" \/>\n<meta property=\"og:image\" content=\"https:\/\/www.saigonchildren.com\/wp-content\/uploads\/2017\/12\/5-3.jpg\" \/>\n\t<meta property=\"og:image:width\" content=\"1866\" \/>\n\t<meta property=\"og:image:height\" content=\"698\" \/>\n<meta name=\"twitter:card\" content=\"summary\" \/>\n<meta name=\"twitter:image\" content=\"https:\/\/www.saigonchildren.com\/wp-content\/uploads\/2017\/12\/5-3.jpg\" \/>\n<meta name=\"twitter:label1\" content=\"Est. reading time\">\n\t<meta name=\"twitter:data1\" content=\"1 ph\u00fat\">\n<script type=\"application\/ld+json\" class=\"yoast-schema-graph\">{\"@context\":\"https:\/\/schema.org\",\"@graph\":[{\"@type\":\"WebSite\",\"@id\":\"https:\/\/www.saigonchildren.com\/#website\",\"url\":\"https:\/\/www.saigonchildren.com\/\",\"name\":\"Saigon Children\\u2019s Charity CIO\",\"description\":\"Eliminating Poverty through Education\",\"potentialAction\":[{\"@type\":\"SearchAction\",\"target\":\"https:\/\/www.saigonchildren.com\/?s={search_term_string}\",\"query-input\":\"required name=search_term_string\"}],\"inLanguage\":\"vi\"},{\"@type\":\"WebPage\",\"@id\":\"https:\/\/www.saigonchildren.com\/about-us\/our-team\/join-our-team\/#webpage\",\"url\":\"https:\/\/www.saigonchildren.com\/about-us\/our-team\/join-our-team\/\",\"name\":\"Tuy\\u1ec3n d\\u1ee5ng - Saigon Children\\u2019s Charity CIO\",\"isPartOf\":{\"@id\":\"https:\/\/www.saigonchildren.com\/#website\"},\"datePublished\":\"2017-11-20T09:22:43+00:00\",\"dateModified\":\"2026-01-22T07:44:20+00:00\",\"breadcrumb\":{\"@id\":\"https:\/\/www.saigonchildren.com\/about-us\/our-team\/join-our-team\/#breadcrumb\"},\"inLanguage\":\"vi\",\"potentialAction\":[{\"@type\":\"ReadAction\",\"target\":[\"https:\/\/www.saigonchildren.com\/about-us\/our-team\/join-our-team\/\"]}]},{\"@type\":\"BreadcrumbList\",\"@id\":\"https:\/\/www.saigonchildren.com\/about-us\/our-team\/join-our-team\/#breadcrumb\",\"itemListElement\":[{\"@type\":\"ListItem\",\"position\":1,\"item\":{\"@type\":\"WebPage\",\"@id\":\"https:\/\/www.saigonchildren.com\/\",\"url\":\"https:\/\/www.saigonchildren.com\/\",\"name\":\"Home\"}},{\"@type\":\"ListItem\",\"position\":2,\"item\":{\"@type\":\"WebPage\",\"@id\":\"https:\/\/www.saigonchildren.com\/about-us\/\",\"url\":\"https:\/\/www.saigonchildren.com\/about-us\/\",\"name\":\"About Us\"}},{\"@type\":\"ListItem\",\"position\":3,\"item\":{\"@type\":\"WebPage\",\"@id\":\"https:\/\/www.saigonchildren.com\/about-us\/our-team\/\",\"url\":\"https:\/\/www.saigonchildren.com\/about-us\/our-team\/\",\"name\":\"Our Team\"}},{\"@type\":\"ListItem\",\"position\":4,\"item\":{\"@type\":\"WebPage\",\"@id\":\"https:\/\/www.saigonchildren.com\/about-us\/our-team\/join-our-team\/\",\"url\":\"https:\/\/www.saigonchildren.com\/about-us\/our-team\/join-our-team\/\",\"name\":\"Join Our Team\"}}]}]}<\/script>\n<!-- \/ Yoast SEO plugin. -->","_links":{"self":[{"href":"https:\/\/www.saigonchildren.com\/vi\/wp-json\/wp\/v2\/pages\/326"}],"collection":[{"href":"https:\/\/www.saigonchildren.com\/vi\/wp-json\/wp\/v2\/pages"}],"about":[{"href":"https:\/\/www.saigonchildren.com\/vi\/wp-json\/wp\/v2\/types\/page"}],"author":[{"embeddable":true,"href":"https:\/\/www.saigonchildren.com\/vi\/wp-json\/wp\/v2\/users\/1"}],"replies":[{"embeddable":true,"href":"https:\/\/www.saigonchildren.com\/vi\/wp-json\/wp\/v2\/comments?post=326"}],"version-history":[{"count":179,"href":"https:\/\/www.saigonchildren.com\/vi\/wp-json\/wp\/v2\/pages\/326\/revisions"}],"predecessor-version":[{"id":10086,"href":"https:\/\/www.saigonchildren.com\/vi\/wp-json\/wp\/v2\/pages\/326\/revisions\/10086"}],"up":[{"embeddable":true,"href":"https:\/\/www.saigonchildren.com\/vi\/wp-json\/wp\/v2\/pages\/318"}],"wp:attachment":[{"href":"https:\/\/www.saigonchildren.com\/vi\/wp-json\/wp\/v2\/media?parent=326"}],"curies":[{"name":"wp","href":"https:\/\/api.w.org\/{rel}","templated":true}]}}