{"id":328,"date":"2017-11-20T09:23:42","date_gmt":"2017-11-20T09:23:42","guid":{"rendered":"http:\/\/new.saigonchildren.com\/?page_id=328"},"modified":"2025-12-18T17:50:22","modified_gmt":"2025-12-18T10:50:22","slug":"financial-transparency","status":"publish","type":"page","link":"https:\/\/www.saigonchildren.com\/vi\/about-us\/financial-transparency\/","title":{"rendered":"Minh b\u1ea1ch t\u00e0i ch\u00ednh"},"content":{"rendered":"<p>Ch\u00fang t\u00f4i r\u1ea5t may m\u1eafn c\u00f3 m\u1ed9t h\u1ed9i \u0111\u1ed3ng xu\u1ea5t s\u1eafc v\u1edbi nh\u1eefng k\u1ef9 n\u0103ng v\u00e0 kinh nghi\u1ec7m \u0111a d\u1ea1ng. H\u1ecd c\u00f9ng nhau \u0111\u00f3ng g\u00f3p v\u00e0o nh\u1eefng thay \u0111\u1ed5i t\u00edch c\u1ef1c cho tr\u1ebb em kh\u00f3 kh\u0103n \u1edf Vi\u1ec7t Nam. T\u1ea5t c\u1ea3 \u1ee7y vi\u00ean trong h\u1ed9i \u0111\u1ed3ng \u0111\u1ec1u h\u1ecdat \u0111\u1ed9ng d\u01b0\u1edbi t\u01b0 c\u00e1ch l\u00e0 t\u00ecnh nguy\u1ec7n vi\u00ean v\u00e0 kh\u00f4ng h\u1ec1 nh\u1eadn b\u1ea5t k\u1ef3 kho\u1ea3n l\u01b0\u01a1ng n\u00e0o.<\/p>\n<p>C\u00e1c \u1ee7y vi\u00ean c\u00f3 tr\u00e1ch nhi\u1ec7m qu\u1ea3n l\u00fd saigonchildren, \u0111\u1ea3m b\u1ea3o m\u1ecdi c\u00f4ng vi\u1ec7c su\u00f4n s\u1ebb v\u00e0 ph\u1ee5c v\u1ee5 l\u1ee3i \u00edch c\u1ed9ng \u0111\u1ed3ng nh\u01b0 m\u1ee5c ti\u00eau \u0111\u00e3 \u0111\u1eb7t ra.<\/p>\n<p>Ngo\u00e0i ra, c\u00e1c \u1ee7y vi\u00ean \u0111\u1ea3m b\u1ea3o ho\u1ea1t \u0111\u1ed9ng c\u1ee7a saigonchildren tu\u00e2n theo lu\u1eadt t\u1eeb thi\u1ec7n Anh, lu\u1eadt ph\u00e1p Vi\u1ec7t Nam v\u00e0 c\u00e1c y\u00eau c\u1ea7u c\u1ee7a \u1ee6y Ban t\u1eeb thi\u1ec7n Anh.<\/p>\n<p>Sau c\u00f9ng, c\u00e1c \u1ee7y vi\u00ean \u0111\u1ec1u th\u1ed1ng nh\u1ea5t \u0111\u1ec3 \u0111\u1ea3m b\u1ea3o t\u00ednh to\u00e0n v\u1eb9n c\u1ee7a h\u1ed9i \u0111\u1ed3ng v\u00e0 tr\u00e1nh b\u1ea5t k\u1ef3 xung \u0111\u1ed9t c\u00e1 nh\u00e2n hay l\u1ea1m d\u1ee5ng t\u00e0i s\u1ea3n c\u1ee7a saigonchildren.<\/p>\n<ul>\n<li><a href=\"https:\/\/www.saigonchildren.com\/wp-content\/uploads\/2025\/12\/Annual-Report-2024-VI-Updated.pdf\">B\u00e1o c\u00e1o ho\u1ea1t \u0111\u1ed9ng 2024 (ti\u1ebfng Vi\u1ec7t)<\/a><\/li>\n<li><a href=\"https:\/\/www.saigonchildren.com\/wp-content\/uploads\/2024\/09\/Annual-report-2023-_VI.pdf\">B\u00e1o c\u00e1o ho\u1ea1t \u0111\u1ed9ng 2023 (ti\u1ebfng Vi\u1ec7t)<\/a><\/li>\n<li><a href=\"https:\/\/www.saigonchildren.com\/wp-content\/uploads\/2024\/01\/Annual-report-2022-EN.pdf\">B\u00e1o c\u00e1o ho\u1ea1t \u0111\u1ed9ng 2022<\/a><\/li>\n<li><a href=\"https:\/\/www.saigonchildren.com\/wp-content\/uploads\/2022\/11\/Annual-report-2021.pdf\">B\u00e1o c\u00e1o ho\u1ea1t \u0111\u1ed9ng 2021<\/a><\/li>\n<li><a href=\"https:\/\/www.saigonchildren.com\/wp-content\/uploads\/2022\/11\/Annual-Report-2020.pdf\">B\u00e1o c\u00e1o ho\u1ea1t \u0111\u1ed9ng 2020<\/a><\/li>\n<\/ul>\n<p>&nbsp;<\/p>\n<ul>\n<li><a href=\"https:\/\/www.saigonchildren.com\/wp-content\/uploads\/2025\/10\/Financial_Statement_For_2024.pdf\">B\u00e1o c\u00e1o t\u00e0i ch\u00ednh n\u0103m 2024<\/a><\/li>\n<li><a href=\"https:\/\/www.saigonchildren.com\/wp-content\/uploads\/2024\/09\/Financial_Statement_for_2023.pdf\">B\u00e1o c\u00e1o t\u00e0i ch\u00ednh n\u0103m 2023<\/a><\/li>\n<li><a href=\"https:\/\/www.saigonchildren.com\/wp-content\/uploads\/2023\/10\/Financial_Statement_for_2022.pdf\" target=\"\" rel=\"noopener noreferrer\">B\u00e1o c\u00e1o t\u00e0i ch\u00ednh n\u0103m 2022<\/a><\/li>\n<li><a href=\"https:\/\/www.saigonchildren.com\/wp-content\/uploads\/2022\/10\/Financial_Statement_for_2021.pdf\" target=\"\" rel=\"noopener noreferrer\">B\u00e1o c\u00e1o t\u00e0i ch\u00ednh n\u0103m 2021<\/a><\/li>\n<li><a href=\"https:\/\/www.saigonchildren.com\/wp-content\/uploads\/2021\/10\/KPMG_Annual_Report_2020.pdf\" target=\"_blank\" rel=\"noopener noreferrer\">B\u00e1o c\u00e1o t\u00e0i ch\u00ednh n\u0103m 2020<\/a><\/li>\n<li><a href=\"https:\/\/www.saigonchildren.com\/wp-content\/uploads\/2020\/07\/KPMG_Annual_Report_2019.pdf\" target=\"_blank\" rel=\"noopener noreferrer\">B\u00e1o c\u00e1o t\u00e0i ch\u00ednh n\u0103m 2019<\/a><\/li>\n<li><a href=\"https:\/\/www.saigonchildren.com\/wp-content\/uploads\/2019\/08\/Annual-report-2018.pdf\" target=\"\" rel=\"noopener noreferrer\">B\u00e1o c\u00e1o t\u00e0i ch\u00ednh n\u0103m 2018<\/a><\/li>\n<li><a href=\"https:\/\/www.saigonchildren.com\/wp-content\/uploads\/2017\/11\/Bao-cao-tai-chinh-nam-2017.pdf\">B\u00e1o c\u00e1o t\u00e0i ch\u00ednh n\u0103m 2017<\/a><\/li>\n<li><a href=\"http:\/\/new.saigonchildren.com\/wp-content\/uploads\/2017\/12\/SC-FS2016-EN-Final.pdf\"><em>B\u00e1o c\u00e1o t\u00e0i ch\u00ednh n\u0103m 2016<\/em><\/a><\/li>\n<li><a href=\"http:\/\/new.saigonchildren.com\/wp-content\/uploads\/2017\/10\/SCC-FS2015-EN-Final.pdf\"><em>B\u00e1o c\u00e1o t\u00e0i ch\u00ednh n\u0103m 2015<\/em><\/a><\/li>\n<li><a href=\"http:\/\/new.saigonchildren.com\/wp-content\/uploads\/2017\/10\/SCC-FS2014-EN-Final.pdf\"><em>B\u00e1o c\u00e1o t\u00e0i ch\u00ednh n\u0103m 2014<\/em><\/a><\/li>\n<li><a href=\"http:\/\/new.saigonchildren.com\/wp-content\/uploads\/2017\/10\/SCC-FS2013-EN-Final.pdf\"><em>B\u00e1o c\u00e1o t\u00e0i ch\u00ednh n\u0103m 2013<\/em><\/a><\/li>\n<li><a href=\"http:\/\/new.saigonchildren.com\/wp-content\/uploads\/2017\/10\/AuditReport-2012.pdf\"><em>B\u00e1o c\u00e1o t\u00e0i ch\u00ednh n\u0103m 2012<\/em><\/a><\/li>\n<li><a href=\"http:\/\/new.saigonchildren.com\/wp-content\/uploads\/2017\/10\/SCC2011Accounts.pdf\"><em>B\u00e1o c\u00e1o t\u00e0i ch\u00ednh n\u0103m 2011<\/em><\/a><\/li>\n<li><a href=\"http:\/\/new.saigonchildren.com\/wp-content\/uploads\/2017\/10\/SCC2010Accounts.pdf\"><em>B\u00e1o c\u00e1o t\u00e0i ch\u00ednh n\u0103m 2010<\/em><\/a><\/li>\n<\/ul>\n<p>\u0110\u1ec3 bi\u1ebft th\u00eam chi ti\u1ebft xin vui l\u00f2ng truy c\u1eadp v\u00e0o s\u1ed5 s\u00e1ch k\u1ebf to\u00e1n saigonchildren t\u1ea1i <a href=\"http:\/\/apps.charitycommission.gov.uk\/Showcharity\/RegisterOfCharities\/registerhomepage.aspx\">\u1ee6y ban t\u1eeb thi\u1ec7n Anh<\/a><\/p>","protected":false},"excerpt":{"rendered":"<p>Ch\u00fang t\u00f4i r\u1ea5t may m\u1eafn c\u00f3 m\u1ed9t h\u1ed9i \u0111\u1ed3ng xu\u1ea5t s\u1eafc v\u1edbi nh\u1eefng k\u1ef9 n\u0103ng v\u00e0 kinh nghi\u1ec7m \u0111a d\u1ea1ng. H\u1ecd c\u00f9ng nhau \u0111\u00f3ng g\u00f3p v\u00e0o nh\u1eefng thay \u0111\u1ed5i t\u00edch c\u1ef1c cho tr\u1ebb em kh\u00f3 kh\u0103n \u1edf Vi\u1ec7t Nam. T\u1ea5t c\u1ea3 \u1ee7y vi\u00ean trong h\u1ed9i \u0111\u1ed3ng \u0111\u1ec1u h\u1ecdat \u0111\u1ed9ng d\u01b0\u1edbi t\u01b0 c\u00e1ch l\u00e0 t\u00ecnh nguy\u1ec7n [&hellip;]<\/p>\n","protected":false},"author":1,"featured_media":0,"parent":103,"menu_order":3,"comment_status":"closed","ping_status":"closed","template":"","meta":[],"yoast_head":"<!-- This site is optimized with the Yoast SEO plugin v15.8 - https:\/\/yoast.com\/wordpress\/plugins\/seo\/ -->\n<meta name=\"robots\" content=\"index, follow, max-snippet:-1, max-image-preview:large, max-video-preview:-1\" \/>\n<link rel=\"canonical\" href=\"https:\/\/www.saigonchildren.com\/about-us\/financial-transparency\/\" \/>\n<meta property=\"og:locale\" content=\"vi_VN\" \/>\n<meta property=\"og:type\" content=\"article\" \/>\n<meta property=\"og:title\" content=\"Financial Transparency\" \/>\n<meta property=\"og:description\" content=\"Being open about how we spend money is important. It is why our donors trust us, and one of the main reasons that many of our donors have supported our work for decades.\" \/>\n<meta property=\"og:url\" content=\"https:\/\/www.saigonchildren.com\/about-us\/financial-transparency\/\" \/>\n<meta property=\"og:site_name\" content=\"Saigon Children\u2019s Charity CIO\" \/>\n<meta property=\"article:modified_time\" content=\"2025-12-18T10:50:22+00:00\" \/>\n<meta property=\"og:image\" content=\"https:\/\/www.saigonchildren.com\/wp-content\/uploads\/2023\/04\/SC_blue_200.png\" \/>\n\t<meta property=\"og:image:width\" content=\"200\" \/>\n\t<meta property=\"og:image:height\" content=\"200\" \/>\n<meta name=\"twitter:card\" content=\"summary\" \/>\n<meta name=\"twitter:title\" content=\"Financial Transparency\" \/>\n<meta name=\"twitter:description\" content=\"Being open about how we spend money is important. It is why our donors trust us, and one of the main reasons that many of our donors have supported our work for decades.\" \/>\n<meta name=\"twitter:image\" content=\"https:\/\/www.saigonchildren.com\/wp-content\/uploads\/2023\/04\/SC_blue_200.png\" \/>\n<meta name=\"twitter:label1\" content=\"Est. reading time\">\n\t<meta name=\"twitter:data1\" content=\"3 ph\u00fat\">\n<script type=\"application\/ld+json\" class=\"yoast-schema-graph\">{\"@context\":\"https:\/\/schema.org\",\"@graph\":[{\"@type\":\"WebSite\",\"@id\":\"https:\/\/www.saigonchildren.com\/#website\",\"url\":\"https:\/\/www.saigonchildren.com\/\",\"name\":\"Saigon Children\\u2019s Charity CIO\",\"description\":\"Eliminating Poverty through Education\",\"potentialAction\":[{\"@type\":\"SearchAction\",\"target\":\"https:\/\/www.saigonchildren.com\/?s={search_term_string}\",\"query-input\":\"required name=search_term_string\"}],\"inLanguage\":\"vi\"},{\"@type\":\"WebPage\",\"@id\":\"https:\/\/www.saigonchildren.com\/about-us\/financial-transparency\/#webpage\",\"url\":\"https:\/\/www.saigonchildren.com\/about-us\/financial-transparency\/\",\"name\":\"Minh b\\u1ea1ch t\\u00e0i ch\\u00ednh - Saigon Children\\u2019s Charity CIO\",\"isPartOf\":{\"@id\":\"https:\/\/www.saigonchildren.com\/#website\"},\"datePublished\":\"2017-11-20T09:23:42+00:00\",\"dateModified\":\"2025-12-18T10:50:22+00:00\",\"breadcrumb\":{\"@id\":\"https:\/\/www.saigonchildren.com\/about-us\/financial-transparency\/#breadcrumb\"},\"inLanguage\":\"vi\",\"potentialAction\":[{\"@type\":\"ReadAction\",\"target\":[\"https:\/\/www.saigonchildren.com\/about-us\/financial-transparency\/\"]}]},{\"@type\":\"BreadcrumbList\",\"@id\":\"https:\/\/www.saigonchildren.com\/about-us\/financial-transparency\/#breadcrumb\",\"itemListElement\":[{\"@type\":\"ListItem\",\"position\":1,\"item\":{\"@type\":\"WebPage\",\"@id\":\"https:\/\/www.saigonchildren.com\/\",\"url\":\"https:\/\/www.saigonchildren.com\/\",\"name\":\"Home\"}},{\"@type\":\"ListItem\",\"position\":2,\"item\":{\"@type\":\"WebPage\",\"@id\":\"https:\/\/www.saigonchildren.com\/about-us\/\",\"url\":\"https:\/\/www.saigonchildren.com\/about-us\/\",\"name\":\"About Us\"}},{\"@type\":\"ListItem\",\"position\":3,\"item\":{\"@type\":\"WebPage\",\"@id\":\"https:\/\/www.saigonchildren.com\/about-us\/financial-transparency\/\",\"url\":\"https:\/\/www.saigonchildren.com\/about-us\/financial-transparency\/\",\"name\":\"Financial Transparency\"}}]}]}<\/script>\n<!-- \/ Yoast SEO plugin. -->","_links":{"self":[{"href":"https:\/\/www.saigonchildren.com\/vi\/wp-json\/wp\/v2\/pages\/328"}],"collection":[{"href":"https:\/\/www.saigonchildren.com\/vi\/wp-json\/wp\/v2\/pages"}],"about":[{"href":"https:\/\/www.saigonchildren.com\/vi\/wp-json\/wp\/v2\/types\/page"}],"author":[{"embeddable":true,"href":"https:\/\/www.saigonchildren.com\/vi\/wp-json\/wp\/v2\/users\/1"}],"replies":[{"embeddable":true,"href":"https:\/\/www.saigonchildren.com\/vi\/wp-json\/wp\/v2\/comments?post=328"}],"version-history":[{"count":43,"href":"https:\/\/www.saigonchildren.com\/vi\/wp-json\/wp\/v2\/pages\/328\/revisions"}],"predecessor-version":[{"id":10024,"href":"https:\/\/www.saigonchildren.com\/vi\/wp-json\/wp\/v2\/pages\/328\/revisions\/10024"}],"up":[{"embeddable":true,"href":"https:\/\/www.saigonchildren.com\/vi\/wp-json\/wp\/v2\/pages\/103"}],"wp:attachment":[{"href":"https:\/\/www.saigonchildren.com\/vi\/wp-json\/wp\/v2\/media?parent=328"}],"curies":[{"name":"wp","href":"https:\/\/api.w.org\/{rel}","templated":true}]}}