{"id":330,"date":"2017-11-20T09:24:18","date_gmt":"2017-11-20T09:24:18","guid":{"rendered":"http:\/\/new.saigonchildren.com\/?page_id=330"},"modified":"2024-08-29T11:14:10","modified_gmt":"2024-08-29T04:14:10","slug":"child-protecttion-policy","status":"publish","type":"page","link":"https:\/\/www.saigonchildren.com\/vi\/about-us\/child-protecttion-policy\/","title":{"rendered":"Ch\u00ednh s\u00e1ch B\u1ea3o v\u1ec7 Tr\u1ebb em"},"content":{"rendered":"<p><\/p>\n<div>L\u00e0 t\u1ed5 ch\u1ee9c l\u00e0m vi\u1ec7c v\u1edbi tr\u1ebb em v\u00e0 cam k\u1ebft mang l\u1ea1i nh\u1eefng \u0111i\u1ec1u ki\u1ec7n t\u1ed1t nh\u1ea5t cho tr\u1ebb em trong kh\u1ea3 n\u0103ng c\u1ee7a m\u00ecnh, saigonchildren\u00a0 ph\u00e1t tri\u1ec3n m\u1ed9t Ch\u00ednh s\u00e1ch B\u1ea3o v\u1ec7 tr\u1ebb em (CPP) nh\u1eb1m:<\/div>\n<ol>\n<li>N\u00e2ng cao nh\u1eadn th\u1ee9c v\u1ec1 n\u1ea1n x\u00e2m h\u1ea1i tr\u1ebb em trong nh\u00e2n vi\u00ean v\u00e0 \u0111\u1ed1i t\u00e1c<\/li>\n<li>Nh\u1eadn bi\u1ebft nguy c\u01a1 v\u00e0 nh\u1eefng tr\u01b0\u1eddng h\u1ee3p b\u1ecb nghi ng\u1edd l\u00e0 x\u00e2m h\u1ea1i tr\u1ebb em<\/li>\n<li>H\u01b0\u1edbng d\u1eabn c\u00e1c bi\u1ec7n ph\u00e1p b\u1ea3o v\u1ec7 tr\u1ebb em<\/li>\n<\/ol>\n<div>\u0110\u1ec3 th\u1ef1c hi\u1ec7n nh\u1eefng cam k\u1ebft n\u00e0y v\u00e0 h\u1ed7 tr\u1ee3 vi\u1ec7c th\u1ef1c hi\u1ec7n Ch\u00ednh s\u00e1ch b\u1ea3o v\u1ec7 tr\u1ebb em, \u0111\u1eb7c bi\u1ec7t trong vi\u1ec7c ph\u00f2ng ch\u1ed1ng v\u00e0 \u0111\u00e1p \u1ee9ng nh\u1eefng v\u1ea5n \u0111\u1ec1 x\u00e2m h\u1ea1i tr\u1ebb em,\u00a0 saigonchildren ban h\u00e0nh &#8216;Cam k\u1ebft b\u1ea3o v\u1ec7 tr\u1ebb em&#8217; gi\u1eefa ng\u01b0\u1eddi l\u1edbn v\u00e0 tr\u1ebb em trong c\u00e1c ho\u1ea1t \u0111\u1ed9ng c\u1ee7a saigonchildren. C\u00e1c quy tr\u00ecnh v\u00e0 quy t\u1eafc n\u00e0y s\u1ebd h\u1ed7 tr\u1ee3 nh\u00e2n vi\u00ean, t\u00ecnh nguy\u1ec7n vi\u00ean, nh\u00e0 t\u00e0i tr\u1ee3 v\u00e0 \u0111\u1ed1i t\u00e1c c\u1ee7a saigonchildren hi\u1ec3u \u0111\u01b0\u1ee3c CPP v\u00e0 tr\u00e1ch nhi\u1ec7m c\u1ee7a h\u1ecd trong v\u1ea5n \u0111\u1ec1 n\u00e0y c\u0169ng nh\u01b0 quy tr\u00ecnh b\u00e1o c\u00e1o c\u00e1c v\u1ea5n \u0111\u1ec1 c\u00f3 li\u00ean quan.<\/div>\n<div><\/div>\n<div><span style=\"color: #00ccff;\"><em>Xem th\u00eam\u00a0<a href=\"https:\/\/saigonchildren.com\/download2\/CPP_ChildProtectionPolicy_VN.pdf\">Ch\u00ednh S\u00e1ch B\u1ea3o V\u1ec7 Tr\u1ebb Em C\u1ee7a saigonchildren<\/a><\/em><\/span><\/div>\n<p><\/p>","protected":false},"excerpt":{"rendered":"<p>L\u00e0 t\u1ed5 ch\u1ee9c l\u00e0m vi\u1ec7c v\u1edbi tr\u1ebb em v\u00e0 cam k\u1ebft mang l\u1ea1i nh\u1eefng \u0111i\u1ec1u ki\u1ec7n t\u1ed1t nh\u1ea5t cho tr\u1ebb em trong kh\u1ea3 n\u0103ng c\u1ee7a m\u00ecnh, saigonchildren\u00a0 ph\u00e1t tri\u1ec3n m\u1ed9t Ch\u00ednh s\u00e1ch B\u1ea3o v\u1ec7 tr\u1ebb em (CPP) nh\u1eb1m: N\u00e2ng cao nh\u1eadn th\u1ee9c v\u1ec1 n\u1ea1n x\u00e2m h\u1ea1i tr\u1ebb em trong nh\u00e2n vi\u00ean v\u00e0 \u0111\u1ed1i t\u00e1c Nh\u1eadn [&hellip;]<\/p>\n","protected":false},"author":1,"featured_media":0,"parent":103,"menu_order":4,"comment_status":"closed","ping_status":"closed","template":"","meta":[],"yoast_head":"<!-- This site is optimized with the Yoast SEO plugin v15.8 - https:\/\/yoast.com\/wordpress\/plugins\/seo\/ -->\n<meta name=\"robots\" content=\"index, follow, max-snippet:-1, max-image-preview:large, max-video-preview:-1\" \/>\n<link rel=\"canonical\" href=\"https:\/\/www.saigonchildren.com\/about-us\/child-protecttion-policy\/\" \/>\n<meta property=\"og:locale\" content=\"vi_VN\" \/>\n<meta property=\"og:type\" content=\"article\" \/>\n<meta property=\"og:title\" content=\"Ch\u00ednh s\u00e1ch B\u1ea3o v\u1ec7 Tr\u1ebb em - Saigon Children\u2019s Charity CIO\" \/>\n<meta property=\"og:description\" content=\"L\u00e0 t\u1ed5 ch\u1ee9c l\u00e0m vi\u1ec7c v\u1edbi tr\u1ebb em v\u00e0 cam k\u1ebft mang l\u1ea1i nh\u1eefng \u0111i\u1ec1u ki\u1ec7n t\u1ed1t nh\u1ea5t cho tr\u1ebb em trong kh\u1ea3 n\u0103ng c\u1ee7a m\u00ecnh, saigonchildren\u00a0 ph\u00e1t tri\u1ec3n m\u1ed9t Ch\u00ednh s\u00e1ch B\u1ea3o v\u1ec7 tr\u1ebb em (CPP) nh\u1eb1m: N\u00e2ng cao nh\u1eadn th\u1ee9c v\u1ec1 n\u1ea1n x\u00e2m h\u1ea1i tr\u1ebb em trong nh\u00e2n vi\u00ean v\u00e0 \u0111\u1ed1i t\u00e1c Nh\u1eadn [&hellip;]\" \/>\n<meta property=\"og:url\" content=\"https:\/\/www.saigonchildren.com\/about-us\/child-protecttion-policy\/\" \/>\n<meta property=\"og:site_name\" content=\"Saigon Children\u2019s Charity CIO\" \/>\n<meta property=\"article:modified_time\" content=\"2024-08-29T04:14:10+00:00\" \/>\n<meta name=\"twitter:card\" content=\"summary\" \/>\n<meta name=\"twitter:label1\" content=\"Est. reading time\">\n\t<meta name=\"twitter:data1\" content=\"1 ph\u00fat\">\n<script type=\"application\/ld+json\" class=\"yoast-schema-graph\">{\"@context\":\"https:\/\/schema.org\",\"@graph\":[{\"@type\":\"WebSite\",\"@id\":\"https:\/\/www.saigonchildren.com\/#website\",\"url\":\"https:\/\/www.saigonchildren.com\/\",\"name\":\"Saigon Children\\u2019s Charity CIO\",\"description\":\"Eliminating Poverty through Education\",\"potentialAction\":[{\"@type\":\"SearchAction\",\"target\":\"https:\/\/www.saigonchildren.com\/?s={search_term_string}\",\"query-input\":\"required name=search_term_string\"}],\"inLanguage\":\"vi\"},{\"@type\":\"WebPage\",\"@id\":\"https:\/\/www.saigonchildren.com\/about-us\/child-protecttion-policy\/#webpage\",\"url\":\"https:\/\/www.saigonchildren.com\/about-us\/child-protecttion-policy\/\",\"name\":\"Ch\\u00ednh s\\u00e1ch B\\u1ea3o v\\u1ec7 Tr\\u1ebb em - Saigon Children\\u2019s Charity CIO\",\"isPartOf\":{\"@id\":\"https:\/\/www.saigonchildren.com\/#website\"},\"datePublished\":\"2017-11-20T09:24:18+00:00\",\"dateModified\":\"2024-08-29T04:14:10+00:00\",\"breadcrumb\":{\"@id\":\"https:\/\/www.saigonchildren.com\/about-us\/child-protecttion-policy\/#breadcrumb\"},\"inLanguage\":\"vi\",\"potentialAction\":[{\"@type\":\"ReadAction\",\"target\":[\"https:\/\/www.saigonchildren.com\/about-us\/child-protecttion-policy\/\"]}]},{\"@type\":\"BreadcrumbList\",\"@id\":\"https:\/\/www.saigonchildren.com\/about-us\/child-protecttion-policy\/#breadcrumb\",\"itemListElement\":[{\"@type\":\"ListItem\",\"position\":1,\"item\":{\"@type\":\"WebPage\",\"@id\":\"https:\/\/www.saigonchildren.com\/\",\"url\":\"https:\/\/www.saigonchildren.com\/\",\"name\":\"Home\"}},{\"@type\":\"ListItem\",\"position\":2,\"item\":{\"@type\":\"WebPage\",\"@id\":\"https:\/\/www.saigonchildren.com\/about-us\/\",\"url\":\"https:\/\/www.saigonchildren.com\/about-us\/\",\"name\":\"About Us\"}},{\"@type\":\"ListItem\",\"position\":3,\"item\":{\"@type\":\"WebPage\",\"@id\":\"https:\/\/www.saigonchildren.com\/about-us\/child-protecttion-policy\/\",\"url\":\"https:\/\/www.saigonchildren.com\/about-us\/child-protecttion-policy\/\",\"name\":\"Child Protection Policy\"}}]}]}<\/script>\n<!-- \/ Yoast SEO plugin. -->","_links":{"self":[{"href":"https:\/\/www.saigonchildren.com\/vi\/wp-json\/wp\/v2\/pages\/330"}],"collection":[{"href":"https:\/\/www.saigonchildren.com\/vi\/wp-json\/wp\/v2\/pages"}],"about":[{"href":"https:\/\/www.saigonchildren.com\/vi\/wp-json\/wp\/v2\/types\/page"}],"author":[{"embeddable":true,"href":"https:\/\/www.saigonchildren.com\/vi\/wp-json\/wp\/v2\/users\/1"}],"replies":[{"embeddable":true,"href":"https:\/\/www.saigonchildren.com\/vi\/wp-json\/wp\/v2\/comments?post=330"}],"version-history":[{"count":25,"href":"https:\/\/www.saigonchildren.com\/vi\/wp-json\/wp\/v2\/pages\/330\/revisions"}],"predecessor-version":[{"id":9408,"href":"https:\/\/www.saigonchildren.com\/vi\/wp-json\/wp\/v2\/pages\/330\/revisions\/9408"}],"up":[{"embeddable":true,"href":"https:\/\/www.saigonchildren.com\/vi\/wp-json\/wp\/v2\/pages\/103"}],"wp:attachment":[{"href":"https:\/\/www.saigonchildren.com\/vi\/wp-json\/wp\/v2\/media?parent=330"}],"curies":[{"name":"wp","href":"https:\/\/api.w.org\/{rel}","templated":true}]}}