{"id":347,"date":"2017-11-20T09:39:31","date_gmt":"2017-11-20T09:39:31","guid":{"rendered":"http:\/\/new.saigonchildren.com\/?page_id=347"},"modified":"2024-04-24T13:59:54","modified_gmt":"2024-04-24T06:59:54","slug":"school-building","status":"publish","type":"page","link":"https:\/\/www.saigonchildren.com\/vi\/what-we-do\/school-building\/","title":{"rendered":"Ch\u01b0\u01a1ng tr\u00ecnh X\u00e2y d\u1ef1ng Tr\u01b0\u1eddng h\u1ecdc v\u00e0 M\u00f4i tr\u01b0\u1eddng H\u1ecdc \u0111\u01b0\u1eddng"},"content":{"rendered":"<p><\/p>\n<p style=\"text-align: center;\"><span style=\"font-size: 18pt; color: #00aeef;\"><strong><span style=\"font-family: tahoma, arial, helvetica, sans-serif;\">31 N\u0102M V\u1edaI 233 NG\u00d4I TR\u01af\u1edcNG\u00a0<\/span><\/strong><\/span><\/p>\n<p>Saigonchildren x\u00e2y d\u1ef1ng tr\u01b0\u1eddng h\u1ecdc t\u1ea1i c\u00e1c v\u00f9ng c\u00f3 \u0111i\u1ec1u ki\u1ec7n kinh t\u1ebf c\u00f2n kh\u00f3 kh\u0103n, c\u00f3 c\u01a1 s\u1edf v\u1eadt ch\u1ea5t \u0111\u00e3 xu\u1ed1ng c\u1ea5p \u1ea3nh h\u01b0\u1edfng \u0111\u1ebfn s\u1ef1 an to\u00e0n c\u1ee7a h\u1ecdc sinh, v\u00e0 c\u00f3 kho\u1ea3ng c\u00e1ch xa v\u1edbi khu v\u1ef1c sinh s\u1ed1ng c\u1ee7a c\u00e1c em. C\u00e1c d\u1ef1 \u00e1n c\u1ee7a ch\u01b0\u01a1ng tr\u00ecnh X\u00e2y tr\u01b0\u1eddng v\u00e0 M\u00f4i tr\u01b0\u1eddng H\u1ecdc \u0111\u01b0\u1eddng s\u1eed d\u1ee5ng c\u00e1c kho\u1ea3n t\u00e0i tr\u1ee3 t\u1eeb ph\u00eda t\u01b0 nh\u00e2n, c\u00f9ng v\u1edbi nh\u1eefng \u0111\u00f3ng g\u00f3p t\u1eeb ch\u00ednh quy\u1ec1n, \u0111\u1ec3 x\u00e2y d\u1ef1ng tr\u01b0\u1eddng h\u1ecdc \u0111\u01b0\u1ee3c s\u1edf h\u1eefu v\u00e0 v\u1eadn h\u00e0nh b\u1edfi \u0111\u1ecba ph\u01b0\u01a1ng.<\/p>\n<p>Ch\u00fang t\u00f4i \u0111\u1eb7t m\u1ee5c ti\u00eau mang \u0111\u1ebfn nh\u1eefng<strong> ph\u00f2ng h\u1ecdc khang trang<\/strong>, c\u01a1 s\u1edf v\u1ec7 sinh s\u1ea1ch s\u1ebd, th\u01b0 vi\u1ec7n v\u00e0 s\u00e2n ch\u01a1i \u0111\u1ea3m b\u1ea3o s\u1ef1 v\u1eefng ch\u1eafc, an to\u00e0n v\u00e0 t\u00ednh th\u1ea9m m\u0129 cho tr\u01b0\u1eddng c\u0169ng nh\u01b0 ch\u1ea5t l\u01b0\u1ee3ng gi\u00e1o d\u1ee5c cho h\u1ecdc sinh. Saigonchildren t\u1eadn d\u1ee5ng nh\u1eefng <a href=\"https:\/\/www.saigonchildren.com\/vi\/news\/phuong-ninh-opening-ceremony\/\">tr\u01b0\u1eddng h\u1ecdc n\u00e0y<\/a> c\u00f9ng v\u1edbi m\u1ea1ng l\u01b0\u1edbi c\u1ed9ng \u0111\u1ed3ng v\u1eefng ch\u1eafc \u0111\u1ec3 \u0111\u1ec3 n\u00e2ng cao \u00fd th\u1ee9c \u0111\u1ecba ph\u01b0\u01a1ng v\u1ec1 nh\u1eefng v\u1ea5n \u0111\u1ec1 nh\u01b0 <strong>t\u00ednh b\u1ec1n v\u1eefng, b\u1ea3o v\u1ec7 m\u00f4i tr\u01b0\u1eddng, s\u1ee9c kh\u1ecfe,<\/strong> &#8230;<\/p>\n<p>&nbsp;<\/p>\n<p style=\"text-align: center;\"><iframe src=\"\/\/www.youtube.com\/embed\/VscM6s62PDc\" width=\"560\" height=\"314\" allowfullscreen=\"allowfullscreen\"><\/iframe><\/p>\n<p>T\u1eeb ng\u00f4i tr\u01b0\u1eddng \u0111\u1ea7u ti\u00ean t\u1ea1i huy\u1ec7n C\u1ea7n Gi\u1edd n\u0103m 1993, saigonchildren \u0111\u00e3 x\u00e2y d\u1ef1ng <strong>233 ng\u00f4i tr\u01b0\u1eddng v\u1edbi h\u01a1n 605 ph\u00f2ng h\u1ecdc<\/strong>, m\u1edf ra t\u01b0\u01a1ng lai t\u01b0\u01a1i s\u00e1ng cho <strong>h\u01a1n 20.000 tr\u1ebb em c\u00f3 ho\u00e0n c\u1ea3nh thi\u1ec7t th\u00f2i<\/strong> m\u1ed7i n\u0103m, t\u1eeb Tr\u00e0 Vinh \u1edf khu v\u1ef1c ph\u00eda Nam tr\u1ea3i d\u00e0i \u0111\u1ebfn Tuy\u00ean Quang \u1edf khu v\u1ef1c mi\u1ec1n B\u1eafc.<\/p>\n<p>Thi\u1ebft k\u1ebf v\u00e0 k\u1ebft c\u1ea5u c\u1ee7a c\u00e1c ph\u00f2ng h\u1ecdc trong d\u1ef1 \u00e1n \u0111\u1ec1u tu\u00e2n th\u1ee7 ti\u00eau chu\u1ea9n c\u1ee7a B\u1ed9 Gi\u00e1o d\u1ee5c v\u00e0 \u0110\u00e0o t\u1ea1o. Saigon Children\u2019s Charity c\u0169ng ph\u1ed1i h\u1ee3p v\u1edbi c\u1ed9ng \u0111\u1ed3ng \u0111\u1ecba ph\u01b0\u01a1ng \u0111\u1ec3 th\u00e0nh l\u1eadp ban gi\u00e1m s\u00e1t nh\u00e2n d\u00e2n bao g\u1ed3m ph\u1ee5 huynh, gi\u00e1o vi\u00ean, v\u00e0 ng\u01b0\u1eddi d\u00e2n \u0111\u1ecba ph\u01b0\u01a1ng, \u0111\u00f3ng vai tr\u00f2 h\u1ed7 tr\u1ee3 gi\u00e1m s\u00e1t thi c\u00f4ng c\u0169ng nh\u01b0 gi\u1eef g\u00ecn v\u00e0 duy tr\u00ec ng\u00f4i tr\u01b0\u1eddng sau n\u00e0y. \u0110i\u1ec1u n\u00e0y \u0111\u1ea3m b\u1ea3o tu\u1ed5i th\u1ecd c\u00f4ng tr\u00ecnh \u0111\u01b0\u1ee3c k\u00e9o d\u00e0i cho \u0111\u1ebfn nh\u1eefng th\u1ebf h\u1ec7 mai sau v\u00e0 ti\u1ebfp t\u1ee5c k\u1ebf th\u1eeba v\u00e0 h\u01b0\u1edfng l\u1ee3i t\u1eeb c\u00e1c c\u01a1 s\u1edf gi\u00e1o d\u1ee5c n\u00e0y.<\/p>\n<p style=\"text-align: center;\"><strong><span style=\"font-size: 18pt; color: #00aeef; font-family: tahoma, arial, helvetica, sans-serif;\">C\u00d4NG TR\u00ccNH V\u1ec6 SINH H\u1eccC \u0110\u01af\u1edcNG<\/span><\/strong><\/p>\n<blockquote><p><span style=\"color: #800080;\"><em>H\u01a1n 80% c\u00e1c tr\u01b0\u1eddng h\u1ecdc \u1edf Vi\u1ec7t Nam c\u00f3 c\u00e1c c\u00f4ng tr\u00ecnh n\u01b0\u1edbc s\u1ea1ch v\u00e0 v\u1ec7 sinh, tuy nhi\u00ean v\u1eabn c\u00f2n nhi\u1ec1u c\u00f4ng tr\u00ecnh n\u01b0\u1edbc s\u1ea1ch v\u00e0 v\u1ec7 sinh \u1edf nhi\u1ec1u tr\u01b0\u1eddng h\u1ecdc kh\u00f4ng ho\u1ea1t \u0111\u1ed9ng \u0111\u1ea7y \u0111\u1ee7 ho\u1eb7c \u0111ang trong t\u00ecnh tr\u1ea1ng xu\u1ed1ng c\u1ea5p v\u00e0 kh\u00f4ng \u0111\u01b0\u1ee3c duy tu. (ngu\u1ed3n: <a href=\"https:\/\/www.unicef.org\/vietnam\/vi\/n%C6%B0%E1%BB%9Bc-s%E1%BA%A1ch-v%E1%BB%87-sinh\">UNICEF<\/a>)<\/em><\/span><\/p><\/blockquote>\n<p><img loading=\"lazy\" class=\"aligncenter wp-image-9082 size-large\" src=\"https:\/\/www.saigonchildren.com\/wp-content\/uploads\/2024\/02\/P2170239-1024x768.jpg\" alt=\"\" width=\"1024\" height=\"768\" srcset=\"https:\/\/www.saigonchildren.com\/wp-content\/uploads\/2024\/02\/P2170239-1024x768.jpg 1024w, https:\/\/www.saigonchildren.com\/wp-content\/uploads\/2024\/02\/P2170239-300x225.jpg 300w, https:\/\/www.saigonchildren.com\/wp-content\/uploads\/2024\/02\/P2170239-768x576.jpg 768w, https:\/\/www.saigonchildren.com\/wp-content\/uploads\/2024\/02\/P2170239-1536x1152.jpg 1536w, https:\/\/www.saigonchildren.com\/wp-content\/uploads\/2024\/02\/P2170239-2048x1536.jpg 2048w\" sizes=\"(max-width: 1024px) 100vw, 1024px\" \/><\/p>\n<p>\u0110\u00e3 c\u00f3 nhi\u1ec1u nghi\u00ean c\u1ee9u kh\u00e1c nhau cho th\u1ea5y v\u1ea5n \u0111\u1ec1 thi\u1ebfu ti\u1ebfp c\u1eadn \u0111\u1ebfn n\u01b0\u1edbc s\u1ea1ch v\u00e0 v\u1ec7 sinh \u1edf tr\u01b0\u1eddng h\u1ecdc t\u0103ng c\u00e1c nguy c\u01a1 m\u1eafc b\u1ec7nh v\u1ec1 <a href=\"https:\/\/pubmed.ncbi.nlm.nih.gov\/35780792\/\">ti\u00eau ch\u1ea3y<\/a>, <a href=\"https:\/\/pubmed.ncbi.nlm.nih.gov\/18556606\/\">vi\u00eam ph\u1ed5i<\/a>, v\u00e0 <a href=\"https:\/\/www.ncbi.nlm.nih.gov\/pmc\/articles\/PMC6408793\/#:~:text=Any%20single%20or%20combined%20water,about%2050%25%20%5B27%5D.\">nhi\u1ec5m k\u00fd sinh tr\u00f9ng <\/a>\u1edf h\u1ecdc sinh. Ngo\u00e0i ra,\u00a0<a href=\"https:\/\/powherful.saigonchildren.com\/wp-content\/uploads\/2023\/10\/Bao_cao_PowHERful-VI.pdf\">b\u00e1o c\u00e1o<\/a> t\u1eeb kh\u1ea3o s\u00e1t thu\u1ed9c <a href=\"https:\/\/powherful.saigonchildren.com\/\">chi\u1ebfn d\u1ecbch PowHERful<\/a> c\u0169ng \u0111\u00e3 ch\u1ec9 ra r\u1eb1ng c\u01a1 s\u1edf v\u1ec7 sinh tr\u01b0\u1eddng h\u1ecdc c\u00f3 t\u00e1c \u0111\u1ed9ng nhi\u1ec1u m\u1eb7t \u0111\u1ebfn h\u1ecdc sinh n\u1eef. C\u1ee5 th\u1ec3, ch\u1ec9 c\u00f3 23% n\u1eef sinh c\u1ea3m th\u1ea5y \u0111\u1ee7 tho\u1ea3i m\u00e1i khi s\u1eed d\u1ee5ng nh\u00e0 v\u1ec7 sinh tr\u01b0\u1eddng h\u1ecdc, trong khi 33% em kh\u00f4ng mu\u1ed1n \u0111i h\u1ecdc v\u00ec e ng\u1ea1i ch\u1ea5t l\u01b0\u1ee3ng nh\u00e0 v\u1ec7 sinh.<\/p>\n<p>\u0110\u1ec3 c\u00f3 th\u1ec3 lo\u1ea1i b\u1ecf nh\u1eefng r\u1ee7i ro n\u00e0y v\u00e0 mang \u0111\u1ebfn cho h\u1ecdc sinh nh\u1eefng khu v\u1ef1c v\u1ec7 sinh \u0111\u1ee7 ti\u00eau chu\u1ea9n, saigonchildren \u0111\u00e3 th\u1ef1c hi\u1ec7n nhi\u1ec1u d\u1ef1 \u00e1n kh\u00e1c nhau, \u0111\u00f3 c\u00f3 th\u1ec3 l\u00e0 x\u00e2y d\u1ef1ng tr\u01b0\u1eddng h\u1ecdc m\u1edbi ho\u1eb7c \u0111\u01a1n gi\u1ea3n h\u01a1n l\u00e0 n\u00e2ng c\u1ea5p c\u01a1 s\u1edf v\u1eadt ch\u1ea5t hi\u1ec7n c\u00f3. Ch\u00fang t\u00f4i tin r\u1eb1ng, m\u1ecdi \u0111\u1ee9a tr\u1ebb \u0111\u1ec1u c\u00f3 quy\u1ec1n \u0111\u01b0\u1ee3c ti\u1ebfp c\u1eadn v\u00e0 s\u1eed d\u1ee5ng n\u01b0\u1edbc s\u1ea1ch, c\u0169ng nh\u01b0 \u0111\u01b0\u1ee3c \u0111\u1ea3m b\u1ea3o v\u1ec7 sinh khi \u0111ang \u1edf trong m\u00f4i tr\u01b0\u1eddng h\u1ecdc \u0111\u01b0\u1eddng.<\/p>\n<p><img loading=\"lazy\" class=\"aligncenter wp-image-9084 size-large\" src=\"https:\/\/www.saigonchildren.com\/wp-content\/uploads\/2024\/02\/IMG_1200-1024x683.jpg\" alt=\"\" width=\"1024\" height=\"683\" srcset=\"https:\/\/www.saigonchildren.com\/wp-content\/uploads\/2024\/02\/IMG_1200-1024x683.jpg 1024w, https:\/\/www.saigonchildren.com\/wp-content\/uploads\/2024\/02\/IMG_1200-300x200.jpg 300w, https:\/\/www.saigonchildren.com\/wp-content\/uploads\/2024\/02\/IMG_1200-768x512.jpg 768w, https:\/\/www.saigonchildren.com\/wp-content\/uploads\/2024\/02\/IMG_1200-1536x1024.jpg 1536w, https:\/\/www.saigonchildren.com\/wp-content\/uploads\/2024\/02\/IMG_1200-2048x1365.jpg 2048w\" sizes=\"(max-width: 1024px) 100vw, 1024px\" \/><\/p>\n<p><img loading=\"lazy\" class=\"aligncenter wp-image-9083 size-large\" src=\"https:\/\/www.saigonchildren.com\/wp-content\/uploads\/2024\/02\/Sep2022-10-1024x676.jpg\" alt=\"\" width=\"1024\" height=\"676\" srcset=\"https:\/\/www.saigonchildren.com\/wp-content\/uploads\/2024\/02\/Sep2022-10-1024x676.jpg 1024w, https:\/\/www.saigonchildren.com\/wp-content\/uploads\/2024\/02\/Sep2022-10-300x198.jpg 300w, https:\/\/www.saigonchildren.com\/wp-content\/uploads\/2024\/02\/Sep2022-10-768x507.jpg 768w, https:\/\/www.saigonchildren.com\/wp-content\/uploads\/2024\/02\/Sep2022-10.jpg 1280w\" sizes=\"(max-width: 1024px) 100vw, 1024px\" \/><\/p>\n<p style=\"text-align: center;\"><span style=\"font-size: 18pt;\"><strong><span style=\"color: #00aeef; font-family: tahoma, arial, helvetica, sans-serif;\">PH\u00d2NG VI T\u00cdNH<\/span><\/strong><\/span><\/p>\n<p>Saigon Children&#8217;s Charity c\u0169ng \u0111\u1ed3ng th\u1eddi t\u1eadp trung v\u00e0o vi\u1ec7c h\u1ed7 tr\u1ee3 l\u1eafp \u0111\u1eb7t c\u00e1c <a href=\"https:\/\/www.saigonchildren.com\/vi\/news\/computer-rooms-lean-on-the-mountains-back\/\">ph\u00f2ng m\u00e1y vi t\u00ednh<\/a> \u1edf nh\u1eefng tr\u01b0\u1eddng h\u1ecdc c\u00f2n thi\u1ebfu \u0111i\u1ec1u ki\u1ec7n \u0111\u1ec3 c\u00f3 th\u1ec3 \u0111\u00e1p \u1ee9ng nhu c\u1ea7u c\u1ee7a ch\u01b0\u01a1ng tr\u00ecnh gi\u00e1o d\u1ee5c trong <strong>th\u1eddi \u0111\u1ea1i k\u1ef9 thu\u1eadt s\u1ed1<\/strong> hi\u1ec7n nay. V\u1edbi s\u1ef1 c\u00f3 m\u1eb7t c\u1ee7a c\u00e1c trang thi\u1ebft b\u1ecb hi\u1ec7n \u0111\u1ea1i n\u00e0y, h\u1ecdc sinh c\u00f3 c\u01a1 h\u1ed9i ti\u1ebfp c\u1eadn v\u1edbi nh\u1eefng ph\u01b0\u01a1ng ph\u00e1p, c\u00f4ng c\u1ee5 h\u1ecdc t\u1eadp m\u1edbi th\u00f4ng qua c\u00f4ng ngh\u1ec7 v\u00e0 nh\u1eadn \u0111\u01b0\u1ee3c nh\u1eefng \u0111\u1eb7c quy\u1ec1n gi\u00e1o d\u1ee5c ch\u1ea5t l\u01b0\u1ee3ng v\u00e0 c\u00f4ng b\u1eb1ng.<\/p>\n<p><img loading=\"lazy\" class=\"aligncenter wp-image-9085 size-large\" src=\"https:\/\/www.saigonchildren.com\/wp-content\/uploads\/2024\/02\/P1013348-1-1024x768.jpg\" alt=\"\" width=\"1024\" height=\"768\" srcset=\"https:\/\/www.saigonchildren.com\/wp-content\/uploads\/2024\/02\/P1013348-1-1024x768.jpg 1024w, https:\/\/www.saigonchildren.com\/wp-content\/uploads\/2024\/02\/P1013348-1-300x225.jpg 300w, https:\/\/www.saigonchildren.com\/wp-content\/uploads\/2024\/02\/P1013348-1-768x576.jpg 768w, https:\/\/www.saigonchildren.com\/wp-content\/uploads\/2024\/02\/P1013348-1-1536x1152.jpg 1536w, https:\/\/www.saigonchildren.com\/wp-content\/uploads\/2024\/02\/P1013348-1-2048x1536.jpg 2048w\" sizes=\"(max-width: 1024px) 100vw, 1024px\" \/><\/p>\n<p><a href=\"https:\/\/www.unicef-irc.org\/publications\/pdf\/Akelius-digital-learning-research-report-bosnia-herzegovina.pdf\">Nghi\u00ean c\u1ee9u t\u1eeb UNICEF<\/a> c\u0169ng \u0111\u00e3 ch\u1ec9 ra m\u1ed9t s\u1ed1 l\u1ee3i \u00edch c\u1ee7a ph\u01b0\u01a1ng ph\u00e1p h\u1ecdc tr\u1ef1c tuy\u1ebfn tr\u00ean c\u00e1c thi\u1ebft b\u1ecb vi t\u00ednh \u0111\u1ed1i v\u1edbi tr\u1ebb v\u00ed d\u1ee5 nh\u01b0:<\/p>\n<ul>\n<li>C\u00f3 nhi\u1ec1u h\u1ee9ng th\u00fa h\u01a1n, <strong>c\u1ea3i thi\u1ec7n k\u1ebft qu\u1ea3 h\u1ecdc t\u1eadp<\/strong> v\u00e0 <strong>th\u00f3i quen ho\u1ea1t \u0111\u1ed9ng<\/strong><\/li>\n<li><strong>\u0110\u1ed9ng l\u1ef1c<\/strong> \u0111\u1ec3 t\u00ecm <strong>hi\u1ec3u m\u1ed9t ng\u00f4n ng\u1eef m\u1edbi<\/strong><\/li>\n<li>Gi\u00fap gi\u00e1o vi\u00ean ph\u1ea3n h\u1ed3i t\u1ed1t h\u01a1n v\u1edbi <strong>nhu c\u1ea7u h\u1ecdc sinh<\/strong> nh\u1edd v\u00e0o t\u00ednh l\u1ef1a ch\u1ecdn linh ho\u1ea1t<\/li>\n<li>C\u00f3 th\u1ec3 s\u1eed d\u1ee5ng l\u00e0m m\u1ed9t h\u00ecnh th\u1ee9c h\u1ecdc t\u1eadp kh\u00e1c cho h\u1ecdc sinh c\u00f3 nhu c\u1ea7u \u0111\u1eb7c bi\u1ec7t<\/li>\n<\/ul>\n<p>Tuy nhi\u00ean, do vi\u1ec7c s\u1eed d\u1ee5ng Internet c\u0169ng ti\u1ec1m \u1ea9n nh\u1eefng r\u1ee7i ro c\u00f3 th\u1ec3 \u1ea3nh h\u01b0\u1edfng \u0111\u1ebfn ng\u01b0\u1eddi d\u00f9ng, saigonchildren \u0111\u00e3 ph\u00e1t tri\u1ec3n v\u00e0 cho ra m\u1eaft t\u00e0i li\u1ec7u v\u1ec1 <a href=\"https:\/\/www.saigonchildren.com\/vi\/news\/launching-an-educational-project-on-cyber-safety-for-primary-school-children\/\">an to\u00e0n m\u1ea1ng<\/a> d\u00e0nh cho tr\u1ebb em \u1edf \u0111\u1ed9 tu\u1ed5i ti\u1ec3u h\u1ecdc t\u1ea1i Vi\u1ec7t Nam, nh\u1eb1m b\u01b0\u1edbc \u0111\u1ea7u gi\u1edbi thi\u1ec7u v\u1edbi c\u00e1c em v\u1ec1 nh\u1eefng l\u01b0u \u00fd \u0111\u1ec3 b\u1ea3o v\u1ec7 b\u1ea3n th\u00e2n tr\u00ean m\u00f4i tr\u01b0\u1eddng m\u1ea1ng. Truy c\u1eadp c\u00e1c t\u00e0i li\u1ec7u trong d\u1ef1 \u00e1n n\u00e0y t\u1ea1i\u00a0<a href=\"https:\/\/gocantoan.saigonchildren.com\/\">https:\/\/gocantoan.saigonchildren.com<\/a>.<\/p>\n<p><img loading=\"lazy\" class=\"aligncenter wp-image-9086 size-large\" src=\"https:\/\/www.saigonchildren.com\/wp-content\/uploads\/2024\/02\/MG_6220-1-1024x683.jpg\" alt=\"\" width=\"1024\" height=\"683\" srcset=\"https:\/\/www.saigonchildren.com\/wp-content\/uploads\/2024\/02\/MG_6220-1-1024x683.jpg 1024w, https:\/\/www.saigonchildren.com\/wp-content\/uploads\/2024\/02\/MG_6220-1-300x200.jpg 300w, https:\/\/www.saigonchildren.com\/wp-content\/uploads\/2024\/02\/MG_6220-1-768x512.jpg 768w, https:\/\/www.saigonchildren.com\/wp-content\/uploads\/2024\/02\/MG_6220-1-1536x1024.jpg 1536w, https:\/\/www.saigonchildren.com\/wp-content\/uploads\/2024\/02\/MG_6220-1-2048x1365.jpg 2048w\" sizes=\"(max-width: 1024px) 100vw, 1024px\" \/><\/p>\n<p>\u0110\u1ec3 t\u00ecm hi\u1ec3u th\u00eam v\u1ec1 d\u1ef1 \u00e1n saigonchildren \u0111\u00e3 th\u1ef1c hi\u1ec7n, xem ph\u1ea7n <a href=\"https:\/\/www.saigonchildren.com\/vi\/about-us\/vision-mission-values\/\">V\u1ec1 ch\u00fang t\u00f4i <\/a>ho\u1eb7c li\u00ean h\u1ec7 th\u00f4ng qua \u0111\u1ecba ch\u1ec9 email \u00a0<a href=\"mailto:info@saigonchildren.com\">info@saigonchildren.com<\/a>.<\/p>\n<div class=\"flex-1 overflow-hidden\">\n<div class=\"react-scroll-to-bottom--css-wrzvu-79elbk h-full\">\n<div class=\"react-scroll-to-bottom--css-wrzvu-1n7m0yu\">\n<div class=\"flex flex-col pb-9 text-sm\">\n<div class=\"w-full text-token-text-primary\" data-testid=\"conversation-turn-29\">\n<div class=\"px-4 py-2 justify-center text-base md:gap-6 m-auto\">\n<div class=\"flex flex-1 text-base mx-auto gap-3 md:px-5 lg:px-1 xl:px-5 md:max-w-3xl lg:max-w-[40rem] xl:max-w-[48rem] group final-completion\">\n<div class=\"relative flex w-full flex-col agent-turn\">\n<div class=\"flex-col gap-1 md:gap-3\">\n<div class=\"flex flex-grow flex-col max-w-full\">\n<div class=\"min-h-[20px] text-message flex flex-col items-start gap-3 whitespace-pre-wrap break-words [.text-message+&amp;]:mt-5 overflow-x-auto\" data-message-author-role=\"assistant\" data-message-id=\"bc1f9079-8746-49d6-8efa-b35bb169c282\">\n<div class=\"markdown prose w-full break-words dark:prose-invert light\">\n<p>H\u00e3y tr\u1edf th\u00e0nh <strong>m\u1ed9t nh\u00e0 t\u00e0i tr\u1ee3<\/strong> ho\u1eb7c <strong>m\u1ed9t \u0111\u1ed1i t\u00e1c doanh nghi\u1ec7p<\/strong>, \u0111\u1ec3 x\u00e2y d\u1ef1ng m\u1ed9t m\u00f4i tr\u01b0\u1eddng h\u1ecdc t\u1eadp an to\u00e0n v\u00e0 v\u1ec7 sinh cho tr\u1ebb em\u00a0ngay <strong><a href=\"https:\/\/www.saigonchildren.com\/vi\/donate\/\">h\u00f4m nay<\/a>!\u00a0<\/strong><\/p>\n<\/div>\n<\/div>\n<\/div>\n<\/div>\n<\/div>\n<\/div>\n<\/div>\n<\/div>\n<\/div>\n<\/div>\n<\/div>\n<\/div>\n<p><\/p>","protected":false},"excerpt":{"rendered":"<p>31 N\u0102M V\u1edaI 233 NG\u00d4I TR\u01af\u1edcNG\u00a0 Saigonchildren x\u00e2y d\u1ef1ng tr\u01b0\u1eddng h\u1ecdc t\u1ea1i c\u00e1c v\u00f9ng c\u00f3 \u0111i\u1ec1u ki\u1ec7n kinh t\u1ebf c\u00f2n kh\u00f3 kh\u0103n, c\u00f3 c\u01a1 s\u1edf v\u1eadt ch\u1ea5t \u0111\u00e3 xu\u1ed1ng c\u1ea5p \u1ea3nh h\u01b0\u1edfng \u0111\u1ebfn s\u1ef1 an to\u00e0n c\u1ee7a h\u1ecdc sinh, v\u00e0 c\u00f3 kho\u1ea3ng c\u00e1ch xa v\u1edbi khu v\u1ef1c sinh s\u1ed1ng c\u1ee7a c\u00e1c em. C\u00e1c d\u1ef1 \u00e1n [&hellip;]<\/p>\n","protected":false},"author":1,"featured_media":0,"parent":305,"menu_order":0,"comment_status":"closed","ping_status":"closed","template":"","meta":[],"yoast_head":"<!-- This site is optimized with the Yoast SEO plugin v15.8 - https:\/\/yoast.com\/wordpress\/plugins\/seo\/ -->\n<meta name=\"description\" content=\"(English) Saigonchildren\u00a0is committed to building schools\u00a0in disadvantaged areas where facilities have become unsafe and unsuitable.\" \/>\n<meta name=\"robots\" content=\"index, follow, max-snippet:-1, max-image-preview:large, max-video-preview:-1\" \/>\n<link rel=\"canonical\" href=\"https:\/\/www.saigonchildren.com\/what-we-do\/school-building\/\" \/>\n<meta property=\"og:locale\" content=\"vi_VN\" \/>\n<meta property=\"og:type\" content=\"article\" \/>\n<meta property=\"og:title\" content=\"Ch\u01b0\u01a1ng tr\u00ecnh X\u00e2y d\u1ef1ng Tr\u01b0\u1eddng h\u1ecdc v\u00e0 M\u00f4i tr\u01b0\u1eddng H\u1ecdc \u0111\u01b0\u1eddng - Saigon Children\u2019s Charity CIO\" \/>\n<meta property=\"og:description\" content=\"{:en}Saigonchildren\u00a0is committed to building schools\u00a0in disadvantaged areas where facilities have become unsafe and unsuitable.{:}\" \/>\n<meta property=\"og:url\" content=\"https:\/\/www.saigonchildren.com\/what-we-do\/school-building\/\" \/>\n<meta property=\"og:site_name\" content=\"Saigon Children\u2019s Charity CIO\" \/>\n<meta property=\"article:modified_time\" content=\"2024-04-24T06:59:54+00:00\" \/>\n<meta property=\"og:image\" content=\"https:\/\/www.saigonchildren.com\/wp-content\/uploads\/2024\/01\/P2170239-scaled.jpg\" \/>\n<meta name=\"twitter:card\" content=\"summary\" \/>\n<meta name=\"twitter:label1\" content=\"Est. reading time\">\n\t<meta name=\"twitter:data1\" content=\"6 ph\u00fat\">\n<script type=\"application\/ld+json\" class=\"yoast-schema-graph\">{\"@context\":\"https:\/\/schema.org\",\"@graph\":[{\"@type\":\"WebSite\",\"@id\":\"https:\/\/www.saigonchildren.com\/#website\",\"url\":\"https:\/\/www.saigonchildren.com\/\",\"name\":\"Saigon Children\\u2019s Charity CIO\",\"description\":\"Eliminating Poverty through Education\",\"potentialAction\":[{\"@type\":\"SearchAction\",\"target\":\"https:\/\/www.saigonchildren.com\/?s={search_term_string}\",\"query-input\":\"required name=search_term_string\"}],\"inLanguage\":\"vi\"},{\"@type\":\"ImageObject\",\"@id\":\"https:\/\/www.saigonchildren.com\/what-we-do\/school-building\/#primaryimage\",\"inLanguage\":\"vi\",\"url\":\"https:\/\/www.saigonchildren.com\/wp-content\/uploads\/2024\/01\/P2170239-scaled.jpg\",\"width\":2560,\"height\":1920,\"caption\":\"Old toilets in need of repairs\"},{\"@type\":\"WebPage\",\"@id\":\"https:\/\/www.saigonchildren.com\/what-we-do\/school-building\/#webpage\",\"url\":\"https:\/\/www.saigonchildren.com\/what-we-do\/school-building\/\",\"name\":\"Ch\\u01b0\\u01a1ng tr\\u00ecnh X\\u00e2y d\\u1ef1ng Tr\\u01b0\\u1eddng h\\u1ecdc v\\u00e0 M\\u00f4i tr\\u01b0\\u1eddng H\\u1ecdc \\u0111\\u01b0\\u1eddng - Saigon Children\\u2019s Charity CIO\",\"isPartOf\":{\"@id\":\"https:\/\/www.saigonchildren.com\/#website\"},\"primaryImageOfPage\":{\"@id\":\"https:\/\/www.saigonchildren.com\/what-we-do\/school-building\/#primaryimage\"},\"datePublished\":\"2017-11-20T09:39:31+00:00\",\"dateModified\":\"2024-04-24T06:59:54+00:00\",\"description\":\"{:en}Saigonchildren\\u00a0is committed to building schools\\u00a0in disadvantaged areas where facilities have become unsafe and unsuitable.{:}\",\"breadcrumb\":{\"@id\":\"https:\/\/www.saigonchildren.com\/what-we-do\/school-building\/#breadcrumb\"},\"inLanguage\":\"vi\",\"potentialAction\":[{\"@type\":\"ReadAction\",\"target\":[\"https:\/\/www.saigonchildren.com\/what-we-do\/school-building\/\"]}]},{\"@type\":\"BreadcrumbList\",\"@id\":\"https:\/\/www.saigonchildren.com\/what-we-do\/school-building\/#breadcrumb\",\"itemListElement\":[{\"@type\":\"ListItem\",\"position\":1,\"item\":{\"@type\":\"WebPage\",\"@id\":\"https:\/\/www.saigonchildren.com\/\",\"url\":\"https:\/\/www.saigonchildren.com\/\",\"name\":\"Home\"}},{\"@type\":\"ListItem\",\"position\":2,\"item\":{\"@type\":\"WebPage\",\"@id\":\"https:\/\/www.saigonchildren.com\/vi\/what-we-do\/\",\"url\":\"https:\/\/www.saigonchildren.com\/vi\/what-we-do\/\",\"name\":\"Ho\\u1ea1t \\u0111\\u1ed9ng\"}},{\"@type\":\"ListItem\",\"position\":3,\"item\":{\"@type\":\"WebPage\",\"@id\":\"https:\/\/www.saigonchildren.com\/what-we-do\/school-building\/\",\"url\":\"https:\/\/www.saigonchildren.com\/what-we-do\/school-building\/\",\"name\":\"School Building Programme\"}}]}]}<\/script>\n<!-- \/ Yoast SEO plugin. -->","_links":{"self":[{"href":"https:\/\/www.saigonchildren.com\/vi\/wp-json\/wp\/v2\/pages\/347"}],"collection":[{"href":"https:\/\/www.saigonchildren.com\/vi\/wp-json\/wp\/v2\/pages"}],"about":[{"href":"https:\/\/www.saigonchildren.com\/vi\/wp-json\/wp\/v2\/types\/page"}],"author":[{"embeddable":true,"href":"https:\/\/www.saigonchildren.com\/vi\/wp-json\/wp\/v2\/users\/1"}],"replies":[{"embeddable":true,"href":"https:\/\/www.saigonchildren.com\/vi\/wp-json\/wp\/v2\/comments?post=347"}],"version-history":[{"count":48,"href":"https:\/\/www.saigonchildren.com\/vi\/wp-json\/wp\/v2\/pages\/347\/revisions"}],"predecessor-version":[{"id":9237,"href":"https:\/\/www.saigonchildren.com\/vi\/wp-json\/wp\/v2\/pages\/347\/revisions\/9237"}],"up":[{"embeddable":true,"href":"https:\/\/www.saigonchildren.com\/vi\/wp-json\/wp\/v2\/pages\/305"}],"wp:attachment":[{"href":"https:\/\/www.saigonchildren.com\/vi\/wp-json\/wp\/v2\/media?parent=347"}],"curies":[{"name":"wp","href":"https:\/\/api.w.org\/{rel}","templated":true}]}}