{"id":351,"date":"2017-11-20T09:40:33","date_gmt":"2017-11-20T09:40:33","guid":{"rendered":"http:\/\/new.saigonchildren.com\/?page_id=351"},"modified":"2025-09-30T10:32:03","modified_gmt":"2025-09-30T03:32:03","slug":"special-needs-education","status":"publish","type":"page","link":"https:\/\/www.saigonchildren.com\/vi\/what-we-do\/special-needs-education\/","title":{"rendered":"Ch\u01b0\u01a1ng tr\u00ecnh Gi\u00e1o d\u1ee5c \u0111\u1eb7c bi\u1ec7t"},"content":{"rendered":"<p><\/p>\n<h1 style=\"text-align: center;\"><span style=\"color: #ffffff; font-size: 0pt;\">Special Needs Education Programm<\/span><span style=\"color: #00aeef; font-family: tahoma, arial, helvetica, sans-serif; font-size: 24pt;\">12.200 C\u00c1 NH\u00c2N TH\u1ee4 H\u01af\u1edeNG<\/span><\/h1>\n<div class=\"flex-1 overflow-hidden\">\n<div class=\"react-scroll-to-bottom--css-jbzpn-79elbk h-full\">\n<div class=\"react-scroll-to-bottom--css-jbzpn-1n7m0yu\">\n<div class=\"flex flex-col pb-9 text-sm\">\n<div class=\"w-full text-token-text-primary\" data-testid=\"conversation-turn-5\">\n<div class=\"px-4 py-2 justify-center text-base md:gap-6 m-auto\">\n<div class=\"flex flex-1 text-base mx-auto gap-3 md:px-5 lg:px-1 xl:px-5 md:max-w-3xl lg:max-w-[40rem] xl:max-w-[48rem] group final-completion\">\n<div class=\"relative flex w-full flex-col agent-turn\">\n<div class=\"flex-col gap-1 md:gap-3\">\n<div class=\"flex flex-grow flex-col max-w-full\">\n<div class=\"min-h-[20px] text-message flex flex-col items-start gap-3 whitespace-pre-wrap break-words [.text-message+&amp;]:mt-5 overflow-x-auto\" data-message-author-role=\"assistant\" data-message-id=\"d9085763-938d-4bc1-b1aa-f610ae6ef166\">\n<div class=\"result-streaming markdown prose w-full break-words dark:prose-invert light\">\n<div class=\"w-full text-token-text-primary\" data-testid=\"conversation-turn-3\">\n<div class=\"px-4 py-2 justify-center text-base md:gap-6 m-auto\">\n<div class=\"flex flex-1 text-base mx-auto gap-3 md:px-5 lg:px-1 xl:px-5 md:max-w-3xl lg:max-w-[40rem] xl:max-w-[48rem] group\">\n<div class=\"relative flex w-full flex-col agent-turn\">\n<div class=\"flex-col gap-1 md:gap-3\">\n<div class=\"flex flex-grow flex-col max-w-full\">\n<div class=\"min-h-[20px] text-message flex flex-col items-start gap-3 whitespace-pre-wrap break-words [.text-message+&amp;]:mt-5 overflow-x-auto\" data-message-author-role=\"assistant\" data-message-id=\"973255e2-b927-4c8d-9d29-caeeb0eeddde\">\n<div class=\"markdown prose w-full break-words dark:prose-invert light\">\n<p>Saigonchildren \u1ee7ng h\u1ed9 tr\u1ebb em c\u00f3 nhu c\u1ea7u h\u1ecdc t\u1eadp \u0111\u1eb7c bi\u1ec7t, v\u00ec ch\u00fang t\u00f4i tin r\u1eb1ng<strong> s\u1ef1 \u0111a d\u1ea1ng n\u00e3o b\u1ed9 l\u00e0 \u0111i\u1ec1u \u0111\u00e1ng \u0111\u01b0\u1ee3c t\u00f4n tr\u1ecdng v\u00e0 kh\u00f4ng n\u00ean b\u1ecb \u0111\u1ed1i x\u1eed ph\u00e2n bi\u1ec7t.<\/strong> \u0110\u00f3 l\u00e0 l\u00fd do t\u1ea1i sao ch\u00fang t\u00f4i \u0111i\u1ec1u ch\u1ec9nh ph\u01b0\u01a1ng ph\u00e1p ti\u1ebfp c\u1eadn \u0111\u1ec3 cung c\u1ea5p s\u1ef1 h\u1ed7 tr\u1ee3 c\u1ea7n thi\u1ebft cho nh\u1eefng \u0111\u1ee9a tr\u1ebb n\u00e0y ph\u00e1t tri\u1ec3n t\u1ed1t h\u01a1n v\u1edbi s\u1ef1 kh\u00e1c bi\u1ec7t c\u1ee7a h\u1ecd. Th\u00f4ng qua c\u00e1c d\u1ef1 \u00e1n ti\u1ebfp c\u1eadn c\u1ed9ng \u0111\u1ed3ng, can thi\u1ec7p s\u1edbm v\u00e0 gi\u00e1o d\u1ee5c, c\u00f9ng v\u1edbi c\u00e1c ho\u1ea1t \u0111\u1ed9ng h\u1ed7 tr\u1ee3 \u0111a d\u1ea1ng kh\u00e1c, nhi\u1ec1u tr\u1ebb em n\u00e0y, \u0111\u00e3 g\u1eb7p kh\u00f3 kh\u0103n v\u1ec1 m\u1eb7t t\u00e0i ch\u00ednh, c\u00f3 c\u01a1 h\u1ed9i ti\u1ebfp c\u1eadn c\u00e1c ph\u01b0\u01a1ng ph\u00e1p gi\u00e1o d\u1ee5c ch\u1ea5t l\u01b0\u1ee3ng.<\/p>\n<\/div>\n<\/div>\n<\/div>\n<\/div>\n<\/div>\n<\/div>\n<\/div>\n<\/div>\n<\/div>\n<\/div>\n<\/div>\n<div class=\"mt-1 flex justify-start gap-3 empty:hidden\">\n<div class=\"text-gray-400 flex self-end lg:self-center justify-center lg:justify-start mt-0 -ml-1 h-7 invisible\">Ch\u00fang t\u00f4i \u0111\u1ea1t \u0111\u01b0\u1ee3c \u0111i\u1ec1u n\u00e0y th\u00f4ng qua:<\/div>\n<\/div>\n<\/div>\n<\/div>\n<\/div>\n<\/div>\n<\/div>\n<\/div>\n<\/div>\n<\/div>\n<\/div>\n<ul>\n<li>Cung c\u1ea5p<strong> can thi\u1ec7p s\u1edbm<\/strong> cho tr\u1ebb c\u00f3 <strong>r\u1ed1i lo\u1ea1n ph\u1ed5 t\u1ef1 k\u1ef7 (ASD)<\/strong> v\u00e0 c\u00e1c <strong>r\u1ed1i lo\u1ea1n ph\u00e1t tri\u1ec3n th\u1ea7n kinh kh\u00e1c<\/strong><\/li>\n<li>Cung c\u1ea5p <strong>\u0111\u00e0o t\u1ea1o<\/strong> v\u00e0 <strong>h\u1ed7 tr\u1ee3<\/strong> cho <strong>ph\u1ee5 huynh<\/strong> c\u1ee7a tr\u1ebb em c\u00f3 nhu c\u1ea7u \u0111\u1eb7c bi\u1ec7t<\/li>\n<li><strong>T\u1ed5 ch\u1ee9c c\u00e1c kh\u00f3a \u0111\u00e0o t\u1ea1o<\/strong> \u0111\u1ec3 <strong>n\u00e2ng cao n\u0103ng l\u1ef1c<\/strong> cho c\u00e1c <strong>chuy\u00ean gia<\/strong> l\u00e0m vi\u1ec7c v\u1edbi tr\u1ebb em c\u00f3 nhu c\u1ea7u \u0111\u1eb7c bi\u1ec7t cho c\u00e1c t\u1ed5 ch\u1ee9c \u0111\u1ecba ph\u01b0\u01a1ng<\/li>\n<li><strong>T\u1ed5 ch\u1ee9c c\u00e1c chi\u1ebfn d\u1ecbch<\/strong> v\u00e0 s\u1ef1 ki\u1ec7n \u0111\u1ec3 <strong>n\u00e2ng cao nh\u1eadn th\u1ee9c<\/strong> c\u1ee7a c\u00f4ng ch\u00fang v\u1ec1 <strong>S\u1ef1 \u0111a d\u1ea1ng th\u1ea7n kinh<\/strong> v\u00e0 t\u00f4n tr\u1ecdng s\u1ef1 kh\u00e1c bi\u1ec7t<\/li>\n<\/ul>\n<div class=\"w-full text-token-text-primary\" data-testid=\"conversation-turn-11\">\n<div class=\"px-4 py-2 justify-center text-base md:gap-6 m-auto\">\n<div class=\"flex flex-1 text-base mx-auto gap-3 md:px-5 lg:px-1 xl:px-5 md:max-w-3xl lg:max-w-[40rem] xl:max-w-[48rem] group\">\n<div class=\"relative flex w-full flex-col agent-turn\">\n<div class=\"flex-col gap-1 md:gap-3\">\n<div class=\"flex flex-grow flex-col max-w-full\">\n<div class=\"min-h-[20px] text-message flex flex-col items-start gap-3 whitespace-pre-wrap break-words [.text-message+&amp;]:mt-5 overflow-x-auto\" data-message-author-role=\"assistant\" data-message-id=\"59760680-99a4-4c03-8f7b-516eca0ae881\">\n<div class=\"markdown prose w-full break-words dark:prose-invert light\">\n<p>Hi\u1ec7n nay, tr\u1ecdng t\u00e2m c\u1ee7a ch\u00fang t\u00f4i l\u00e0 h\u1ed7 tr\u1ee3 tr\u1ebb em \u0111\u01b0\u1ee3c ch\u1ea9n \u0111o\u00e1n r\u1ed1i lo\u1ea1n ph\u1ed5 t\u1ef1 k\u1ef7 (ASD) v\u00e0 gia \u0111\u00ecnh tr\u1ebb, nh\u01b0ng ch\u00fang t\u00f4i m\u1edf r\u1ed9ng s\u1ef1 h\u1ed7 tr\u1ee3 c\u1ee7a m\u00ecnh \u0111\u1ebfn nhi\u1ec1u r\u1ed1i lo\u1ea1n ph\u00e1t tri\u1ec3n n\u00e3o b\u1ed9 kh\u00e1c nh\u01b0 b\u1ea5t th\u01b0\u1eddng v\u1ec1 th\u1ecb l\u1ef1c v\u00e0 th\u00ednh l\u1ef1c, r\u1ed1i lo\u1ea1n t\u0103ng \u0111\u1ed9ng gi\u1ea3m ch\u00fa \u00fd (ADHD) v\u00e0 b\u1ea1i n\u00e3o.<\/p>\n<\/div>\n<\/div>\n<\/div>\n<\/div>\n<\/div>\n<\/div>\n<\/div>\n<\/div>\n<p style=\"text-align: center;\"><iframe src=\"https:\/\/www.youtube.com\/embed\/LD1d2YNn6J0\" width=\"560\" height=\"340\" frameborder=\"0\" allowfullscreen=\"allowfullscreen\"><span data-mce-type=\"bookmark\" style=\"display: inline-block; width: 0px; overflow: hidden; line-height: 0;\" class=\"mce_SELRES_start\">\ufeff<\/span><span data-mce-type=\"bookmark\" style=\"display: inline-block; width: 0px; overflow: hidden; line-height: 0;\" class=\"mce_SELRES_start\">\ufeff<\/span><span data-mce-type=\"bookmark\" style=\"display: inline-block; width: 0px; overflow: hidden; line-height: 0;\" class=\"mce_SELRES_end\">\ufeff<\/span><span data-mce-type=\"bookmark\" style=\"display: inline-block; width: 0px; overflow: hidden; line-height: 0;\" class=\"mce_SELRES_start\">\ufeff<\/span><\/iframe><\/p>\n<p>M\u1ed7i n\u0103m, saigonchildren t\u00e0i tr\u1ee3 v\u00e0 cung c\u1ea5p gi\u00e1o d\u1ee5c, d\u1ecbch v\u1ee5 \u0111\u1eb7c bi\u1ec7t cho g\u1ea7n <strong>2000 tr\u1ebb em, ph\u1ee5 huynh v\u00e0 gi\u00e1o vi\u00ean tr\u00ean kh\u1eafp Vi\u1ec7t Nam.<\/strong><\/p>\n<h2 style=\"text-align: center;\"><strong><span style=\"font-size: 24pt;\">Can thi\u1ec7p s\u1edbm<\/span><\/strong><\/h2>\n<div class=\"field_component_sec_blocks-item even\">\n<div class=\"field_component_sec_blocks-item even\"><img loading=\"lazy\" class=\"alignnone size-full wp-image-9060\" src=\"https:\/\/www.saigonchildren.com\/wp-content\/uploads\/2024\/01\/SNEP1.jpeg\" alt=\"\" width=\"1739\" height=\"1159\" srcset=\"https:\/\/www.saigonchildren.com\/wp-content\/uploads\/2024\/01\/SNEP1.jpeg 1739w, https:\/\/www.saigonchildren.com\/wp-content\/uploads\/2024\/01\/SNEP1-300x200.jpeg 300w, https:\/\/www.saigonchildren.com\/wp-content\/uploads\/2024\/01\/SNEP1-1024x682.jpeg 1024w, https:\/\/www.saigonchildren.com\/wp-content\/uploads\/2024\/01\/SNEP1-768x512.jpeg 768w, https:\/\/www.saigonchildren.com\/wp-content\/uploads\/2024\/01\/SNEP1-1536x1024.jpeg 1536w\" sizes=\"(max-width: 1739px) 100vw, 1739px\" \/><\/div>\n<\/div>\n<p>Can thi\u1ec7p s\u1edbm l\u00e0 tr\u1ecdng t\u00e2m quan tr\u1ecdng c\u1ee7a Ch\u01b0\u01a1ng tr\u00ecnh, b\u1edfi v\u00ec vi\u1ec7c ph\u00e1t hi\u1ec7n v\u00e0 can thi\u1ec7p s\u1edbm \u0111\u1ed1i v\u1edbi c\u00e1c r\u1ed1i lo\u1ea1n ph\u00e1t tri\u1ec3n nh\u01b0 ASD r\u1ea5t quan tr\u1ecdng. Tr\u00ean to\u00e0n c\u1ea7u, <a href=\"https:\/\/doi.org\/10.1177\/1362361320971107\">tu\u1ed5i trung b\u00ecnh ph\u00e1t hi\u1ec7n ASD dao \u0111\u1ed9ng t\u1eeb 38 \u0111\u1ebfn 120 th\u00e1ng<\/a>. Can thi\u1ec7p s\u1edbm tr\u01b0\u1edbc tu\u1ed5i 3 l\u00e0 r\u1ea5t quan tr\u1ecdng \u0111\u1ec3 &#8220;<strong>c\u1ea3i thi\u1ec7n \u0111\u1ed9c l\u1eadp l\u00e2u d\u00e0i&#8221;<\/strong> v\u00e0 <a href=\"https:\/\/www.ncbi.nlm.nih.gov\/pmc\/articles\/PMC9339513\/#:~:text=Globally%2C%20there%20is%20growing%20understanding,identification%20and%20intervention%20for%20ASD.&amp;text=Early%20ASD%20intervention%20can%20improve,education%2C%20and%20social%20support%20costs.\">nh\u1eadn di\u1ec7n c\u00e1c r\u1ee7i ro y t\u1ebf, gi\u00e1o d\u1ee5c v\u00e0 x\u00e3 h\u1ed9<\/a>i \u0111\u1eb7c tr\u01b0ng \u0111\u1ed1i v\u1edbi tr\u1ebb em t\u1ef1 k\u1ef7.<\/p>\n<p>Ch\u00fang t\u00f4i s\u1eed d\u1ee5ng m\u1ed9t m\u00f4 h\u00ecnh gi\u00e1o d\u1ee5c \u0111a ng\u00e0nh m\u00e0 bao g\u1ed3m s\u1ef1 tham gia c\u1ee7a c\u00e1c <strong>nh\u00e0 tr\u1ecb li\u1ec7u ng\u00f4n ng\u1eef, c\u00e1c chuy\u00ean gia v\u1ec1 ngh\u1ec1 nghi\u1ec7p, gi\u00e1o vi\u00ean, nh\u00e0 t\u00e2m l\u00fd h\u1ecdc, b\u00e1c s\u0129 t\u00e2m th\u1ea7n, b\u00e1c s\u0129 nhi khoa<\/strong>, v\u00e0 quan tr\u1ecdng nh\u1ea5t l\u00e0 ph\u1ee5 huynh ho\u1eb7c ng\u01b0\u1eddi ch\u0103m s\u00f3c \u0111\u1ec3 gi\u1ea3i quy\u1ebft c\u00e1c kh\u00f3 kh\u0103n ph\u1ee9c t\u1ea1p xung quanh c\u00e1c r\u1ed1i lo\u1ea1n ph\u00e1t tri\u1ec3n.<\/p>\n<p>Gi\u1edbi thi\u1ec7u v\u1ec1 d\u1ef1 \u00e1n can thi\u1ec7p s\u1edbm <a href=\"https:\/\/www.saigonchildren.com\/wp-content\/uploads\/2025\/05\/Early-Intervention-Project-Introduction-May25.pdf\"><strong>t\u1ea1i \u0111\u00e2y<\/strong><\/a><\/p>\n<p>M\u1eabu \u0111\u0103ng k\u00ed tham gia d\u1ef1 \u00e1n can thi\u1ec7p s\u1edbm cho tr\u1ebb d\u01b0\u1edbi 6 tu\u1ed5i <a href=\"https:\/\/www.saigonchildren.com\/wp-content\/uploads\/2025\/01\/SNEP-SOP-01-F05-Mau-dang-ky-tham-gia-chuong-trinh-CTS.pdf\">t\u1ea1i \u0111\u00e2y<\/a><\/p>\n<h2 style=\"text-align: center;\"><strong><span style=\"font-size: 24pt;\">\u0110\u00e0o t\u1ea1o Chuy\u00ean gia<\/span><\/strong><\/h2>\n<p>Ch\u01b0\u01a1ng tr\u00ecnh c\u0169ng cam k\u1ebft \u0111\u1ea3m b\u1ea3o r\u1eb1ng c\u00e1c chuy\u00ean gia h\u1ed7 tr\u1ee3 cho c\u00e1c em nh\u1ecf n\u00e0y \u0111\u01b0\u1ee3c trang b\u1ecb \u0111\u1ea7y \u0111\u1ee7 c\u00f4ng c\u1ee5 v\u00e0 ki\u1ebfn th\u1ee9c c\u1ea7n thi\u1ebft cho c\u00f4ng vi\u1ec7c c\u1ee7a m\u00ecnh. Chuy\u00ean gia s\u1ebd \u0111\u01b0\u1ee3c tham gia v\u00e0o<strong> 2 kh\u00f3a h\u1ecdc k\u00e9o d\u00e0i 3 n\u0103m<\/strong> <strong>kh\u00e1c nhau<\/strong> \u0111\u1ec3 hi\u1ec3u r\u00f5 nhu c\u1ea7u c\u1ee7a tr\u1ebb em v\u00e0 c\u00e1ch can thi\u1ec7p hi\u1ec7u qu\u1ea3. Ngo\u00e0i ra, h\u1ecd c\u0169ng tham gia c\u00e1c kh\u00f3a h\u1ecdc ng\u1eafn h\u1ea1n \u0111\u1ec3 \u0111\u00e1p \u1ee9ng nhu c\u1ea7u ng\u00e0y c\u00e0ng ph\u00e1t tri\u1ec3n trong l\u0129nh v\u1ef1c t\u00e2m l\u00fd h\u1ecdc s\u1ee9c kh\u1ecfe tinh th\u1ea7n.<\/p>\n<p>B\u00ean c\u1ea1nh \u0111\u1ed9i ng\u0169 chuy\u00ean gia c\u1ee7a ch\u00fang t\u00f4i, saigonchildren c\u00f2n thi\u1ebft l\u1eadp m\u1ed1i h\u1ee3p t\u00e1c ch\u1eb7t ch\u1ebd v\u1edbi nhi\u1ec1u \u0111\u1ed1i t\u00e1c trong v\u00e0 ngo\u00e0i n\u01b0\u1edbc, \u0111\u1ed3ng l\u00f2ng x\u00e2y d\u1ef1ng c\u00e1c ngu\u1ed3n l\u1ef1c \u0111i\u1ec1u tr\u1ecb ti\u00ean ti\u1ebfn, bao g\u1ed3m c\u1ea3 nh\u1eefng ph\u01b0\u01a1ng ph\u00e1p c\u00f3 c\u01a1 s\u1edf khoa h\u1ecdc \u0111\u01b0\u1ee3c \u00e1p d\u1ee5ng v\u00e0o th\u1ef1c ti\u1ec5n gi\u00e1o d\u1ee5c v\u00e0 \u0111i\u1ec1u tr\u1ecb cho c\u00e1c tr\u1ebb em c\u00f3 nhu c\u1ea7u \u0111\u1eb7c bi\u1ec7t t\u1ea1i Vi\u1ec7t Nam. Ch\u00fang t\u00f4i kh\u00f4ng ch\u1ec9 \u0111\u1eb7t m\u1ee5c ti\u00eau th\u00e0nh l\u1eadp m\u1ed9t Trung t\u00e2m m\u00e0 c\u00f2n mong mu\u1ed1n x\u00e2y d\u1ef1ng m\u1ed9t m\u1ea1ng l\u01b0\u1edbi qu\u1ed1c gia v\u1eefng m\u1ea1nh v\u1ec1 ch\u0103m s\u00f3c v\u00e0 gi\u00e1o d\u1ee5c cho tr\u1ebb em \u0111\u01b0\u1ee3c ch\u1ea9n \u0111o\u00e1n r\u1ed1i lo\u1ea1n ph\u1ed5 t\u1ef1 k\u1ef7 v\u1edbi s\u1ef1 ch\u1ea5t l\u01b0\u1ee3ng v\u00e0 hi\u1ec7u qu\u1ea3 cao nh\u1ea5t.<\/p>","protected":false},"excerpt":{"rendered":"<p>Special Needs Education Programm12.200 C\u00c1 NH\u00c2N TH\u1ee4 H\u01af\u1edeNG Saigonchildren \u1ee7ng h\u1ed9 tr\u1ebb em c\u00f3 nhu c\u1ea7u h\u1ecdc t\u1eadp \u0111\u1eb7c bi\u1ec7t, v\u00ec ch\u00fang t\u00f4i tin r\u1eb1ng s\u1ef1 \u0111a d\u1ea1ng n\u00e3o b\u1ed9 l\u00e0 \u0111i\u1ec1u \u0111\u00e1ng \u0111\u01b0\u1ee3c t\u00f4n tr\u1ecdng v\u00e0 kh\u00f4ng n\u00ean b\u1ecb \u0111\u1ed1i x\u1eed ph\u00e2n bi\u1ec7t. \u0110\u00f3 l\u00e0 l\u00fd do t\u1ea1i sao ch\u00fang t\u00f4i \u0111i\u1ec1u ch\u1ec9nh ph\u01b0\u01a1ng [&hellip;]<\/p>\n","protected":false},"author":1,"featured_media":0,"parent":305,"menu_order":0,"comment_status":"closed","ping_status":"closed","template":"","meta":[],"yoast_head":"<!-- This site is optimized with the Yoast SEO plugin v15.8 - https:\/\/yoast.com\/wordpress\/plugins\/seo\/ -->\n<meta name=\"description\" content=\"(English) Saigonchildren supports children with special needs through outreach projects, quality education, and support activities that change lives.\" \/>\n<meta name=\"robots\" content=\"index, follow, max-snippet:-1, max-image-preview:large, max-video-preview:-1\" \/>\n<link rel=\"canonical\" href=\"https:\/\/www.saigonchildren.com\/what-we-do\/special-needs-education\/\" \/>\n<meta property=\"og:locale\" content=\"vi_VN\" \/>\n<meta property=\"og:type\" content=\"article\" \/>\n<meta property=\"og:title\" content=\"Ch\u01b0\u01a1ng tr\u00ecnh Gi\u00e1o d\u1ee5c \u0111\u1eb7c bi\u1ec7t - Saigon Children\u2019s Charity CIO\" \/>\n<meta property=\"og:description\" content=\"{:en}Saigonchildren supports children with special needs through outreach projects, quality education, and support activities that change lives.{:}\" \/>\n<meta property=\"og:url\" content=\"https:\/\/www.saigonchildren.com\/what-we-do\/special-needs-education\/\" \/>\n<meta property=\"og:site_name\" content=\"Saigon Children\u2019s Charity CIO\" \/>\n<meta property=\"article:modified_time\" content=\"2025-09-30T03:32:03+00:00\" \/>\n<meta property=\"og:image\" content=\"https:\/\/www.saigonchildren.com\/wp-content\/uploads\/2018\/03\/Untitled-3use.jpg\" \/>\n\t<meta property=\"og:image:width\" content=\"1920\" \/>\n\t<meta property=\"og:image:height\" content=\"614\" \/>\n<meta name=\"twitter:card\" content=\"summary\" \/>\n<meta name=\"twitter:image\" content=\"https:\/\/www.saigonchildren.com\/wp-content\/uploads\/2018\/03\/Untitled-3use.jpg\" \/>\n<meta name=\"twitter:label1\" content=\"Est. reading time\">\n\t<meta name=\"twitter:data1\" content=\"2 ph\u00fat\">\n<script type=\"application\/ld+json\" class=\"yoast-schema-graph\">{\"@context\":\"https:\/\/schema.org\",\"@graph\":[{\"@type\":\"WebSite\",\"@id\":\"https:\/\/www.saigonchildren.com\/#website\",\"url\":\"https:\/\/www.saigonchildren.com\/\",\"name\":\"Saigon Children\\u2019s Charity CIO\",\"description\":\"Eliminating Poverty through Education\",\"potentialAction\":[{\"@type\":\"SearchAction\",\"target\":\"https:\/\/www.saigonchildren.com\/?s={search_term_string}\",\"query-input\":\"required name=search_term_string\"}],\"inLanguage\":\"vi\"},{\"@type\":\"ImageObject\",\"@id\":\"https:\/\/www.saigonchildren.com\/what-we-do\/special-needs-education\/#primaryimage\",\"inLanguage\":\"vi\",\"url\":\"https:\/\/www.saigonchildren.com\/wp-content\/uploads\/2024\/01\/SNEP1.jpeg\",\"width\":1739,\"height\":1159},{\"@type\":\"WebPage\",\"@id\":\"https:\/\/www.saigonchildren.com\/what-we-do\/special-needs-education\/#webpage\",\"url\":\"https:\/\/www.saigonchildren.com\/what-we-do\/special-needs-education\/\",\"name\":\"Ch\\u01b0\\u01a1ng tr\\u00ecnh Gi\\u00e1o d\\u1ee5c \\u0111\\u1eb7c bi\\u1ec7t - Saigon Children\\u2019s Charity CIO\",\"isPartOf\":{\"@id\":\"https:\/\/www.saigonchildren.com\/#website\"},\"primaryImageOfPage\":{\"@id\":\"https:\/\/www.saigonchildren.com\/what-we-do\/special-needs-education\/#primaryimage\"},\"datePublished\":\"2017-11-20T09:40:33+00:00\",\"dateModified\":\"2025-09-30T03:32:03+00:00\",\"description\":\"{:en}Saigonchildren supports children with special needs through outreach projects, quality education, and support activities that change lives.{:}\",\"breadcrumb\":{\"@id\":\"https:\/\/www.saigonchildren.com\/what-we-do\/special-needs-education\/#breadcrumb\"},\"inLanguage\":\"vi\",\"potentialAction\":[{\"@type\":\"ReadAction\",\"target\":[\"https:\/\/www.saigonchildren.com\/what-we-do\/special-needs-education\/\"]}]},{\"@type\":\"BreadcrumbList\",\"@id\":\"https:\/\/www.saigonchildren.com\/what-we-do\/special-needs-education\/#breadcrumb\",\"itemListElement\":[{\"@type\":\"ListItem\",\"position\":1,\"item\":{\"@type\":\"WebPage\",\"@id\":\"https:\/\/www.saigonchildren.com\/\",\"url\":\"https:\/\/www.saigonchildren.com\/\",\"name\":\"Home\"}},{\"@type\":\"ListItem\",\"position\":2,\"item\":{\"@type\":\"WebPage\",\"@id\":\"https:\/\/www.saigonchildren.com\/vi\/what-we-do\/\",\"url\":\"https:\/\/www.saigonchildren.com\/vi\/what-we-do\/\",\"name\":\"Ho\\u1ea1t \\u0111\\u1ed9ng\"}},{\"@type\":\"ListItem\",\"position\":3,\"item\":{\"@type\":\"WebPage\",\"@id\":\"https:\/\/www.saigonchildren.com\/what-we-do\/special-needs-education\/\",\"url\":\"https:\/\/www.saigonchildren.com\/what-we-do\/special-needs-education\/\",\"name\":\"Special Needs Education Programme\"}}]}]}<\/script>\n<!-- \/ Yoast SEO plugin. -->","_links":{"self":[{"href":"https:\/\/www.saigonchildren.com\/vi\/wp-json\/wp\/v2\/pages\/351"}],"collection":[{"href":"https:\/\/www.saigonchildren.com\/vi\/wp-json\/wp\/v2\/pages"}],"about":[{"href":"https:\/\/www.saigonchildren.com\/vi\/wp-json\/wp\/v2\/types\/page"}],"author":[{"embeddable":true,"href":"https:\/\/www.saigonchildren.com\/vi\/wp-json\/wp\/v2\/users\/1"}],"replies":[{"embeddable":true,"href":"https:\/\/www.saigonchildren.com\/vi\/wp-json\/wp\/v2\/comments?post=351"}],"version-history":[{"count":41,"href":"https:\/\/www.saigonchildren.com\/vi\/wp-json\/wp\/v2\/pages\/351\/revisions"}],"predecessor-version":[{"id":9951,"href":"https:\/\/www.saigonchildren.com\/vi\/wp-json\/wp\/v2\/pages\/351\/revisions\/9951"}],"up":[{"embeddable":true,"href":"https:\/\/www.saigonchildren.com\/vi\/wp-json\/wp\/v2\/pages\/305"}],"wp:attachment":[{"href":"https:\/\/www.saigonchildren.com\/vi\/wp-json\/wp\/v2\/media?parent=351"}],"curies":[{"name":"wp","href":"https:\/\/api.w.org\/{rel}","templated":true}]}}