{"id":361,"date":"2017-11-20T09:45:44","date_gmt":"2017-11-20T09:45:44","guid":{"rendered":"http:\/\/new.saigonchildren.com\/?page_id=361"},"modified":"2026-01-29T16:10:51","modified_gmt":"2026-01-29T09:10:51","slug":"corporate-sponsorship","status":"publish","type":"page","link":"https:\/\/www.saigonchildren.com\/vi\/engage\/corporate-sponsorship\/","title":{"rendered":"T\u00e0i tr\u1ee3 t\u1eeb c\u00e1c doanh nghi\u1ec7p v\u00e0 t\u1ed5 ch\u1ee9c"},"content":{"rendered":"<p><span style=\"color: #000000;\">M\u1ed7i \u0111\u1ee9a tr\u1ebb \u0111\u1ec1u x\u1ee9ng \u0111\u00e1ng c\u00f3 c\u01a1 h\u1ed9i \u0111\u01b0\u1ee3c m\u01a1 \u01b0\u1edbc, ph\u00e1t tri\u1ec3n v\u00e0 v\u01b0\u01a1n t\u1edbi th\u00e0nh c\u00f4ng. Tuy nhi\u00ean, \u0111\u1ed1i v\u1edbi nhi\u1ec1u tr\u1ebb em \u1edf Vi\u1ec7t Nam, nh\u1eefng r\u00e0o c\u1ea3n v\u1ec1 kinh t\u1ebf, \u0111\u1ecba l\u00ed, th\u1ec3 ch\u1ea5t, v.v. \u0111ang c\u1ea3n b\u01b0\u1edbc c\u00e1c em \u0111\u1ebfn v\u1edbi \u0111i\u1ec1u ki\u1ec7n h\u1ecdc t\u1eadp su\u00f4n s\u1ebb h\u01a1n.<\/span><\/p>\n<p><span style=\"color: #000000;\">Khi h\u1ee3p t\u00e1c v\u1edbi<\/span>\u00a0<span style=\"color: #000000;\">Saigon Children\u2019s Charity (saigonchildren), doanh nghi\u1ec7p c\u1ee7a b\u1ea1n s\u1ebd g\u00f3p ph\u1ea7n t\u1ea1o ra t\u00e1c \u0111\u1ed9ng x\u00e3 h\u1ed9i b\u1ec1n v\u1eefng, mang \u0111\u1ebfn c\u01a1 h\u1ed9i ti\u1ebfp c\u1eadn gi\u00e1o d\u1ee5c v\u00e0 ph\u00e1t tri\u1ec3n ti\u1ec1m n\u0103ng cho tr\u1ebb em v\u00e0 thanh thi\u1ebfu ni\u00ean c\u00f3 xu\u1ea5t ph\u00e1t \u0111i\u1ec3m thi\u1ebfu thu\u1eadn l\u1ee3i t\u1ea1i Vi\u1ec7t Nam, th\u00f4ng qua b\u1ed1n ch\u01b0\u01a1ng tr\u00ecnh ch\u00ednh ph\u00f9 h\u1ee3p v\u1edbi nhu c\u1ea7u th\u1ef1c t\u1ebf c\u1ee7a c\u00e1c em.\u00a0<\/span><\/p>\n<p><span style=\"color: #00aeef;\"><strong>V\u00ec sao l\u1ef1a<\/strong><strong> ch\u1ecdn<\/strong><strong> h\u1ee3p t\u00e1c v\u1edbi saigonchildren?<\/strong><\/span><\/p>\n<p><span style=\"color: #000000;\">H\u01a1n 33 n\u0103m qua, saigonchildren \u0111\u00e3 x\u00e2y d\u1ef1ng \u0111\u01b0\u1ee3c uy t\u00edn v\u1eefng m\u1ea1nh v\u1ec1<span style=\"color: #333399;\"> <a style=\"color: #333399;\" href=\"https:\/\/www.saigonchildren.com\/vi\/about-us\/financial-transparency\/\">minh b\u1ea1ch<\/a><\/span>, tr\u00e1ch nhi\u1ec7m v\u00e0 s\u1ef1 c\u1ed1ng hi\u1ebfn trong vi\u1ec7c x\u00f3a b\u1ecf c\u00e1c r\u00e0o c\u1ea3n gi\u00e1o d\u1ee5c cho tr\u1ebb em Vi\u1ec7t Nam. K\u1ec3 t\u1eeb n\u0103m 1992, ch\u00fang t\u00f4i kh\u00f4ng ng\u1eebng h\u1ed7 tr\u1ee3 \u0111\u1ec3 mang t\u1edbi nh\u1eefng thay \u0111\u1ed5i t\u00edch c\u1ef1c cho c\u00e1c em v\u1edbi hi\u1ec7u qu\u1ea3 thi\u1ebft th\u1ef1c:<\/span><\/p>\n<ul>\n<li><span style=\"color: #000000;\"><strong>H\u01a1n 47.300<\/strong> su\u1ea5t h\u1ecdc b\u1ed5ng \u0111\u01b0\u1ee3c trao<\/span><\/li>\n<li><span style=\"color: #000000;\"><strong>H\u01a1n 27.000<\/strong> l\u01b0\u1ee3t \u0111\u0103ng k\u00ed h\u1ecdc ngh\u1ec1 ng\u1eafn h\u1ea1n, ti\u1ebfng Anh v\u00e0 tin h\u1ecdc mi\u1ec5n ph\u00ed<\/span><\/li>\n<li><span style=\"color: #000000;\"><strong>H\u01a1n 235<\/strong> ng\u00f4i tr\u01b0\u1eddng \u0111\u01b0\u1ee3c x\u00e2y d\u1ef1ng<\/span><\/li>\n<li><span style=\"color: #000000;\"><strong>H\u01a1n 110 <\/strong>d\u1ef1 \u00e1n n\u00e2ng cao n\u0103ng l\u1ef1c trong l\u0129nh v\u1ef1c gi\u00e1o d\u1ee5c \u0111\u1eb7c bi\u1ec7t \u0111\u01b0\u1ee3c tri\u1ec3n khai<\/span><\/li>\n<\/ul>\n<p><span style=\"color: #00aeef;\"><strong>C\u00e1c h\u00ecnh th\u1ee9c h\u1ee3p t\u00e1c doanh nghi\u1ec7p ph\u1ed5 bi\u1ebfn<\/strong><\/span><\/p>\n<p><span style=\"color: #000000;\">Saigonchildren lu\u00f4n s\u1eb5n s\u00e0ng ti\u1ebfp nh\u1eadn v\u00e0 c\u00f9ng doanh nghi\u1ec7p x\u00e2y d\u1ef1ng c\u00e1c h\u00ecnh th\u1ee9c h\u1ee3p t\u00e1c ph\u00f9 h\u1ee3p v\u1edbi gi\u00e1 tr\u1ecb v\u00e0 \u0111\u1ecbnh h\u01b0\u1edbng ph\u00e1t tri\u1ec3n, bao g\u1ed3m:<\/span><\/p>\n<ul>\n<li><span style=\"color: #000000;\"><strong><em>Workplace Giving<\/em>: <\/strong>Khuy\u1ebfn kh\u00edch nh\u00e2n vi\u00ean \u0111\u00f3ng g\u00f3p th\u00f4ng qua c\u00e1c n\u1ec1n t\u1ea3ng nh\u01b0 Benevity, GlobalGiving ho\u1eb7c d\u1ef1 \u00e1n \u0111\u1ed1i \u1ee9ng quy\u00ean g\u00f3p (matching fund) t\u1eeb c\u00f4ng ty\/t\u1ed5 ch\u1ee9c.<\/span><\/li>\n<li><span style=\"color: #000000;\"><strong><em>Corporate Donations<\/em>:<\/strong> H\u1ed7 tr\u1ee3 t\u00e0i tr\u1ee3 h\u1ecdc b\u1ed5ng theo t\u1eebng n\u0103m h\u1ecdc v\u00e0\/ho\u1eb7c cam k\u1ebft \u0111\u1ed3ng h\u00e0nh d\u00e0i h\u1ea1n.<\/span><\/li>\n<li><span style=\"color: #000000;\"><strong><em>Cause Marketing<\/em>:<\/strong> H\u1ee3p t\u00e1c x\u00e2y d\u1ef1ng c\u00e1c chi\u1ebfn d\u1ecbch qu\u1ea3ng b\u00e1 th\u01b0\u01a1ng hi\u1ec7u\/s\u1ea3n ph\u1ea9m\/d\u1ecbch v\u1ee5, k\u1ebft n\u1ed1i v\u1edbi s\u1ee9 m\u1ec7nh c\u1ee7a saigonchildren.<\/span><\/li>\n<\/ul>\n<p><span style=\"color: #000000;\">Ngo\u00e0i ra, ch\u00fang t\u00f4i c\u0169ng s\u1eb5n s\u00e0ng <strong data-start=\"2401\" data-end=\"2453\">\u0111\u1ed3ng thi\u1ebft k\u1ebf c\u00e1c d\u1ef1 \u00e1n d\u00e0i h\u1ea1n ho\u1eb7c \u0111a h\u1ee3p ph\u1ea7n<\/strong>, nh\u1eb1m \u0111\u00e1p \u1ee9ng linh ho\u1ea1t v\u00e0 k\u1ecbp th\u1eddi nhu c\u1ea7u th\u1ef1c t\u1ebf c\u1ee7a tr\u1ebb em v\u00e0 c\u1ed9ng \u0111\u1ed3ng n\u01a1i ch\u00fang t\u00f4i tri\u1ec3n khai ho\u1ea1t \u0111\u1ed9ng.<\/span><\/p>\n<p><span style=\"color: #000000;\">\u0110\u1ec3 t\u00ecm hi\u1ec3u chi ti\u1ebft h\u01a1n tham kh\u1ea3o <em>B\u1ed9 th\u00f4ng tin v\u1ec1 H\u1ee3p t\u00e1c doanh nghi\u1ec7p<\/em> c\u1ee7a saigonchildren <strong><a href=\"https:\/\/www.saigonchildren.com\/wp-content\/uploads\/2026\/01\/Saigonchildren-CSR-Info-Pack-Jan2026.pdf\">t\u1ea1i \u0111\u00e2y<\/a><\/strong>.<\/span><\/p>\n<p><span style=\"color: #000000;\">Nh\u1edd s\u1ef1 \u0111\u1ed3ng h\u00e0nh b\u1ec1n b\u1ec9 v\u00e0 t\u00e2m huy\u1ebft c\u1ee7a c\u00e1c \u0111\u1ed1i t\u00e1c doanh nghi\u1ec7p, m\u1ed7i n\u0103m saigonchildren c\u00f3 th\u1ec3 m\u1edf r\u1ed9ng ph\u1ea1m vi d\u1ef1 \u00e1n, ti\u1ebfp c\u1eadn nhi\u1ec1u khu v\u1ef1c c\u00f2n kh\u00f3 kh\u0103n h\u01a1n, v\u00e0 mang \u0111\u1ebfn nh\u1eefng kh\u1edfi \u0111\u1ea7u t\u1ed1t \u0111\u1eb9p cho tr\u1ebb em tr\u00ean kh\u1eafp Vi\u1ec7t Nam.<\/span><\/p>\n<p><span style=\"color: #000000;\">Vui l\u00f2ng li\u00ean h\u1ec7 qua email: <\/span><span style=\"color: #333399;\"><a style=\"color: #333399;\" href=\"mailto:info@saigonchildren.com\">info@saigonchildren.com<\/a><\/span><span style=\"color: #000000;\"> ho\u1eb7c s\u1ed1 \u0111i\u1ec7n tho\u1ea1i: +84 28 39303502 \u0111\u1ec3 trao \u0111\u1ed5i th\u00eam v\u1ec1 c\u00e1c c\u01a1 h\u1ed9i h\u1ee3p t\u00e1c.<\/span><\/p>\n<p><span style=\"color: #000000;\">Saigonchildren cam k\u1ebft s\u1eed d\u1ee5ng m\u1ecdi \u0111\u00f3ng g\u00f3p m\u1ed9t c\u00e1ch minh b\u1ea1ch v\u00e0 hi\u1ec7u qu\u1ea3, nh\u1eb1m mang l\u1ea1i ch\u1ea5t l\u01b0\u1ee3ng h\u1ed7 tr\u1ee3 t\u1ed1t nh\u1ea5t cho tr\u1ebb em v\u00e0 thanh thi\u1ebfu ni\u00ean m\u00e0 ch\u00fang t\u00f4i \u0111\u1ed3ng h\u00e0nh.<\/span><\/p>","protected":false},"excerpt":{"rendered":"<p>M\u1ed7i \u0111\u1ee9a tr\u1ebb \u0111\u1ec1u x\u1ee9ng \u0111\u00e1ng c\u00f3 c\u01a1 h\u1ed9i \u0111\u01b0\u1ee3c m\u01a1 \u01b0\u1edbc, ph\u00e1t tri\u1ec3n v\u00e0 v\u01b0\u01a1n t\u1edbi th\u00e0nh c\u00f4ng. Tuy nhi\u00ean, \u0111\u1ed1i v\u1edbi nhi\u1ec1u tr\u1ebb em \u1edf Vi\u1ec7t Nam, nh\u1eefng r\u00e0o c\u1ea3n v\u1ec1 kinh t\u1ebf, \u0111\u1ecba l\u00ed, th\u1ec3 ch\u1ea5t, v.v. \u0111ang c\u1ea3n b\u01b0\u1edbc c\u00e1c em \u0111\u1ebfn v\u1edbi \u0111i\u1ec1u ki\u1ec7n h\u1ecdc t\u1eadp su\u00f4n s\u1ebb h\u01a1n. Khi [&hellip;]<\/p>\n","protected":false},"author":1,"featured_media":0,"parent":311,"menu_order":0,"comment_status":"closed","ping_status":"closed","template":"","meta":[],"yoast_head":"<!-- This site is optimized with the Yoast SEO plugin v15.8 - https:\/\/yoast.com\/wordpress\/plugins\/seo\/ -->\n<meta name=\"robots\" content=\"index, follow, max-snippet:-1, max-image-preview:large, max-video-preview:-1\" \/>\n<link rel=\"canonical\" href=\"https:\/\/www.saigonchildren.com\/engage\/corporate-sponsorship\/\" \/>\n<meta property=\"og:locale\" content=\"vi_VN\" \/>\n<meta property=\"og:type\" content=\"article\" \/>\n<meta property=\"og:title\" content=\"T\u00e0i tr\u1ee3 t\u1eeb c\u00e1c doanh nghi\u1ec7p v\u00e0 t\u1ed5 ch\u1ee9c - Saigon Children\u2019s Charity CIO\" \/>\n<meta property=\"og:description\" content=\"M\u1ed7i \u0111\u1ee9a tr\u1ebb \u0111\u1ec1u x\u1ee9ng \u0111\u00e1ng c\u00f3 c\u01a1 h\u1ed9i \u0111\u01b0\u1ee3c m\u01a1 \u01b0\u1edbc, ph\u00e1t tri\u1ec3n v\u00e0 v\u01b0\u01a1n t\u1edbi th\u00e0nh c\u00f4ng. Tuy nhi\u00ean, \u0111\u1ed1i v\u1edbi nhi\u1ec1u tr\u1ebb em \u1edf Vi\u1ec7t Nam, nh\u1eefng r\u00e0o c\u1ea3n v\u1ec1 kinh t\u1ebf, \u0111\u1ecba l\u00ed, th\u1ec3 ch\u1ea5t, v.v. \u0111ang c\u1ea3n b\u01b0\u1edbc c\u00e1c em \u0111\u1ebfn v\u1edbi \u0111i\u1ec1u ki\u1ec7n h\u1ecdc t\u1eadp su\u00f4n s\u1ebb h\u01a1n. Khi [&hellip;]\" \/>\n<meta property=\"og:url\" content=\"https:\/\/www.saigonchildren.com\/engage\/corporate-sponsorship\/\" \/>\n<meta property=\"og:site_name\" content=\"Saigon Children\u2019s Charity CIO\" \/>\n<meta property=\"article:modified_time\" content=\"2026-01-29T09:10:51+00:00\" \/>\n<meta name=\"twitter:card\" content=\"summary\" \/>\n<meta name=\"twitter:label1\" content=\"Est. reading time\">\n\t<meta name=\"twitter:data1\" content=\"3 ph\u00fat\">\n<script type=\"application\/ld+json\" class=\"yoast-schema-graph\">{\"@context\":\"https:\/\/schema.org\",\"@graph\":[{\"@type\":\"WebSite\",\"@id\":\"https:\/\/www.saigonchildren.com\/#website\",\"url\":\"https:\/\/www.saigonchildren.com\/\",\"name\":\"Saigon Children\\u2019s Charity CIO\",\"description\":\"Eliminating Poverty through Education\",\"potentialAction\":[{\"@type\":\"SearchAction\",\"target\":\"https:\/\/www.saigonchildren.com\/?s={search_term_string}\",\"query-input\":\"required name=search_term_string\"}],\"inLanguage\":\"vi\"},{\"@type\":\"WebPage\",\"@id\":\"https:\/\/www.saigonchildren.com\/engage\/corporate-sponsorship\/#webpage\",\"url\":\"https:\/\/www.saigonchildren.com\/engage\/corporate-sponsorship\/\",\"name\":\"T\\u00e0i tr\\u1ee3 t\\u1eeb c\\u00e1c doanh nghi\\u1ec7p v\\u00e0 t\\u1ed5 ch\\u1ee9c - Saigon Children\\u2019s Charity CIO\",\"isPartOf\":{\"@id\":\"https:\/\/www.saigonchildren.com\/#website\"},\"datePublished\":\"2017-11-20T09:45:44+00:00\",\"dateModified\":\"2026-01-29T09:10:51+00:00\",\"breadcrumb\":{\"@id\":\"https:\/\/www.saigonchildren.com\/engage\/corporate-sponsorship\/#breadcrumb\"},\"inLanguage\":\"vi\",\"potentialAction\":[{\"@type\":\"ReadAction\",\"target\":[\"https:\/\/www.saigonchildren.com\/engage\/corporate-sponsorship\/\"]}]},{\"@type\":\"BreadcrumbList\",\"@id\":\"https:\/\/www.saigonchildren.com\/engage\/corporate-sponsorship\/#breadcrumb\",\"itemListElement\":[{\"@type\":\"ListItem\",\"position\":1,\"item\":{\"@type\":\"WebPage\",\"@id\":\"https:\/\/www.saigonchildren.com\/\",\"url\":\"https:\/\/www.saigonchildren.com\/\",\"name\":\"Home\"}},{\"@type\":\"ListItem\",\"position\":2,\"item\":{\"@type\":\"WebPage\",\"@id\":\"https:\/\/www.saigonchildren.com\/engage\/\",\"url\":\"https:\/\/www.saigonchildren.com\/engage\/\",\"name\":\"Engage\"}},{\"@type\":\"ListItem\",\"position\":3,\"item\":{\"@type\":\"WebPage\",\"@id\":\"https:\/\/www.saigonchildren.com\/engage\/corporate-sponsorship\/\",\"url\":\"https:\/\/www.saigonchildren.com\/engage\/corporate-sponsorship\/\",\"name\":\"Corporate Sponsorship\"}}]}]}<\/script>\n<!-- \/ Yoast SEO plugin. -->","_links":{"self":[{"href":"https:\/\/www.saigonchildren.com\/vi\/wp-json\/wp\/v2\/pages\/361"}],"collection":[{"href":"https:\/\/www.saigonchildren.com\/vi\/wp-json\/wp\/v2\/pages"}],"about":[{"href":"https:\/\/www.saigonchildren.com\/vi\/wp-json\/wp\/v2\/types\/page"}],"author":[{"embeddable":true,"href":"https:\/\/www.saigonchildren.com\/vi\/wp-json\/wp\/v2\/users\/1"}],"replies":[{"embeddable":true,"href":"https:\/\/www.saigonchildren.com\/vi\/wp-json\/wp\/v2\/comments?post=361"}],"version-history":[{"count":20,"href":"https:\/\/www.saigonchildren.com\/vi\/wp-json\/wp\/v2\/pages\/361\/revisions"}],"predecessor-version":[{"id":10122,"href":"https:\/\/www.saigonchildren.com\/vi\/wp-json\/wp\/v2\/pages\/361\/revisions\/10122"}],"up":[{"embeddable":true,"href":"https:\/\/www.saigonchildren.com\/vi\/wp-json\/wp\/v2\/pages\/311"}],"wp:attachment":[{"href":"https:\/\/www.saigonchildren.com\/vi\/wp-json\/wp\/v2\/media?parent=361"}],"curies":[{"name":"wp","href":"https:\/\/api.w.org\/{rel}","templated":true}]}}