{"id":4117,"date":"2019-04-08T06:05:46","date_gmt":"2019-04-08T06:05:46","guid":{"rendered":"http:\/\/www.saigonchildren.com\/?page_id=4117"},"modified":"2026-01-29T16:17:05","modified_gmt":"2026-01-29T09:17:05","slug":"fundraise","status":"publish","type":"page","link":"https:\/\/www.saigonchildren.com\/vi\/engage\/fundraise\/","title":{"rendered":"G\u00e2y qu\u1ef9 t\u1ef1 th\u00e2n"},"content":{"rendered":"<p><\/p>\n<div style=\"text-align: justify;\"><span style=\"color: #000000; font-family: arial, helvetica, sans-serif;\">B\u1ea1n mu\u1ed1n g\u1eb7p g\u1ee1 v\u00e0 k\u1ec3 nh\u1eefng c\u00e2u chuy\u1ec7n v\u1edbi b\u1ea1n b\u00e8 \u1edf qu\u00e1n cafe, tr\u00ean Facebook, Twitter, LinkedIn hay WordPress? B\u1ea1n th\u00edch vi\u1ec7c chia s\u1ebb nh\u1ea1c hay cho ng\u01b0\u1eddi b\u1ea1n qu\u00fd m\u1ebfn?<\/span><\/div>\n<div style=\"text-align: justify;\">\n<p style=\"text-align: justify;\"><span style=\"font-family: arial, helvetica, sans-serif;\"><span style=\"color: #000000;\">B\u1ea1n ngh\u0129 th\u1ebf n\u00e0o n\u1ebfu nh\u01b0 s\u1edf th\u00edch b\u1ea3n th\u00e2n tr\u1edf th\u00e0nh h\u00e0nh \u0111\u1ed9ng t\u1ed1t \u0111\u1eb9p gi\u00fap \u0111\u1ee1 nh\u1eefng ho\u00e0n c\u1ea3nh k\u00e9m may m\u1eafn? B\u1ea1n c\u00f3 s\u1eb5n l\u00f2ng k\u00eau g\u1ecdi b\u1ea1n b\u00e8, gia \u0111\u00ecnh c\u00f9ng tham gia v\u1edbi m\u00ecnh kh\u00f4ng? <\/span><\/span><\/p>\n<p style=\"text-align: justify;\"><span style=\"font-family: arial, helvetica, sans-serif;\"><span style=\"color: #000000;\">N\u1ebfu b\u1ea1n \u0111ang \u0111\u1ecdc nh\u1eefng d\u00f2ng n\u00e0y, ch\u00fang t\u00f4i hi v\u1ecdng b\u1ea1n s\u1ebd l\u00e0 m\u1ed9t trong s\u1ed1 nh\u1eefng t\u1ea5m l\u00f2ng cao th\u01b0\u1ee3ng c\u00f9ng chung tay gi\u00fap \u0111\u1ee1 tr\u1ebb em ngh\u00e8o t\u1ea1i Vi\u1ec7t Nam. Ch\u00fang t\u00f4i, saigonchildren, s\u1ebd \u0111\u1ed3ng h\u00e0nh c\u00f9ng b\u1ea1n!<\/span><\/span><\/p>\n<\/div>\n<div><\/div>\n<div>\n<div style=\"text-align: center;\"><span style=\"color: #00aeef;\"><em><span style=\"font-size: 18pt;\"><strong><span style=\"font-family: arial, helvetica, sans-serif;\">&#8220;We are living in a peer-to-peer world,<\/span><\/strong><\/span><\/em><\/span><\/div>\n<div style=\"text-align: center;\">\n<p><span style=\"color: #00aeef;\"><em><span style=\"font-size: 18pt;\"><strong><span style=\"font-family: arial, helvetica, sans-serif;\"> in which fundraising to do good is no exception&#8221;<\/span><\/strong><\/span><\/em><\/span><\/p>\n<\/div>\n<\/div>\n<div style=\"text-align: center;\">\n<p><a id=\"PS-SCHpaypal\" class=\"button_VN\" href=\"https:\/\/saigonchildren-fundraisers.funraise.org\/\" target=\"_blank\" rel=\"noopener noreferrer\">CH\u1ea0Y CHI\u1ebeN D\u1ecaCH C\u1ee6A RI\u00caNG B\u1ea0N<\/a><\/p>\n<p style=\"text-align: left;\"><em>Xem b\u1ed9 h\u01b0\u1edbng d\u1eabn g\u00e2y qu\u1ef9 c\u00e1 nh\u00e2n t\u1ea1i: <span style=\"font-family: helvetica, arial, sans-serif;\"><strong><a href=\"https:\/\/www.saigonchildren.com\/wp-content\/uploads\/2024\/06\/A-FUNDRAISING-TOOLKIT-VI.pdf\" target=\"\" rel=\"noopener noreferrer\">A FUNDRAISING TOOLKIT (VI)<\/a><\/strong><\/span><\/em><\/p>\n<p>&nbsp;<\/p>\n<\/div>\n<div><span style=\"font-family: georgia, palatino, serif;\"><strong><span style=\"color: #00aeef;\">B\u01af\u1edaC 1: L\u00caN \u00dd T\u01af\u1edeNG<\/span><\/strong><\/span><\/div>\n<div>\n<p><span style=\"font-family: arial, helvetica, sans-serif;\">Ch\u1ec9 m\u1ea5t v\u00e0i ph\u00fat \u0111\u1ec3 b\u1eaft \u0111\u1ea7u h\u00e0nh tr\u00ecnh g\u00e2y qu\u1ef9 cho tr\u1ebb em k\u00e9m may m\u1eafn t\u1ea1i Vi\u1ec7t Nam. H\u00e3y quy\u1ebft \u0111\u1ecbnh th\u1ee9 b\u1ea1n mu\u1ed1n l\u00e0m. L\u01b0u l\u1ea1i t\u00ean. C\u00f9ng 1 chi\u1ebfc \u1ea3nh. V\u00e0 m\u1ecdi th\u1ee9 \u0111\u00e3 s\u1eb5n s\u00e0ng!<\/span><\/p>\n<\/div>\n<div><img loading=\"lazy\" class=\"aligncenter wp-image-9304 size-large\" src=\"https:\/\/www.saigonchildren.com\/wp-content\/uploads\/2024\/06\/A-FUNDRAISING-TOOLKIT-VI-1024x576.png\" alt=\"\" width=\"1024\" height=\"576\" srcset=\"https:\/\/www.saigonchildren.com\/wp-content\/uploads\/2024\/06\/A-FUNDRAISING-TOOLKIT-VI-1024x576.png 1024w, https:\/\/www.saigonchildren.com\/wp-content\/uploads\/2024\/06\/A-FUNDRAISING-TOOLKIT-VI-300x169.png 300w, https:\/\/www.saigonchildren.com\/wp-content\/uploads\/2024\/06\/A-FUNDRAISING-TOOLKIT-VI-768x432.png 768w, https:\/\/www.saigonchildren.com\/wp-content\/uploads\/2024\/06\/A-FUNDRAISING-TOOLKIT-VI-1536x864.png 1536w, https:\/\/www.saigonchildren.com\/wp-content\/uploads\/2024\/06\/A-FUNDRAISING-TOOLKIT-VI.png 1920w\" sizes=\"(max-width: 1024px) 100vw, 1024px\" \/><\/div>\n<p>&nbsp;<\/p>\n<p><span style=\"color: #00aeef; font-family: georgia, palatino, serif;\"><strong>B\u01af\u1edaC 2: CHIA S\u1eba V\u1edaI M\u1eccI NG\u01af\u1edcI<\/strong><\/span><\/p>\n<p><span style=\"color: #000000;\"><span style=\"font-family: arial, helvetica, sans-serif;\">M\u1ed9t khi chi\u1ebfn d\u1ecbch \u0111\u00e3 \u0111\u01b0\u1ee3c s\u1eb5n s\u00e0ng, h\u00e3y lan t\u1ecfa n\u00f3 \u0111\u1ebfn v\u1edbi nhi\u1ec1u ng\u01b0\u1eddi h\u01a1n. C\u00e0ng nhi\u1ec1u ng\u01b0\u1eddi bi\u1ebft v\u1ec1 chi\u1ebfn d\u1ecbch c\u1ee7a b\u1ea1n, s\u1ed1 qu\u1ef9 c\u00e0ng \u0111\u01b0\u1ee3c t\u0103ng l\u00ean nhanh.<\/span><\/span><\/p>\n<p><img loading=\"lazy\" class=\"aligncenter wp-image-9307 size-large\" src=\"https:\/\/www.saigonchildren.com\/wp-content\/uploads\/2024\/06\/Chia-se-voi-moi-nguoi-MXH-1024x576.png\" alt=\"\" width=\"1024\" height=\"576\" srcset=\"https:\/\/www.saigonchildren.com\/wp-content\/uploads\/2024\/06\/Chia-se-voi-moi-nguoi-MXH-1024x576.png 1024w, https:\/\/www.saigonchildren.com\/wp-content\/uploads\/2024\/06\/Chia-se-voi-moi-nguoi-MXH-300x169.png 300w, https:\/\/www.saigonchildren.com\/wp-content\/uploads\/2024\/06\/Chia-se-voi-moi-nguoi-MXH-768x432.png 768w, https:\/\/www.saigonchildren.com\/wp-content\/uploads\/2024\/06\/Chia-se-voi-moi-nguoi-MXH-1536x864.png 1536w, https:\/\/www.saigonchildren.com\/wp-content\/uploads\/2024\/06\/Chia-se-voi-moi-nguoi-MXH.png 1920w\" sizes=\"(max-width: 1024px) 100vw, 1024px\" \/><\/p>\n<p>&nbsp;<\/p>\n<p><strong style=\"font-family: georgia, palatino, serif;\"><span style=\"color: #00aeef;\">B\u01af\u1edaC 3: XEM L\u1ea0I TH\u00c0NH QU\u1ea2 T\u1eea CHI\u1ebeN D\u1ecaCH\u00a0<\/span><\/strong><\/p>\n<p><span style=\"font-family: arial, helvetica, sans-serif; color: #00aeef;\"><span style=\"color: #000000;\">Khi chi\u1ebfn d\u1ecbch k\u1ebft th\u00fac, ch\u00fang t\u00f4i s\u1ebd trao 100% s\u1ed1 qu\u1ef9 b\u1ea1n g\u00e2y \u0111\u01b0\u1ee3c \u0111\u1ebfn nh\u1eefng tr\u1ebb \u0111ang c\u1ea7n \u0111\u01b0\u1ee3c h\u1ed7 tr\u1ee3. Sau \u0111\u00f3, h<span class=\"OYPEnA text-decoration-none text-strikethrough-none\">\u00e3y g\u1eedi th\u00f4ng tin c\u1ee7a b\u1ea1n th\u00f4ng qua email <\/span><a href=\"mailto:info@saigonchildren.com\"><span class=\"OYPEnA text-decoration-none text-strikethrough-none\">info@saigonchildren.com<\/span><\/a><span class=\"OYPEnA text-decoration-none text-strikethrough-none\">. Th\u00f4ng tin chi ti\u1ebft bao g\u1ed3m t\u00ean, chi\u1ebfn d\u1ecbch, t\u1ed5ng s\u1ed1 ti\u1ec1n g\u00e2y qu\u1ef9 v\u00e0 ch\u00fang t\u00f4i s\u1ebd g\u1eedi cho b\u1ea1n gi\u1ea5y ch\u1ee9ng nh\u1eadn trong v\u00f2ng 2 ng\u00e0y l\u00e0m vi\u1ec7c.<\/span><\/span><\/span><\/p>\n<div><\/div>\n<div>\n<p><span style=\"font-family: arial, helvetica, sans-serif; color: #00aeef;\"><span style=\"color: #000000;\"><img loading=\"lazy\" class=\"aligncenter wp-image-5947 size-full\" src=\"https:\/\/www.saigonchildren.com\/wp-content\/uploads\/2019\/01\/CanTho-3384.jpg\" alt=\"\" width=\"1024\" height=\"683\" srcset=\"https:\/\/www.saigonchildren.com\/wp-content\/uploads\/2019\/01\/CanTho-3384.jpg 1024w, https:\/\/www.saigonchildren.com\/wp-content\/uploads\/2019\/01\/CanTho-3384-300x200.jpg 300w, https:\/\/www.saigonchildren.com\/wp-content\/uploads\/2019\/01\/CanTho-3384-768x512.jpg 768w\" sizes=\"(max-width: 1024px) 100vw, 1024px\" \/><\/span><\/span><\/p>\n<\/div>\n<div style=\"text-align: center;\"><a id=\"PS-SCHpaypal\" class=\"button_VN\" href=\"https:\/\/saigonchildren-fundraisers.funraise.org\/\" target=\"_blank\" rel=\"noopener noreferrer\">\u00a0B\u1eaeT \u0110\u1ea6U CHI\u1ebeN D\u1ecaCH!<\/a><\/div>\n<div><\/div>\n<p><\/p>","protected":false},"excerpt":{"rendered":"<p>B\u1ea1n mu\u1ed1n g\u1eb7p g\u1ee1 v\u00e0 k\u1ec3 nh\u1eefng c\u00e2u chuy\u1ec7n v\u1edbi b\u1ea1n b\u00e8 \u1edf qu\u00e1n cafe, tr\u00ean Facebook, Twitter, LinkedIn hay WordPress? B\u1ea1n th\u00edch vi\u1ec7c chia s\u1ebb nh\u1ea1c hay cho ng\u01b0\u1eddi b\u1ea1n qu\u00fd m\u1ebfn? B\u1ea1n ngh\u0129 th\u1ebf n\u00e0o n\u1ebfu nh\u01b0 s\u1edf th\u00edch b\u1ea3n th\u00e2n tr\u1edf th\u00e0nh h\u00e0nh \u0111\u1ed9ng t\u1ed1t \u0111\u1eb9p gi\u00fap \u0111\u1ee1 nh\u1eefng ho\u00e0n c\u1ea3nh k\u00e9m [&hellip;]<\/p>\n","protected":false},"author":1,"featured_media":0,"parent":311,"menu_order":0,"comment_status":"closed","ping_status":"closed","template":"","meta":[],"yoast_head":"<!-- This site is optimized with the Yoast SEO plugin v15.8 - https:\/\/yoast.com\/wordpress\/plugins\/seo\/ -->\n<meta name=\"robots\" content=\"index, follow, max-snippet:-1, max-image-preview:large, max-video-preview:-1\" \/>\n<link rel=\"canonical\" href=\"https:\/\/www.saigonchildren.com\/engage\/fundraise\/\" \/>\n<meta property=\"og:locale\" content=\"vi_VN\" \/>\n<meta property=\"og:type\" content=\"article\" \/>\n<meta property=\"og:title\" content=\"G\u00e2y qu\u1ef9 t\u1ef1 th\u00e2n - Saigon Children\u2019s Charity CIO\" \/>\n<meta property=\"og:description\" content=\"B\u1ea1n mu\u1ed1n g\u1eb7p g\u1ee1 v\u00e0 k\u1ec3 nh\u1eefng c\u00e2u chuy\u1ec7n v\u1edbi b\u1ea1n b\u00e8 \u1edf qu\u00e1n cafe, tr\u00ean Facebook, Twitter, LinkedIn hay WordPress? B\u1ea1n th\u00edch vi\u1ec7c chia s\u1ebb nh\u1ea1c hay cho ng\u01b0\u1eddi b\u1ea1n qu\u00fd m\u1ebfn? B\u1ea1n ngh\u0129 th\u1ebf n\u00e0o n\u1ebfu nh\u01b0 s\u1edf th\u00edch b\u1ea3n th\u00e2n tr\u1edf th\u00e0nh h\u00e0nh \u0111\u1ed9ng t\u1ed1t \u0111\u1eb9p gi\u00fap \u0111\u1ee1 nh\u1eefng ho\u00e0n c\u1ea3nh k\u00e9m [&hellip;]\" \/>\n<meta property=\"og:url\" content=\"https:\/\/www.saigonchildren.com\/engage\/fundraise\/\" \/>\n<meta property=\"og:site_name\" content=\"Saigon Children\u2019s Charity CIO\" \/>\n<meta property=\"article:modified_time\" content=\"2026-01-29T09:17:05+00:00\" \/>\n<meta property=\"og:image\" content=\"https:\/\/www.saigonchildren.com\/wp-content\/uploads\/2024\/06\/A-FUNDRAISING-TOOLKIT-EN-1024x576.png\" \/>\n<meta name=\"twitter:card\" content=\"summary\" \/>\n<meta name=\"twitter:label1\" content=\"Est. reading time\">\n\t<meta name=\"twitter:data1\" content=\"2 ph\u00fat\">\n<script type=\"application\/ld+json\" class=\"yoast-schema-graph\">{\"@context\":\"https:\/\/schema.org\",\"@graph\":[{\"@type\":\"WebSite\",\"@id\":\"https:\/\/www.saigonchildren.com\/#website\",\"url\":\"https:\/\/www.saigonchildren.com\/\",\"name\":\"Saigon Children\\u2019s Charity CIO\",\"description\":\"Eliminating Poverty through Education\",\"potentialAction\":[{\"@type\":\"SearchAction\",\"target\":\"https:\/\/www.saigonchildren.com\/?s={search_term_string}\",\"query-input\":\"required name=search_term_string\"}],\"inLanguage\":\"vi\"},{\"@type\":\"ImageObject\",\"@id\":\"https:\/\/www.saigonchildren.com\/engage\/fundraise\/#primaryimage\",\"inLanguage\":\"vi\",\"url\":\"https:\/\/www.saigonchildren.com\/wp-content\/uploads\/2024\/06\/A-FUNDRAISING-TOOLKIT-EN.png\",\"width\":1920,\"height\":1080},{\"@type\":\"WebPage\",\"@id\":\"https:\/\/www.saigonchildren.com\/engage\/fundraise\/#webpage\",\"url\":\"https:\/\/www.saigonchildren.com\/engage\/fundraise\/\",\"name\":\"G\\u00e2y qu\\u1ef9 t\\u1ef1 th\\u00e2n - Saigon Children\\u2019s Charity CIO\",\"isPartOf\":{\"@id\":\"https:\/\/www.saigonchildren.com\/#website\"},\"primaryImageOfPage\":{\"@id\":\"https:\/\/www.saigonchildren.com\/engage\/fundraise\/#primaryimage\"},\"datePublished\":\"2019-04-08T06:05:46+00:00\",\"dateModified\":\"2026-01-29T09:17:05+00:00\",\"breadcrumb\":{\"@id\":\"https:\/\/www.saigonchildren.com\/engage\/fundraise\/#breadcrumb\"},\"inLanguage\":\"vi\",\"potentialAction\":[{\"@type\":\"ReadAction\",\"target\":[\"https:\/\/www.saigonchildren.com\/engage\/fundraise\/\"]}]},{\"@type\":\"BreadcrumbList\",\"@id\":\"https:\/\/www.saigonchildren.com\/engage\/fundraise\/#breadcrumb\",\"itemListElement\":[{\"@type\":\"ListItem\",\"position\":1,\"item\":{\"@type\":\"WebPage\",\"@id\":\"https:\/\/www.saigonchildren.com\/\",\"url\":\"https:\/\/www.saigonchildren.com\/\",\"name\":\"Home\"}},{\"@type\":\"ListItem\",\"position\":2,\"item\":{\"@type\":\"WebPage\",\"@id\":\"https:\/\/www.saigonchildren.com\/engage\/\",\"url\":\"https:\/\/www.saigonchildren.com\/engage\/\",\"name\":\"Engage\"}},{\"@type\":\"ListItem\",\"position\":3,\"item\":{\"@type\":\"WebPage\",\"@id\":\"https:\/\/www.saigonchildren.com\/engage\/fundraise\/\",\"url\":\"https:\/\/www.saigonchildren.com\/engage\/fundraise\/\",\"name\":\"Fundraise\"}}]}]}<\/script>\n<!-- \/ Yoast SEO plugin. -->","_links":{"self":[{"href":"https:\/\/www.saigonchildren.com\/vi\/wp-json\/wp\/v2\/pages\/4117"}],"collection":[{"href":"https:\/\/www.saigonchildren.com\/vi\/wp-json\/wp\/v2\/pages"}],"about":[{"href":"https:\/\/www.saigonchildren.com\/vi\/wp-json\/wp\/v2\/types\/page"}],"author":[{"embeddable":true,"href":"https:\/\/www.saigonchildren.com\/vi\/wp-json\/wp\/v2\/users\/1"}],"replies":[{"embeddable":true,"href":"https:\/\/www.saigonchildren.com\/vi\/wp-json\/wp\/v2\/comments?post=4117"}],"version-history":[{"count":36,"href":"https:\/\/www.saigonchildren.com\/vi\/wp-json\/wp\/v2\/pages\/4117\/revisions"}],"predecessor-version":[{"id":10126,"href":"https:\/\/www.saigonchildren.com\/vi\/wp-json\/wp\/v2\/pages\/4117\/revisions\/10126"}],"up":[{"embeddable":true,"href":"https:\/\/www.saigonchildren.com\/vi\/wp-json\/wp\/v2\/pages\/311"}],"wp:attachment":[{"href":"https:\/\/www.saigonchildren.com\/vi\/wp-json\/wp\/v2\/media?parent=4117"}],"curies":[{"name":"wp","href":"https:\/\/api.w.org\/{rel}","templated":true}]}}