{"id":4122,"date":"2019-04-08T06:40:17","date_gmt":"2019-04-08T06:40:17","guid":{"rendered":"http:\/\/www.saigonchildren.com\/?page_id=4122"},"modified":"2023-05-26T09:31:29","modified_gmt":"2023-05-26T02:31:29","slug":"our-works","status":"publish","type":"page","link":"https:\/\/www.saigonchildren.com\/vi\/what-we-do\/our-works\/","title":{"rendered":"C\u00e1c ch\u01b0\u01a1ng tr\u00ecnh"},"content":{"rendered":"<p>Saigon Children\u2019s Charity CIO (saigonchildren), th\u00e0nh l\u1eadp n\u0103m 1992 t\u1ea1i Anh Qu\u1ed1c, l\u00e0 t\u1ed5 ch\u1ee9c t\u1eeb thi\u1ec7n t\u1eadp trung v\u00e0o tr\u1ebb em, c\u1ee5 th\u1ec3 l\u00e0 h\u1ed7 tr\u1ee3 tr\u1ebb em kh\u00f3 kh\u0103n c\u00f3 nh\u1eefng c\u01a1 h\u1ed9i t\u1ed1t h\u01a1n trong t\u01b0\u01a1ng lai th\u00f4ng qua vi\u1ec7c gi\u00fap c\u00e1c em g\u1ee1 b\u1ecf nh\u1eefng r\u00e0o c\u1ea3n ti\u1ebfp c\u1eadn v\u1edbi gi\u00e1o d\u1ee5c. Saigonchildren ho\u1ea1t \u0111\u1ed9ng t\u1ea1i nhi\u1ec1u t\u1ec9nh th\u00e0nh tr\u00ean kh\u1eafp Vi\u1ec7t Nam, v\u1edbi c\u00e1c ch\u01b0\u01a1ng tr\u00ecnh nh\u01b0 x\u00e2y tr\u01b0\u1eddng \u1edf v\u00f9ng s\u00e2u v\u00f9ng xa, trao h\u1ecdc b\u1ed5ng, \u0111\u00e0o t\u1ea1o ngh\u1ec1 v\u00e0 k\u1ef9 n\u0103ng, v\u00e0 h\u1ed7 tr\u1ee3 gi\u00e1o d\u1ee5c \u0111\u1eb7c bi\u1ec7t (cho tr\u1ebb em khuy\u1ebft t\u1eadt).<\/p>\n<p>T\u00ecm hi\u1ec3u th\u00eam v\u1ec1 4 ch\u01b0\u01a1ng tr\u00ecnh c\u1ee7a saigonchildren th\u00f4ng qua thanh menu b\u00ean tr\u00e1i nh\u00e9.<\/p>","protected":false},"excerpt":{"rendered":"<p>Saigon Children\u2019s Charity CIO (saigonchildren), th\u00e0nh l\u1eadp n\u0103m 1992 t\u1ea1i Anh Qu\u1ed1c, l\u00e0 t\u1ed5 ch\u1ee9c t\u1eeb thi\u1ec7n t\u1eadp trung v\u00e0o tr\u1ebb em, c\u1ee5 th\u1ec3 l\u00e0 h\u1ed7 tr\u1ee3 tr\u1ebb em kh\u00f3 kh\u0103n c\u00f3 nh\u1eefng c\u01a1 h\u1ed9i t\u1ed1t h\u01a1n trong t\u01b0\u01a1ng lai th\u00f4ng qua vi\u1ec7c gi\u00fap c\u00e1c em g\u1ee1 b\u1ecf nh\u1eefng r\u00e0o c\u1ea3n ti\u1ebfp c\u1eadn v\u1edbi gi\u00e1o [&hellip;]<\/p>\n","protected":false},"author":1,"featured_media":0,"parent":305,"menu_order":0,"comment_status":"closed","ping_status":"closed","template":"","meta":[],"yoast_head":"<!-- This site is optimized with the Yoast SEO plugin v15.8 - https:\/\/yoast.com\/wordpress\/plugins\/seo\/ -->\n<meta name=\"robots\" content=\"index, follow, max-snippet:-1, max-image-preview:large, max-video-preview:-1\" \/>\n<link rel=\"canonical\" href=\"https:\/\/www.saigonchildren.com\/what-we-do\/our-works\/\" \/>\n<meta property=\"og:locale\" content=\"vi_VN\" \/>\n<meta property=\"og:type\" content=\"article\" \/>\n<meta property=\"og:title\" content=\"C\u00e1c ch\u01b0\u01a1ng tr\u00ecnh - Saigon Children\u2019s Charity CIO\" \/>\n<meta property=\"og:description\" content=\"Saigon Children\u2019s Charity CIO (saigonchildren), th\u00e0nh l\u1eadp n\u0103m 1992 t\u1ea1i Anh Qu\u1ed1c, l\u00e0 t\u1ed5 ch\u1ee9c t\u1eeb thi\u1ec7n t\u1eadp trung v\u00e0o tr\u1ebb em, c\u1ee5 th\u1ec3 l\u00e0 h\u1ed7 tr\u1ee3 tr\u1ebb em kh\u00f3 kh\u0103n c\u00f3 nh\u1eefng c\u01a1 h\u1ed9i t\u1ed1t h\u01a1n trong t\u01b0\u01a1ng lai th\u00f4ng qua vi\u1ec7c gi\u00fap c\u00e1c em g\u1ee1 b\u1ecf nh\u1eefng r\u00e0o c\u1ea3n ti\u1ebfp c\u1eadn v\u1edbi gi\u00e1o [&hellip;]\" \/>\n<meta property=\"og:url\" content=\"https:\/\/www.saigonchildren.com\/what-we-do\/our-works\/\" \/>\n<meta property=\"og:site_name\" content=\"Saigon Children\u2019s Charity CIO\" \/>\n<meta property=\"article:modified_time\" content=\"2023-05-26T02:31:29+00:00\" \/>\n<meta name=\"twitter:card\" content=\"summary\" \/>\n<meta name=\"twitter:label1\" content=\"Est. reading time\">\n\t<meta name=\"twitter:data1\" content=\"1 ph\u00fat\">\n<script type=\"application\/ld+json\" class=\"yoast-schema-graph\">{\"@context\":\"https:\/\/schema.org\",\"@graph\":[{\"@type\":\"WebSite\",\"@id\":\"https:\/\/www.saigonchildren.com\/#website\",\"url\":\"https:\/\/www.saigonchildren.com\/\",\"name\":\"Saigon Children\\u2019s Charity CIO\",\"description\":\"Eliminating Poverty through Education\",\"potentialAction\":[{\"@type\":\"SearchAction\",\"target\":\"https:\/\/www.saigonchildren.com\/?s={search_term_string}\",\"query-input\":\"required name=search_term_string\"}],\"inLanguage\":\"vi\"},{\"@type\":\"WebPage\",\"@id\":\"https:\/\/www.saigonchildren.com\/what-we-do\/our-works\/#webpage\",\"url\":\"https:\/\/www.saigonchildren.com\/what-we-do\/our-works\/\",\"name\":\"C\\u00e1c ch\\u01b0\\u01a1ng tr\\u00ecnh - Saigon Children\\u2019s Charity CIO\",\"isPartOf\":{\"@id\":\"https:\/\/www.saigonchildren.com\/#website\"},\"datePublished\":\"2019-04-08T06:40:17+00:00\",\"dateModified\":\"2023-05-26T02:31:29+00:00\",\"breadcrumb\":{\"@id\":\"https:\/\/www.saigonchildren.com\/what-we-do\/our-works\/#breadcrumb\"},\"inLanguage\":\"vi\",\"potentialAction\":[{\"@type\":\"ReadAction\",\"target\":[\"https:\/\/www.saigonchildren.com\/what-we-do\/our-works\/\"]}]},{\"@type\":\"BreadcrumbList\",\"@id\":\"https:\/\/www.saigonchildren.com\/what-we-do\/our-works\/#breadcrumb\",\"itemListElement\":[{\"@type\":\"ListItem\",\"position\":1,\"item\":{\"@type\":\"WebPage\",\"@id\":\"https:\/\/www.saigonchildren.com\/\",\"url\":\"https:\/\/www.saigonchildren.com\/\",\"name\":\"Home\"}},{\"@type\":\"ListItem\",\"position\":2,\"item\":{\"@type\":\"WebPage\",\"@id\":\"https:\/\/www.saigonchildren.com\/vi\/what-we-do\/\",\"url\":\"https:\/\/www.saigonchildren.com\/vi\/what-we-do\/\",\"name\":\"Ho\\u1ea1t \\u0111\\u1ed9ng\"}},{\"@type\":\"ListItem\",\"position\":3,\"item\":{\"@type\":\"WebPage\",\"@id\":\"https:\/\/www.saigonchildren.com\/what-we-do\/our-works\/\",\"url\":\"https:\/\/www.saigonchildren.com\/what-we-do\/our-works\/\",\"name\":\"Our Works\"}}]}]}<\/script>\n<!-- \/ Yoast SEO plugin. -->","_links":{"self":[{"href":"https:\/\/www.saigonchildren.com\/vi\/wp-json\/wp\/v2\/pages\/4122"}],"collection":[{"href":"https:\/\/www.saigonchildren.com\/vi\/wp-json\/wp\/v2\/pages"}],"about":[{"href":"https:\/\/www.saigonchildren.com\/vi\/wp-json\/wp\/v2\/types\/page"}],"author":[{"embeddable":true,"href":"https:\/\/www.saigonchildren.com\/vi\/wp-json\/wp\/v2\/users\/1"}],"replies":[{"embeddable":true,"href":"https:\/\/www.saigonchildren.com\/vi\/wp-json\/wp\/v2\/comments?post=4122"}],"version-history":[{"count":6,"href":"https:\/\/www.saigonchildren.com\/vi\/wp-json\/wp\/v2\/pages\/4122\/revisions"}],"predecessor-version":[{"id":8416,"href":"https:\/\/www.saigonchildren.com\/vi\/wp-json\/wp\/v2\/pages\/4122\/revisions\/8416"}],"up":[{"embeddable":true,"href":"https:\/\/www.saigonchildren.com\/vi\/wp-json\/wp\/v2\/pages\/305"}],"wp:attachment":[{"href":"https:\/\/www.saigonchildren.com\/vi\/wp-json\/wp\/v2\/media?parent=4122"}],"curies":[{"name":"wp","href":"https:\/\/api.w.org\/{rel}","templated":true}]}}