{"id":517,"date":"2017-11-23T08:40:00","date_gmt":"2017-11-23T08:40:00","guid":{"rendered":"http:\/\/new.saigonchildren.com\/?page_id=517"},"modified":"2022-10-14T11:19:43","modified_gmt":"2022-10-14T04:19:43","slug":"sponsorship-programme","status":"publish","type":"page","link":"https:\/\/www.saigonchildren.com\/vi\/sponsorship-programme\/","title":{"rendered":"T\u00e0i tr\u1ee3 h\u1ecdc b\u1ed5ng cho tr\u1ebb"},"content":{"rendered":"<p><span style=\"font-family: verdana, geneva, sans-serif;\">M\u1ed9t ph\u1ea7n qu\u00e0 \u00fd ngh\u0129a gi\u00fap m\u1edf ra t\u01b0\u01a1ng lai t\u01b0\u01a1i s\u00e1ng h\u01a1n cho tr\u1ebb em kh\u00f3 kh\u0103n, b\u1ea1n c\u00f3 th\u1ec3 trao t\u1eb7ng ngay h\u00f4m nay?<\/span><\/p>\n<p style=\"text-align: center;\"><a class=\"button_EN\" href=\"https:\/\/sponsorship.saigonchildren.com\/\" target=\"_blank\" rel=\"noopener noreferrer\">T\u00c0I TR\u1ee2 H\u1eccC B\u1ed4NG CHO TR\u1eba<\/a><\/p>\n<p><span style=\"font-family: verdana, geneva, sans-serif;\">M\u1ed7i n\u0103m, nh\u1edd nh\u1eefng gi\u00fap s\u1ee9c v\u00e0 \u1ee7ng h\u1ed9 t\u1eeb r\u1ea5t nhi\u1ec1u nh\u00e0 h\u1ea3o t\u00e2m, t\u1ed5 ch\u1ee9c <a href=\"https:\/\/www.saigonchildren.com\/\">saigonchildren<\/a> trao t\u1eb7ng h\u00e0ng ng\u00e0n su\u1ea5t h\u1ecdc b\u1ed5ng cho tr\u1ebb em ngh\u00e8o Vi\u1ec7t Nam v\u1edbi mong mu\u1ed1n c\u00e1c em \u0111\u01b0\u1ee3c ph\u00e1t tri\u1ec3n trong m\u00f4i tr\u01b0\u1eddng gi\u00e1o d\u1ee5c ph\u00f9 h\u1ee3p. Tuy nhi\u00ean, v\u1eabn c\u00f2n r\u1ea5t nhi\u1ec1u em ch\u01b0a c\u00f3 c\u01a1 h\u1ed9i t\u1edbi tr\u01b0\u1eddng. Saigonchildren c\u1ea7n b\u1ea1n ti\u1ebfp s\u1ee9c \u0111\u1ec3 mang \u0111\u1ebfn cho c\u00e1c em c\u01a1 h\u1ed9i \u1ea5y.<\/span><\/p>\n<p><span style=\"font-family: verdana, geneva, sans-serif;\">T\u1eeb th\u00e1ng t\u01b0 2018, saigonchildren c\u1eadp nh\u1eadt c\u00e1c g\u00f3i h\u1ecdc b\u1ed5ng m\u1edbi v\u1edbi m\u1ee5c ti\u00eau h\u1ed7 tr\u1ee3 \u0111\u1ea7y \u0111\u1ee7 nh\u1ea5t cho tr\u1ebb trong qu\u00e1 tr\u00ecnh h\u1ecdc t\u1eadp, \u0111\u1eb7c bi\u1ec7t t\u1eadp trung v\u00e0o m\u1ee5c ti\u00eau gi\u1ea3m t\u1ec9 l\u1ec7 tr\u1ebb b\u1ecf h\u1ecdc t\u1eeb b\u1eadc Trung h\u1ecdc c\u01a1 s\u1edf v\u00e0 mang l\u1ea1i nhi\u1ec1u h\u01a1n nh\u1eefng c\u01a1 h\u1ed9i ph\u00e1t tri\u1ec3n h\u1ecdc v\u1ea5n cho tr\u1ebb.\u00a0<\/span><\/p>\n<p><span style=\"font-family: verdana, geneva, sans-serif;\">Khi tr\u1edf th\u00e0nh nh\u00e0 t\u00e0i tr\u1ee3 c\u1ee7a saigonchildren, b\u1ea1n c\u00f3 th\u1ec3 \u0111\u1ed3ng h\u00e0nh c\u00f9ng tr\u1ebb trong qu\u00e1 tr\u00ecnh h\u1ecdc t\u1eadp qua c\u00e1c b\u1ea3n b\u00e1o c\u00e1o h\u00e0ng qu\u00fd v\u00e0 nh\u1eefng c\u00e2u chuy\u1ec7n \u00fd ngh\u0129a tr\u00ean con \u0111\u01b0\u1eddng v\u01b0\u1ee3t kh\u00f3 \u0111\u1ec3 ng\u00e0y m\u1ed9t ti\u1ebfn b\u1ed9 c\u1ee7a tr\u1ebb.<\/span><\/p>\n<p><em><span style=\"font-family: verdana, geneva, sans-serif;\">T\u00e0i tr\u1ee3 h\u1ecdc b\u1ed5ng cho tr\u1ebb em c\u00f3 ho\u00e0n c\u1ea3nh kh\u00f3 kh\u0103n \u0111\u1ec3 c\u00e1nh c\u1eeda t\u1edbi tr\u01b0\u1eddng c\u1ee7a c\u00e1c em tr\u1edf th\u00e0nh hi\u1ec7n th\u1ef1c v\u00e0 t\u01b0\u01a1ng lai c\u1ee7a c\u00e1c em r\u1ed9ng m\u1edf h\u01a1n, c\u00f4ng b\u1eb1ng h\u01a1n. B\u1ea1n h\u00e3y ch\u1ecdn m\u1ed9t trong s\u1ed1 c\u00e1c g\u00f3i h\u1ecdc b\u1ed5ng d\u01b0\u1edbi \u0111\u00e2y \u0111\u1ec3 trao t\u1eb7ng m\u00f3n qu\u00e0 \u0111\u1ea7y \u00fd ngh\u0129a t\u1edbi c\u00e1c em nh\u00e9!<\/span><\/em><\/p>\n<p style=\"text-align: center;\"><strong>B\u1ea0N \u0110\u00c3 S\u1eb4N S\u00c0NG H\u1ed6 TR\u1ee2 M\u1ed8T TR\u1eba T\u1edaI TR\u01af\u1edcNG!\u00a0<\/strong><\/p>\n<p style=\"text-align: center;\"><a class=\"button_EN\" href=\"https:\/\/sponsorship.saigonchildren.com\/\" target=\"_blank\" rel=\"noopener noreferrer\">T\u00c0I TR\u1ee2 H\u1eccC B\u1ed4NG CHO TR\u1eba<\/a><\/p>\n<p>&nbsp;<\/p>\n<p><strong>C\u00e2u h\u1ecfi th\u01b0\u1eddng g\u1eb7p<\/strong><\/p>\n<ol>\n<li><a class=\"popmake-faq1\" href=\"#\">L\u00e0m sao \u0111\u1ec3 t\u00f4i h\u1ed7 tr\u1ee3 m\u1ed9t tr\u1ebb t\u1edbi tr\u01b0\u1eddng?<\/a><\/li>\n<li><a class=\"popmake-faq2\" href=\"#\">T\u1ea1i sao t\u00f4i n\u00ean t\u00e0i tr\u1ee3 tr\u1ebb qua t\u1ed5 ch\u1ee9c saigonchildren?<\/a><\/li>\n<li><a class=\"popmake-faq3\" href=\"#\">Tr\u1edf th\u00e0nh nh\u00e0 t\u00e0i tr\u1ee3 c\u1ee7a saigonchildren c\u00f3 \u00fd ngh\u0129a th\u1ebf n\u00e0o?<\/a><\/li>\n<li><a class=\"popmake-faq4\" href=\"#\">Kho\u1ea3n t\u00e0i tr\u1ee3 c\u1ee7a t\u00f4i c\u00f3 \u00fd ngh\u0129a th\u1ebf n\u00e0o v\u1edbi m\u1ed9t \u0111\u1ee9a tr\u1ebb?<\/a><\/li>\n<li><a class=\"popmake-faq5\" href=\"#\">Qu\u00e1 tr\u00ecnh ti\u1ebfn b\u1ed9 c\u1ee7a tr\u1ebb nh\u1eadn h\u1ecdc b\u1ed5ng \u0111\u01b0\u1ee3c ghi nh\u1eadn nh\u01b0 th\u1ebf n\u00e0o?<\/a><\/li>\n<li><a class=\"popmake-faq6\" href=\"#\">\u0110i\u1ec1u g\u00ec khi\u1ebfn saigonchildren kh\u00e1c bi\u1ec7t h\u01a1n so v\u1edbi c\u00e1c t\u1ed5 ch\u1ee9c kh\u00e1c?<\/a><\/li>\n<li><a class=\"popmake-faq7\" href=\"#\">Ch\u01b0\u01a1ng tr\u00ecnh H\u1ed7 tr\u1ee3 H\u1ecdc b\u1ed5ng ho\u1ea1t \u0111\u1ed9ng nh\u01b0 th\u1ebf n\u00e0o?<\/a><\/li>\n<li><a class=\"popmake-faq8\" href=\"#\">Kho\u1ea3n t\u00e0i tr\u1ee3 c\u1ee7a t\u00f4i \u0111\u01b0\u1ee3c s\u1eed d\u1ee5ng th\u1ebf n\u00e0o?<\/a><\/li>\n<li><a class=\"popmake-faq9\" href=\"#\">Tr\u1ebb \u0111\u01b0\u1ee3c ch\u1ecdn l\u1ef1a v\u00e0o ch\u01b0\u01a1ng tr\u00ecnh H\u1ecdc b\u1ed5ng nh\u01b0 th\u1ebf n\u00e0o?\u00a0<strong> \u00a0<\/strong><\/a><\/li>\n<\/ol>\n<p>&nbsp;<\/p>","protected":false},"excerpt":{"rendered":"<p>M\u1ed9t ph\u1ea7n qu\u00e0 \u00fd ngh\u0129a gi\u00fap m\u1edf ra t\u01b0\u01a1ng lai t\u01b0\u01a1i s\u00e1ng h\u01a1n cho tr\u1ebb em kh\u00f3 kh\u0103n, b\u1ea1n c\u00f3 th\u1ec3 trao t\u1eb7ng ngay h\u00f4m nay? T\u00c0I TR\u1ee2 H\u1eccC B\u1ed4NG CHO TR\u1eba M\u1ed7i n\u0103m, nh\u1edd nh\u1eefng gi\u00fap s\u1ee9c v\u00e0 \u1ee7ng h\u1ed9 t\u1eeb r\u1ea5t nhi\u1ec1u nh\u00e0 h\u1ea3o t\u00e2m, t\u1ed5 ch\u1ee9c saigonchildren trao t\u1eb7ng h\u00e0ng ng\u00e0n su\u1ea5t [&hellip;]<\/p>\n","protected":false},"author":1,"featured_media":0,"parent":0,"menu_order":0,"comment_status":"closed","ping_status":"closed","template":"","meta":[],"yoast_head":"<!-- This site is optimized with the Yoast SEO plugin v15.8 - https:\/\/yoast.com\/wordpress\/plugins\/seo\/ -->\n<meta name=\"robots\" content=\"index, follow, max-snippet:-1, max-image-preview:large, max-video-preview:-1\" \/>\n<link rel=\"canonical\" href=\"https:\/\/www.saigonchildren.com\/sponsorship-programme\/\" \/>\n<meta property=\"og:locale\" content=\"vi_VN\" \/>\n<meta property=\"og:type\" content=\"article\" \/>\n<meta property=\"og:title\" content=\"T\u00e0i tr\u1ee3 h\u1ecdc b\u1ed5ng cho tr\u1ebb - Saigon Children\u2019s Charity CIO\" \/>\n<meta property=\"og:description\" content=\"M\u1ed9t ph\u1ea7n qu\u00e0 \u00fd ngh\u0129a gi\u00fap m\u1edf ra t\u01b0\u01a1ng lai t\u01b0\u01a1i s\u00e1ng h\u01a1n cho tr\u1ebb em kh\u00f3 kh\u0103n, b\u1ea1n c\u00f3 th\u1ec3 trao t\u1eb7ng ngay h\u00f4m nay? T\u00c0I TR\u1ee2 H\u1eccC B\u1ed4NG CHO TR\u1eba M\u1ed7i n\u0103m, nh\u1edd nh\u1eefng gi\u00fap s\u1ee9c v\u00e0 \u1ee7ng h\u1ed9 t\u1eeb r\u1ea5t nhi\u1ec1u nh\u00e0 h\u1ea3o t\u00e2m, t\u1ed5 ch\u1ee9c saigonchildren trao t\u1eb7ng h\u00e0ng ng\u00e0n su\u1ea5t [&hellip;]\" \/>\n<meta property=\"og:url\" content=\"https:\/\/www.saigonchildren.com\/sponsorship-programme\/\" \/>\n<meta property=\"og:site_name\" content=\"Saigon Children\u2019s Charity CIO\" \/>\n<meta property=\"article:modified_time\" content=\"2022-10-14T04:19:43+00:00\" \/>\n<meta name=\"twitter:card\" content=\"summary\" \/>\n<meta name=\"twitter:label1\" content=\"Est. reading time\">\n\t<meta name=\"twitter:data1\" content=\"2 ph\u00fat\">\n<script type=\"application\/ld+json\" class=\"yoast-schema-graph\">{\"@context\":\"https:\/\/schema.org\",\"@graph\":[{\"@type\":\"WebSite\",\"@id\":\"https:\/\/www.saigonchildren.com\/#website\",\"url\":\"https:\/\/www.saigonchildren.com\/\",\"name\":\"Saigon Children\\u2019s Charity CIO\",\"description\":\"Eliminating Poverty through Education\",\"potentialAction\":[{\"@type\":\"SearchAction\",\"target\":\"https:\/\/www.saigonchildren.com\/?s={search_term_string}\",\"query-input\":\"required name=search_term_string\"}],\"inLanguage\":\"vi\"},{\"@type\":\"WebPage\",\"@id\":\"https:\/\/www.saigonchildren.com\/sponsorship-programme\/#webpage\",\"url\":\"https:\/\/www.saigonchildren.com\/sponsorship-programme\/\",\"name\":\"T\\u00e0i tr\\u1ee3 h\\u1ecdc b\\u1ed5ng cho tr\\u1ebb - Saigon Children\\u2019s Charity CIO\",\"isPartOf\":{\"@id\":\"https:\/\/www.saigonchildren.com\/#website\"},\"datePublished\":\"2017-11-23T08:40:00+00:00\",\"dateModified\":\"2022-10-14T04:19:43+00:00\",\"breadcrumb\":{\"@id\":\"https:\/\/www.saigonchildren.com\/sponsorship-programme\/#breadcrumb\"},\"inLanguage\":\"vi\",\"potentialAction\":[{\"@type\":\"ReadAction\",\"target\":[\"https:\/\/www.saigonchildren.com\/sponsorship-programme\/\"]}]},{\"@type\":\"BreadcrumbList\",\"@id\":\"https:\/\/www.saigonchildren.com\/sponsorship-programme\/#breadcrumb\",\"itemListElement\":[{\"@type\":\"ListItem\",\"position\":1,\"item\":{\"@type\":\"WebPage\",\"@id\":\"https:\/\/www.saigonchildren.com\/\",\"url\":\"https:\/\/www.saigonchildren.com\/\",\"name\":\"Home\"}},{\"@type\":\"ListItem\",\"position\":2,\"item\":{\"@type\":\"WebPage\",\"@id\":\"https:\/\/www.saigonchildren.com\/sponsorship-programme\/\",\"url\":\"https:\/\/www.saigonchildren.com\/sponsorship-programme\/\",\"name\":\"Sponsor A Child\"}}]}]}<\/script>\n<!-- \/ Yoast SEO plugin. -->","_links":{"self":[{"href":"https:\/\/www.saigonchildren.com\/vi\/wp-json\/wp\/v2\/pages\/517"}],"collection":[{"href":"https:\/\/www.saigonchildren.com\/vi\/wp-json\/wp\/v2\/pages"}],"about":[{"href":"https:\/\/www.saigonchildren.com\/vi\/wp-json\/wp\/v2\/types\/page"}],"author":[{"embeddable":true,"href":"https:\/\/www.saigonchildren.com\/vi\/wp-json\/wp\/v2\/users\/1"}],"replies":[{"embeddable":true,"href":"https:\/\/www.saigonchildren.com\/vi\/wp-json\/wp\/v2\/comments?post=517"}],"version-history":[{"count":84,"href":"https:\/\/www.saigonchildren.com\/vi\/wp-json\/wp\/v2\/pages\/517\/revisions"}],"predecessor-version":[{"id":8002,"href":"https:\/\/www.saigonchildren.com\/vi\/wp-json\/wp\/v2\/pages\/517\/revisions\/8002"}],"wp:attachment":[{"href":"https:\/\/www.saigonchildren.com\/vi\/wp-json\/wp\/v2\/media?parent=517"}],"curies":[{"name":"wp","href":"https:\/\/api.w.org\/{rel}","templated":true}]}}