{"id":554,"date":"2017-11-27T07:30:06","date_gmt":"2017-11-27T07:30:06","guid":{"rendered":"http:\/\/new.saigonchildren.com\/?page_id=554"},"modified":"2026-01-06T18:59:40","modified_gmt":"2026-01-06T11:59:40","slug":"at-a-glance","status":"publish","type":"page","link":"https:\/\/www.saigonchildren.com\/vi\/about-us\/at-a-glance\/","title":{"rendered":"S\u01a1 l\u01b0\u1ee3c v\u1ec1 t\u1ed5 ch\u1ee9c"},"content":{"rendered":"<p><iframe src=\"\/\/www.youtube.com\/embed\/Zakk-mGAbs8?si=x_1bjAywPFQJ8z8C\" width=\"560\" height=\"314\" allowfullscreen=\"allowfullscreen\"><\/iframe><\/p>\n<ul>\n<li>T\u1ed5 ch\u1ee9c Saigon Children\u2019s Charity \u0111\u01b0\u1ee3c th\u00e0nh l\u1eadp t\u1ea1i Anh Qu\u1ed1c n\u0103m 1992.<\/li>\n<li>Tr\u1ee5 s\u1edf v\u0103n ph\u00f2ng \u0111\u1eb7t t\u1ea1i 59 Tr\u1ea7n Qu\u1ed1c Th\u1ea3o, ph\u01b0\u1eddng Xu\u00e2n H\u00f2a, Th\u00e0nh ph\u1ed1 H\u1ed3 Ch\u00ed Minh.<\/li>\n<li>T\u1ed5ng s\u1ed1 nh\u00e2n vi\u00ean ch\u00ednh th\u1ee9c hi\u1ec7n nay l\u00e0 33 ng\u01b0\u1eddi.<\/li>\n<li>Ho\u1ea1t \u0111\u1ed9ng v\u1edbi 4 ch\u01b0\u01a1ng tr\u00ecnh ch\u00ednh: H\u1ed7 Tr\u1ee3 H\u1ecdc B\u1ed5ng, X\u00e2y D\u1ef1ng H\u1ecdc \u0110\u01b0\u1eddng, \u0110\u00e0o T\u1ea1o Ngh\u1ec1 v\u00e0 K\u1ef9 N\u0103ng, Gi\u00e1o D\u1ee5c \u0110\u1eb7c Bi\u1ec7t.<\/li>\n<li>H\u01a1n 33 n\u0103m qua, ch\u00fang t\u00f4i \u0111\u00e3 s\u1eed d\u1ee5ng h\u01a1n 25 tri\u1ec7u USD t\u1eeb c\u00e1c kho\u1ea3n t\u00e0i tr\u1ee3 cho c\u00e1c d\u1ef1 \u00e1n gi\u00e1o d\u1ee5c gi\u00fap cho c\u00e1c tr\u1ebb em kh\u00f3 kh\u0103n t\u1ea1i Vi\u1ec7t Nam.<\/li>\n<li>C\u00e1c \u0111\u1ecba b\u00e0n saigonchildren hi\u1ec7n \u0111ang ho\u1ea1t \u0111\u1ed9ng bao g\u1ed3m: An Giang, TP. C\u1ea7n Th\u01a1, \u0110\u1ed3ng Nai, \u0110\u1ed3ng Th\u00e1p, TP. H\u1ed3 Ch\u00ed Minh, Qu\u1ea3ng Tr\u1ecb, T\u00e2y Ninh.<\/li>\n<\/ul>\n<p>&nbsp;<\/p>","protected":false},"excerpt":{"rendered":"<p>T\u1ed5 ch\u1ee9c Saigon Children\u2019s Charity \u0111\u01b0\u1ee3c th\u00e0nh l\u1eadp t\u1ea1i Anh Qu\u1ed1c n\u0103m 1992. Tr\u1ee5 s\u1edf v\u0103n ph\u00f2ng \u0111\u1eb7t t\u1ea1i 59 Tr\u1ea7n Qu\u1ed1c Th\u1ea3o, ph\u01b0\u1eddng Xu\u00e2n H\u00f2a, Th\u00e0nh ph\u1ed1 H\u1ed3 Ch\u00ed Minh. T\u1ed5ng s\u1ed1 nh\u00e2n vi\u00ean ch\u00ednh th\u1ee9c hi\u1ec7n nay l\u00e0 33 ng\u01b0\u1eddi. Ho\u1ea1t \u0111\u1ed9ng v\u1edbi 4 ch\u01b0\u01a1ng tr\u00ecnh ch\u00ednh: H\u1ed7 Tr\u1ee3 H\u1ecdc B\u1ed5ng, X\u00e2y D\u1ef1ng [&hellip;]<\/p>\n","protected":false},"author":1,"featured_media":0,"parent":103,"menu_order":0,"comment_status":"closed","ping_status":"closed","template":"","meta":[],"yoast_head":"<!-- This site is optimized with the Yoast SEO plugin v15.8 - https:\/\/yoast.com\/wordpress\/plugins\/seo\/ -->\n<meta name=\"robots\" content=\"index, follow, max-snippet:-1, max-image-preview:large, max-video-preview:-1\" \/>\n<link rel=\"canonical\" href=\"https:\/\/www.saigonchildren.com\/about-us\/at-a-glance\/\" \/>\n<meta property=\"og:locale\" content=\"vi_VN\" \/>\n<meta property=\"og:type\" content=\"article\" \/>\n<meta property=\"og:title\" content=\"S\u01a1 l\u01b0\u1ee3c v\u1ec1 t\u1ed5 ch\u1ee9c - Saigon Children\u2019s Charity CIO\" \/>\n<meta property=\"og:description\" content=\"T\u1ed5 ch\u1ee9c Saigon Children\u2019s Charity \u0111\u01b0\u1ee3c th\u00e0nh l\u1eadp t\u1ea1i Anh Qu\u1ed1c n\u0103m 1992. Tr\u1ee5 s\u1edf v\u0103n ph\u00f2ng \u0111\u1eb7t t\u1ea1i 59 Tr\u1ea7n Qu\u1ed1c Th\u1ea3o, ph\u01b0\u1eddng Xu\u00e2n H\u00f2a, Th\u00e0nh ph\u1ed1 H\u1ed3 Ch\u00ed Minh. T\u1ed5ng s\u1ed1 nh\u00e2n vi\u00ean ch\u00ednh th\u1ee9c hi\u1ec7n nay l\u00e0 33 ng\u01b0\u1eddi. Ho\u1ea1t \u0111\u1ed9ng v\u1edbi 4 ch\u01b0\u01a1ng tr\u00ecnh ch\u00ednh: H\u1ed7 Tr\u1ee3 H\u1ecdc B\u1ed5ng, X\u00e2y D\u1ef1ng [&hellip;]\" \/>\n<meta property=\"og:url\" content=\"https:\/\/www.saigonchildren.com\/about-us\/at-a-glance\/\" \/>\n<meta property=\"og:site_name\" content=\"Saigon Children\u2019s Charity CIO\" \/>\n<meta property=\"article:modified_time\" content=\"2026-01-06T11:59:40+00:00\" \/>\n<meta name=\"twitter:card\" content=\"summary\" \/>\n<meta name=\"twitter:label1\" content=\"Est. reading time\">\n\t<meta name=\"twitter:data1\" content=\"1 ph\u00fat\">\n<script type=\"application\/ld+json\" class=\"yoast-schema-graph\">{\"@context\":\"https:\/\/schema.org\",\"@graph\":[{\"@type\":\"WebSite\",\"@id\":\"https:\/\/www.saigonchildren.com\/#website\",\"url\":\"https:\/\/www.saigonchildren.com\/\",\"name\":\"Saigon Children\\u2019s Charity CIO\",\"description\":\"Eliminating Poverty through Education\",\"potentialAction\":[{\"@type\":\"SearchAction\",\"target\":\"https:\/\/www.saigonchildren.com\/?s={search_term_string}\",\"query-input\":\"required name=search_term_string\"}],\"inLanguage\":\"vi\"},{\"@type\":\"WebPage\",\"@id\":\"https:\/\/www.saigonchildren.com\/about-us\/at-a-glance\/#webpage\",\"url\":\"https:\/\/www.saigonchildren.com\/about-us\/at-a-glance\/\",\"name\":\"S\\u01a1 l\\u01b0\\u1ee3c v\\u1ec1 t\\u1ed5 ch\\u1ee9c - Saigon Children\\u2019s Charity CIO\",\"isPartOf\":{\"@id\":\"https:\/\/www.saigonchildren.com\/#website\"},\"datePublished\":\"2017-11-27T07:30:06+00:00\",\"dateModified\":\"2026-01-06T11:59:40+00:00\",\"breadcrumb\":{\"@id\":\"https:\/\/www.saigonchildren.com\/about-us\/at-a-glance\/#breadcrumb\"},\"inLanguage\":\"vi\",\"potentialAction\":[{\"@type\":\"ReadAction\",\"target\":[\"https:\/\/www.saigonchildren.com\/about-us\/at-a-glance\/\"]}]},{\"@type\":\"BreadcrumbList\",\"@id\":\"https:\/\/www.saigonchildren.com\/about-us\/at-a-glance\/#breadcrumb\",\"itemListElement\":[{\"@type\":\"ListItem\",\"position\":1,\"item\":{\"@type\":\"WebPage\",\"@id\":\"https:\/\/www.saigonchildren.com\/\",\"url\":\"https:\/\/www.saigonchildren.com\/\",\"name\":\"Home\"}},{\"@type\":\"ListItem\",\"position\":2,\"item\":{\"@type\":\"WebPage\",\"@id\":\"https:\/\/www.saigonchildren.com\/about-us\/\",\"url\":\"https:\/\/www.saigonchildren.com\/about-us\/\",\"name\":\"About Us\"}},{\"@type\":\"ListItem\",\"position\":3,\"item\":{\"@type\":\"WebPage\",\"@id\":\"https:\/\/www.saigonchildren.com\/about-us\/at-a-glance\/\",\"url\":\"https:\/\/www.saigonchildren.com\/about-us\/at-a-glance\/\",\"name\":\"At a glance\"}}]}]}<\/script>\n<!-- \/ Yoast SEO plugin. -->","_links":{"self":[{"href":"https:\/\/www.saigonchildren.com\/vi\/wp-json\/wp\/v2\/pages\/554"}],"collection":[{"href":"https:\/\/www.saigonchildren.com\/vi\/wp-json\/wp\/v2\/pages"}],"about":[{"href":"https:\/\/www.saigonchildren.com\/vi\/wp-json\/wp\/v2\/types\/page"}],"author":[{"embeddable":true,"href":"https:\/\/www.saigonchildren.com\/vi\/wp-json\/wp\/v2\/users\/1"}],"replies":[{"embeddable":true,"href":"https:\/\/www.saigonchildren.com\/vi\/wp-json\/wp\/v2\/comments?post=554"}],"version-history":[{"count":37,"href":"https:\/\/www.saigonchildren.com\/vi\/wp-json\/wp\/v2\/pages\/554\/revisions"}],"predecessor-version":[{"id":10047,"href":"https:\/\/www.saigonchildren.com\/vi\/wp-json\/wp\/v2\/pages\/554\/revisions\/10047"}],"up":[{"embeddable":true,"href":"https:\/\/www.saigonchildren.com\/vi\/wp-json\/wp\/v2\/pages\/103"}],"wp:attachment":[{"href":"https:\/\/www.saigonchildren.com\/vi\/wp-json\/wp\/v2\/media?parent=554"}],"curies":[{"name":"wp","href":"https:\/\/api.w.org\/{rel}","templated":true}]}}