{"id":5668,"date":"2020-03-30T04:40:43","date_gmt":"2020-03-30T04:40:43","guid":{"rendered":"https:\/\/www.saigonchildren.com\/?page_id=5668"},"modified":"2020-05-07T03:49:38","modified_gmt":"2020-05-07T03:49:38","slug":"covid-19-crisis","status":"publish","type":"page","link":"https:\/\/www.saigonchildren.com\/vi\/engage\/covid-19-crisis\/","title":{"rendered":"KH\u1ee6NG HO\u1ea2NG COVID-19"},"content":{"rendered":"<p><\/p>\n<p style=\"text-align: center;\"><span style=\"font-size: 18pt; color: #ff0000; font-family: arial, helvetica, sans-serif;\"><strong>Kh\u1ee7ng ho\u1ea3ng COVID-19: Tr\u1ebb \u0111ang r\u1ea5t c\u1ea7n s\u1ef1 h\u1ed7 tr\u1ee3 c\u1ee7a b\u1ea1n!<\/strong><\/span><\/p>\n<p class=\"paragraph\" style=\"margin: 0cm; margin-bottom: .0001pt; vertical-align: baseline;\"><span style=\"font-family: arial, helvetica, sans-serif;\"><span class=\"normaltextrun\"><span style=\"font-size: 14pt;\">V\u00e0o th\u1eddi \u0111i\u1ec3m \u0111\u1ea7y lo l\u1eafng v\u00e0 b\u1ea5t an n\u00e0y, saigonchildren \u0111ang kh\u1ea9n tr\u01b0\u01a1ng k\u00eau g\u1ecdi quy\u00ean g\u00f3p \u0111\u1ec3 h\u1ed7 tr\u1ee3 tr\u1ebb em nguy c\u01a1 cao tr\u01b0\u1edbc \u1ea3nh h\u01b0\u1edfng ti\u00eau c\u1ef1c c\u1ee7a \u0111\u1ea1i d\u1ecbch COVID-19 t\u1ea1i Vi\u1ec7t Nam. Tr\u01b0\u1eddng h\u1ecdc \u0111\u00f3ng c\u1ee7a \u0111ang l\u00e0m gi\u00e1n \u0111o\u1ea1n vi\u1ec7c h\u1ecdc c\u1ee7a c\u00e1c em. Gia \u0111\u00ecnh c\u00e1c em \u0111ang m\u1ea5t thu nh\u1eadp \u1ed5n \u0111\u1ecbnh. H\u00e3y chung tay l\u00e0m gi\u1ea3m thi\u1ec3u t\u00e1c \u0111\u1ed9ng c\u1ee7a coronavirus \u0111\u1ed1i v\u1edbi nh\u1eefng tr\u1ebb em c\u00f3 nguy c\u01a1 cao nh\u1ea5t b\u1eb1ng c\u00e1ch quy\u00ean g\u00f3p ngay h\u00f4m nay.\u00a0<\/span><\/span><\/span><\/p>\n<p>&nbsp;<\/p>\n<p style=\"text-align: center;\"><span style=\"font-family: arial, helvetica, sans-serif;\"><!-- Begin Give Lively Fundraising Widget --><br \/>\n<script>gl=document.createElement('script');gl.src='https:\/\/secure.givelively.org\/widgets\/simple_donation\/saigon-childrens-charity\/h-tr-kh-n-c-p-cho-tr-trong-mua-d-ch-covid-19.js?show_suggested_amount_buttons=true&show_in_honor_of=true&address_required=false&has_required_custom_question=false&suggested_donation_amounts[]=25&suggested_donation_amounts[]=50&suggested_donation_amounts[]=100&suggested_donation_amounts[]=250';document.getElementsByTagName('head')[0].appendChild(gl);<\/script><\/span><\/p>\n<div id=\"give-lively-widget\" class=\"gl-simple-donation-widget\"><\/div>\n<p><!-- End Give Lively Fundraising Widget --><\/p>\n<p>&nbsp;<\/p>\n<hr \/>\n<table style=\"border-collapse: collapse; width: 100%;\">\n<tbody>\n<tr>\n<td style=\"width: 27.4546%;\"><span style=\"font-family: arial, helvetica, sans-serif;\"><img loading=\"lazy\" class=\"alignnone wp-image-5673\" src=\"https:\/\/www.saigonchildren.com\/wp-content\/uploads\/2020\/03\/MINH.png\" alt=\"\" width=\"208\" height=\"277\" srcset=\"https:\/\/www.saigonchildren.com\/wp-content\/uploads\/2020\/03\/MINH.png 235w, https:\/\/www.saigonchildren.com\/wp-content\/uploads\/2020\/03\/MINH-225x300.png 225w\" sizes=\"(max-width: 208px) 100vw, 208px\" \/><\/span><\/td>\n<td style=\"width: 72.5454%;\"><span style=\"font-family: arial, helvetica, sans-serif;\"><span class=\"normaltextrun\">M<\/span><\/span><span class=\"normaltextrun\" style=\"font-family: arial, helvetica, sans-serif;\">inh tr\u1edf th\u00e0nh h\u1ecdc sinh ch\u01b0\u01a1ng tr\u00ecnh h\u1ecdc b\u1ed5ng ph\u00e1t tri\u1ec3n tr\u1ebb em c\u1ee7a saigonchildren t\u1eeb th\u00e1ng 1 n\u0103m 2019. Cha m\u1eb9 em \u0111\u00e3 qua \u0111\u1eddi tr\u01b0\u1edbc khi em \u0111\u1ebfn tu\u1ed5i v\u1ecb th\u00e0nh ni\u00ean, v\u00e0 c\u1ea3 hai ch\u1ecb g\u00e1i c\u1ee7a em \u0111\u1ec1u \u0111\u00e3 c\u00f3 gia \u0111\u00ecnh. Em hi\u1ec7n \u0111ang s\u1ed1ng v\u1edbi m\u1ed9t trong hai ch\u1ecb g\u00e1i c\u00f9ng ch\u1ed3ng v\u00e0 con ch\u1ecb.<br \/>\nDo \u0111\u1ea1i d\u1ecbch COVID-19, tr\u01b0\u1eddng c\u1ee7a Minh b\u1ecb \u0111\u00f3ng c\u1eeda v\u00e0 hi\u1ec7n em \u0111ang \u1edf nh\u00e0, l\u00e0m nh\u1eefng c\u00f4ng vi\u1ec7c l\u1eb7t v\u1eb7t quanh x\u00f3m \u0111\u1ec3 h\u1ed7 tr\u1ee3 ch\u1ecb g\u00e1i gia \u0111\u00ecnh. Ch\u1ecb em c\u0169ng ph\u1ea3i ngh\u1ec9 vi\u1ec7c \u0111\u1ec3 \u1edf nh\u00e0 v\u00e0 ch\u0103m s\u00f3c hai con khi nh\u00e0 tr\u1ebb \u0111\u00f3ng c\u1eeda. Gia \u0111\u00ecnh em \u0111ang ch\u1eadt v\u1eadt \u0111\u1ec3 ki\u1ebfm ti\u1ec1n sinh ho\u1ea1t h\u1eb1ng ng\u00e0y, k\u00e8m theo \u0111\u00f3 l\u00e0 thi\u1ebfu th\u1ed1n do \u0111\u1ed3ng b\u1eb1ng s\u00f4ng C\u1eedu Long \u0111ang ph\u1ea3i \u0111\u1ed1i m\u1eb7t v\u1edbi \u0111\u1ee3t h\u1ea1n h\u00e1n nghi\u00eam tr\u1ecdng nh\u1ea5t t\u1eebng th\u1ea5y. Kh\u00f3 kh\u0103n v\u1ec1 t\u00e0i ch\u00ednh v\u00e0 tinh th\u1ea7n, Minh \u0111\u00e3 xin c\u00e1c ch\u1ecb r\u1eb1ng sau \u0111\u1ea1i d\u1ecbch, em mu\u1ed1n ngh\u1ec9 h\u1ecdc \u0111\u1ec3 ki\u1ebfm vi\u1ec7c l\u00e0m ph\u1ee5 gi\u00fap gia \u0111\u00ecnh.<br \/>\n<\/span><\/td>\n<\/tr>\n<\/tbody>\n<\/table>\n<hr \/>\n<p><span style=\"font-family: arial, helvetica, sans-serif; font-size: 14pt;\">Vi\u1ec7c ngh\u1ec9 h\u1ecdc d\u00e0i h\u1ea1n do \u0110\u1ea1i d\u1ecbch COVID-19 \u0111ang g\u00e2y \u00e1p l\u1ef1c v\u00f4 c\u00f9ng l\u1edbn \u0111\u1ed1i v\u1edbi Minh v\u00e0 nhi\u1ec1u h\u1ecdc sinh kh\u00e1c. C\u00e1c kh\u00f4ng c\u00f3 ph\u01b0\u01a1ng ti\u1ec7n \u0111\u1ec3 h\u1ecdc t\u1eeb xa, l\u00e0m gi\u00e1n \u0111o\u1ea1n vi\u1ec7c h\u1ecdc v\u00e0 khi\u1ebfn c\u00e1c em g\u1eb7p b\u1ea5t l\u1ee3i l\u1edbn trong vi\u1ec7c ti\u1ebfp thu ki\u1ebfn th\u1ee9c v\u00e0 chu\u1ea9n b\u1ecb cho c\u00e1c k\u00ec thi quan tr\u1ecdng. C\u00f9ng v\u1edbi \u00e1p l\u1ef1c kinh t\u1ebf \u0111\u1ed1i v\u1edbi gia \u0111\u00ecnh, c\u00e1c em ph\u1ea3i \u0111\u1ed1i m\u1eb7t v\u1edbi r\u1ea5t nhi\u1ec1u nguy c\u01a1 v\u00e0 r\u1ee7i ro, t\u1eeb suy dinh d\u01b0\u1ee1ng v\u00e0 tr\u1ea7m c\u1ea3m \u0111\u1ebfn b\u1ecf h\u1ecdc v\u00e0 b\u1ecb l\u1ea1m d\u1ee5ng v\u00e0 b\u1ea1o h\u00e0nh.<\/span><\/p>\n<p><span style=\"font-family: arial, helvetica, sans-serif; font-size: 14pt;\">\u0110\u1ec3 gi\u00fap \u0111\u1ee1 h\u00e0ng tr\u0103m tr\u1ebb em nh\u01b0 Minh, saigonchildren \u0111ang ph\u00e2n ph\u00e1t c\u00e1c g\u00f3i tr\u1ee3 gi\u00fap kh\u1ea9n c\u1ea5p bao g\u1ed3m g\u1ea1o, n\u01b0\u1edbc, s\u00e1ch, th\u00f4ng tin y t\u1ebf, c\u0169ng nh\u01b0 t\u01b0 v\u1ea5n t\u1eeb c\u00e1c chuy\u00ean vi\u00ean c\u00f4ng t\u00e1c x\u00e3 h\u1ed9i.<br \/>\nNh\u00e2n vi\u00ean x\u00e3 h\u1ed9i c\u1ee7a saigonchildren \u0111ang theo s\u00e1t h\u1eb1ng ng\u00e0y \u0111\u1ec3 k\u1ecbp h\u1ed7 tr\u1ee3 c\u00e1c em m\u1ed7i khi c\u00f3 nhu c\u1ea7u kh\u1ea9n c\u1ea5p m\u1edbi xu\u1ea5t hi\u1ec7n.<br \/>\n<\/span><\/p>\n<p><span style=\"font-family: arial, helvetica, sans-serif; font-size: 14pt;\"><strong><span style=\"color: #ff0000;\">Trong th\u1eddi gian kh\u00f3 kh\u0103n n\u00e0y, n\u1ebfu b\u1ea1n c\u00f3 th\u1ec3 gi\u00fap \u0111\u1ee1, xin h\u00e3y quy\u00ean g\u00f3p cho qu\u1ef9 kh\u1ea9n c\u1ea5p c\u1ee7a ch\u00fang t\u00f4i <\/span><\/strong>\u0111\u1ec3 b\u1ea3o v\u1ec7 s\u1ee9c kh\u1ecfe cho tr\u1ebb v\u00e0 duy tr\u00ec vi\u1ec7c h\u1ecdc c\u1ee7a c\u00e1c em.<\/span><\/p>\n<p>&nbsp;<\/p>\n<p class=\"paragraph\" style=\"margin: 0cm 0cm 0.0001pt; vertical-align: baseline; text-align: center;\"><span style=\"font-family: arial, helvetica, sans-serif; font-size: 14pt;\"><a class=\"button_EN\" href=\"https:\/\/secure.givelively.org\/donate\/saigon-childrens-charity\/h-tr-kh-n-c-p-cho-tr-trong-mua-d-ch-covid-19\" target=\"_blank\" rel=\"noopener noreferrer\">\u0110\u00d3NG G\u00d3P NGAY<\/a><\/span><\/p>\n<p>&nbsp;<\/p>\n<p><span style=\"font-family: arial, helvetica, sans-serif; font-size: 14pt;\">B\u00ean c\u1ea1nh \u0111\u00f3, b\u1ea1n c\u0169ng c\u00f3 th\u1ec3 \u0111\u00f3ng g\u00f3p b\u1eb1ng c\u00e1ch chuy\u1ec3n kho\u1ea3n ng\u00e2n h\u00e0ng t\u1edbi c\u00e1c t\u00e0i kho\u00e0n \u1edf <a href=\"https:\/\/www.saigonchildren.com\/vi\/donate\/bank-details\/\">\u0111\u00e2y<\/a>. Xin vui l\u00f2ng th\u00eam &#8220;Quy Khan Cap COVID&#8221; v\u00e0 ph\u1ea7n ghi ch\u00fa.<\/span><\/p>\n<p><span style=\"font-family: arial, helvetica, sans-serif; font-size: 14pt;\">\u0110\u00f3ng g\u00f3p qua \u1ee9ng d\u1ee5ng Momo: Qu\u00e9t m\u00e3 QR d\u01b0\u1edbi \u0111\u00e2y tr\u00ean Momo ho\u1eb7c v\u00e0o link n\u00e0y t\u1eeb thi\u1ebft b\u1ecb di \u0111\u1ed9ng <a href=\"https:\/\/payment.momo.vn\/pay\/store\/MOMOTUUM20191113-saigonchildren\">https:\/\/payment.momo.vn\/pay\/store\/MOMOTUUM20191113-saigonchildren<\/a> \u0111\u1ec3 quy\u00ean g\u00f3p nhanh ch\u00f3ng cho saigonchildren.<\/span><\/p>\n<p><img loading=\"lazy\" class=\"size-full wp-image-5742 aligncenter\" src=\"https:\/\/www.saigonchildren.com\/wp-content\/uploads\/2020\/04\/MM_QR_CODE_MOMOTUUM20191113-saigonchildren.png\" alt=\"\" width=\"270\" height=\"270\" srcset=\"https:\/\/www.saigonchildren.com\/wp-content\/uploads\/2020\/04\/MM_QR_CODE_MOMOTUUM20191113-saigonchildren.png 270w, https:\/\/www.saigonchildren.com\/wp-content\/uploads\/2020\/04\/MM_QR_CODE_MOMOTUUM20191113-saigonchildren-150x150.png 150w\" sizes=\"(max-width: 270px) 100vw, 270px\" \/><\/p>\n<p class=\"paragraph\" style=\"margin: 0cm; margin-bottom: .0001pt; vertical-align: baseline;\"><span style=\"font-family: arial, helvetica, sans-serif; font-size: 14pt;\"><span class=\"normaltextrun\">\u0110\u1ec3 bi\u1ebft th\u00f4ng tin m\u1edbi nh\u1ea5t v\u1ec1 c\u00e1ch saigonchildrenis \u0111\u1ed1i ph\u00f3 v\u1edbi \u0111\u1ea1i d\u1ecbch COVID-19, b\u1ea1n c\u00f3 th\u1ec3 truy c\u1eadp trang c\u1ee7a ch\u00fang t\u00f4i <a href=\"https:\/\/www.saigonchildren.com\/vi\/news-events\/news\/\">t\u1ea1i \u0111\u00e2y<\/a>.<\/span><\/span><\/p>\n<p>&nbsp;<\/p>\n<p style=\"text-align: center;\"><span style=\"font-family: arial, helvetica, sans-serif; font-size: 14pt;\"><span class=\"normaltextrun\">C\u1ea3m \u01a1n b\u1ea1n r\u1ea5t nhi\u1ec1u v\u00ec \u0111\u00e3 h\u1ed7 tr\u1ee3 ch\u00fang t\u00f4i.<\/span><\/span><\/p>\n<p>&nbsp;<\/p>\n<p><img loading=\"lazy\" class=\"alignnone size-large wp-image-5687\" src=\"https:\/\/www.saigonchildren.com\/wp-content\/uploads\/2020\/03\/Untitled-1-vn-01-1024x725.png\" alt=\"\" width=\"1024\" height=\"725\" srcset=\"https:\/\/www.saigonchildren.com\/wp-content\/uploads\/2020\/03\/Untitled-1-vn-01-1024x725.png 1024w, https:\/\/www.saigonchildren.com\/wp-content\/uploads\/2020\/03\/Untitled-1-vn-01-300x212.png 300w, https:\/\/www.saigonchildren.com\/wp-content\/uploads\/2020\/03\/Untitled-1-vn-01-768x544.png 768w, https:\/\/www.saigonchildren.com\/wp-content\/uploads\/2020\/03\/Untitled-1-vn-01-1536x1087.png 1536w, https:\/\/www.saigonchildren.com\/wp-content\/uploads\/2020\/03\/Untitled-1-vn-01.png 1755w\" sizes=\"(max-width: 1024px) 100vw, 1024px\" \/><\/p>\n<p style=\"text-align: center;\"><span style=\"font-family: arial, helvetica, sans-serif;\"><a class=\"button_EN\" href=\"https:\/\/secure.givelively.org\/donate\/saigon-childrens-charity\/h-tr-kh-n-c-p-cho-tr-trong-mua-d-ch-covid-19\" target=\"_blank\" rel=\"noopener noreferrer\">\u0110\u00d3NG G\u00d3P NGAY<\/a><\/span><\/p>\n<p>&nbsp;<\/p>\n<p>Ch\u00fang t\u00f4i \u0111\u00e3 t\u1ea1o m\u1ed9t b\u1ea3ng c\u1ea3m \u01a1n \u0111\u1ec3 c\u00e1c em h\u1ecdc sinh c\u00f3 th\u1ec3 g\u1eedi l\u1eddi nh\u1eafn c\u1ea3m \u01a1n \u0111\u1ebfn c\u00e1c nh\u00e0 t\u00e0i tr\u1ee3. Ch\u00ednh b\u1ea1n c\u0169ng c\u00f3 th\u1ec3 g\u1eedi th\u00f4ng \u0111i\u1ec7p c\u1ee7a m\u00ecnh cho tr\u1ebb em c\u1ee7a saigonchildren qua b\u1ea3ng n\u00e0y b\u1ea1n nh\u00e9.<\/p>\n<div class=\"padlet-embed\" style=\"border: 1px solid rgba(0,0,0,0.1); border-radius: 2px; box-sizing: border-box; overflow: hidden; position: relative; width: 100%; background: #F4F4F4;\">\n<p style=\"padding: 0; margin: 0;\"><iframe style=\"width: 100%; height: 608px; display: block; padding: 0; margin: 0;\" src=\"https:\/\/padlet.com\/embed\/hvi0q2q4gai5uk7e\" frameborder=\"0\"><\/iframe><\/p>\n<div style=\"padding: 8px; text-align: right; margin: 0;\"><a style=\"padding: 0; margin: 0; border: none; display: block; line-height: 1; height: 16px;\" href=\"https:\/\/padlet.com?ref=embed\" target=\"_blank\" rel=\"noopener noreferrer\"><img loading=\"lazy\" style=\"padding: 0; margin: 0; background: none; border: none; display: inline; box-shadow: none;\" src=\"https:\/\/padlet.net\/embeds\/made_with_padlet.png\" alt=\"Made with Padlet\" width=\"86\" height=\"16\" \/><\/a><\/div>\n<\/div>\n<p><\/p>","protected":false},"excerpt":{"rendered":"<p>Kh\u1ee7ng ho\u1ea3ng COVID-19: Tr\u1ebb \u0111ang r\u1ea5t c\u1ea7n s\u1ef1 h\u1ed7 tr\u1ee3 c\u1ee7a b\u1ea1n! V\u00e0o th\u1eddi \u0111i\u1ec3m \u0111\u1ea7y lo l\u1eafng v\u00e0 b\u1ea5t an n\u00e0y, saigonchildren \u0111ang kh\u1ea9n tr\u01b0\u01a1ng k\u00eau g\u1ecdi quy\u00ean g\u00f3p \u0111\u1ec3 h\u1ed7 tr\u1ee3 tr\u1ebb em nguy c\u01a1 cao tr\u01b0\u1edbc \u1ea3nh h\u01b0\u1edfng ti\u00eau c\u1ef1c c\u1ee7a \u0111\u1ea1i d\u1ecbch COVID-19 t\u1ea1i Vi\u1ec7t Nam. Tr\u01b0\u1eddng h\u1ecdc \u0111\u00f3ng c\u1ee7a \u0111ang [&hellip;]<\/p>\n","protected":false},"author":1,"featured_media":0,"parent":311,"menu_order":0,"comment_status":"closed","ping_status":"closed","template":"","meta":[],"yoast_head":"<!-- This site is optimized with the Yoast SEO plugin v15.8 - https:\/\/yoast.com\/wordpress\/plugins\/seo\/ -->\n<meta name=\"robots\" content=\"index, follow, max-snippet:-1, max-image-preview:large, max-video-preview:-1\" \/>\n<link rel=\"canonical\" href=\"https:\/\/www.saigonchildren.com\/engage\/covid-19-crisis\/\" \/>\n<meta property=\"og:locale\" content=\"vi_VN\" \/>\n<meta property=\"og:type\" content=\"article\" \/>\n<meta property=\"og:title\" content=\"KH\u1ee6NG HO\u1ea2NG COVID-19 - Saigon Children\u2019s Charity CIO\" \/>\n<meta property=\"og:description\" content=\"Kh\u1ee7ng ho\u1ea3ng COVID-19: Tr\u1ebb \u0111ang r\u1ea5t c\u1ea7n s\u1ef1 h\u1ed7 tr\u1ee3 c\u1ee7a b\u1ea1n! V\u00e0o th\u1eddi \u0111i\u1ec3m \u0111\u1ea7y lo l\u1eafng v\u00e0 b\u1ea5t an n\u00e0y, saigonchildren \u0111ang kh\u1ea9n tr\u01b0\u01a1ng k\u00eau g\u1ecdi quy\u00ean g\u00f3p \u0111\u1ec3 h\u1ed7 tr\u1ee3 tr\u1ebb em nguy c\u01a1 cao tr\u01b0\u1edbc \u1ea3nh h\u01b0\u1edfng ti\u00eau c\u1ef1c c\u1ee7a \u0111\u1ea1i d\u1ecbch COVID-19 t\u1ea1i Vi\u1ec7t Nam. Tr\u01b0\u1eddng h\u1ecdc \u0111\u00f3ng c\u1ee7a \u0111ang [&hellip;]\" \/>\n<meta property=\"og:url\" content=\"https:\/\/www.saigonchildren.com\/engage\/covid-19-crisis\/\" \/>\n<meta property=\"og:site_name\" content=\"Saigon Children\u2019s Charity CIO\" \/>\n<meta property=\"article:modified_time\" content=\"2020-05-07T03:49:38+00:00\" \/>\n<meta property=\"og:image\" content=\"https:\/\/www.saigonchildren.com\/wp-content\/uploads\/2020\/03\/MINH.png\" \/>\n<meta name=\"twitter:card\" content=\"summary\" \/>\n<meta name=\"twitter:label1\" content=\"Est. reading time\">\n\t<meta name=\"twitter:data1\" content=\"7 ph\u00fat\">\n<script type=\"application\/ld+json\" class=\"yoast-schema-graph\">{\"@context\":\"https:\/\/schema.org\",\"@graph\":[{\"@type\":\"WebSite\",\"@id\":\"https:\/\/www.saigonchildren.com\/#website\",\"url\":\"https:\/\/www.saigonchildren.com\/\",\"name\":\"Saigon Children\\u2019s Charity CIO\",\"description\":\"Eliminating Poverty through Education\",\"potentialAction\":[{\"@type\":\"SearchAction\",\"target\":\"https:\/\/www.saigonchildren.com\/?s={search_term_string}\",\"query-input\":\"required name=search_term_string\"}],\"inLanguage\":\"vi\"},{\"@type\":\"ImageObject\",\"@id\":\"https:\/\/www.saigonchildren.com\/engage\/covid-19-crisis\/#primaryimage\",\"inLanguage\":\"vi\",\"url\":\"https:\/\/www.saigonchildren.com\/wp-content\/uploads\/2020\/03\/MINH.png\",\"width\":235,\"height\":313},{\"@type\":\"WebPage\",\"@id\":\"https:\/\/www.saigonchildren.com\/engage\/covid-19-crisis\/#webpage\",\"url\":\"https:\/\/www.saigonchildren.com\/engage\/covid-19-crisis\/\",\"name\":\"KH\\u1ee6NG HO\\u1ea2NG COVID-19 - Saigon Children\\u2019s Charity CIO\",\"isPartOf\":{\"@id\":\"https:\/\/www.saigonchildren.com\/#website\"},\"primaryImageOfPage\":{\"@id\":\"https:\/\/www.saigonchildren.com\/engage\/covid-19-crisis\/#primaryimage\"},\"datePublished\":\"2020-03-30T04:40:43+00:00\",\"dateModified\":\"2020-05-07T03:49:38+00:00\",\"breadcrumb\":{\"@id\":\"https:\/\/www.saigonchildren.com\/engage\/covid-19-crisis\/#breadcrumb\"},\"inLanguage\":\"vi\",\"potentialAction\":[{\"@type\":\"ReadAction\",\"target\":[\"https:\/\/www.saigonchildren.com\/engage\/covid-19-crisis\/\"]}]},{\"@type\":\"BreadcrumbList\",\"@id\":\"https:\/\/www.saigonchildren.com\/engage\/covid-19-crisis\/#breadcrumb\",\"itemListElement\":[{\"@type\":\"ListItem\",\"position\":1,\"item\":{\"@type\":\"WebPage\",\"@id\":\"https:\/\/www.saigonchildren.com\/\",\"url\":\"https:\/\/www.saigonchildren.com\/\",\"name\":\"Home\"}},{\"@type\":\"ListItem\",\"position\":2,\"item\":{\"@type\":\"WebPage\",\"@id\":\"https:\/\/www.saigonchildren.com\/engage\/\",\"url\":\"https:\/\/www.saigonchildren.com\/engage\/\",\"name\":\"Engage\"}},{\"@type\":\"ListItem\",\"position\":3,\"item\":{\"@type\":\"WebPage\",\"@id\":\"https:\/\/www.saigonchildren.com\/engage\/covid-19-crisis\/\",\"url\":\"https:\/\/www.saigonchildren.com\/engage\/covid-19-crisis\/\",\"name\":\"COVID-19 CRISIS\"}}]}]}<\/script>\n<!-- \/ Yoast SEO plugin. -->","_links":{"self":[{"href":"https:\/\/www.saigonchildren.com\/vi\/wp-json\/wp\/v2\/pages\/5668"}],"collection":[{"href":"https:\/\/www.saigonchildren.com\/vi\/wp-json\/wp\/v2\/pages"}],"about":[{"href":"https:\/\/www.saigonchildren.com\/vi\/wp-json\/wp\/v2\/types\/page"}],"author":[{"embeddable":true,"href":"https:\/\/www.saigonchildren.com\/vi\/wp-json\/wp\/v2\/users\/1"}],"replies":[{"embeddable":true,"href":"https:\/\/www.saigonchildren.com\/vi\/wp-json\/wp\/v2\/comments?post=5668"}],"version-history":[{"count":61,"href":"https:\/\/www.saigonchildren.com\/vi\/wp-json\/wp\/v2\/pages\/5668\/revisions"}],"predecessor-version":[{"id":5852,"href":"https:\/\/www.saigonchildren.com\/vi\/wp-json\/wp\/v2\/pages\/5668\/revisions\/5852"}],"up":[{"embeddable":true,"href":"https:\/\/www.saigonchildren.com\/vi\/wp-json\/wp\/v2\/pages\/311"}],"wp:attachment":[{"href":"https:\/\/www.saigonchildren.com\/vi\/wp-json\/wp\/v2\/media?parent=5668"}],"curies":[{"name":"wp","href":"https:\/\/api.w.org\/{rel}","templated":true}]}}