{"id":73,"date":"2017-09-29T04:49:38","date_gmt":"2017-09-29T04:49:38","guid":{"rendered":"http:\/\/new.saigonchildren.com\/?page_id=73"},"modified":"2026-02-23T16:43:47","modified_gmt":"2026-02-23T09:43:47","slug":"contact-us","status":"publish","type":"page","link":"https:\/\/www.saigonchildren.com\/vi\/contact-us\/","title":{"rendered":"Li\u00ean h\u1ec7"},"content":{"rendered":"<p><strong>Saigon Children&#8217;s Charity CIO<\/strong><\/p>\n<ul>\n<li><span style=\"font-family: arial, helvetica, sans-serif;\"><strong>Vi\u1ec7t Nam<\/strong><\/span><br \/>\n<span style=\"font-family: arial, helvetica, sans-serif;\"><span style=\"text-decoration: underline;\">\u0110i\u1ec7n tho\u1ea1i<\/span>: <a href=\"tel: 028 3930 3502\">+8428 3930 3502<\/a><\/span><br \/>\n<span style=\"font-family: arial, helvetica, sans-serif;\"><span style=\"text-decoration: underline;\"> Email<\/span>: <a href=\"mailto:info@saigonchildren.com\">info@saigonchildren.com<\/a><\/span><br \/>\n<span style=\"font-family: arial, helvetica, sans-serif;\"><span style=\"text-decoration: underline;\">\u0110\u1ecba ch\u1ec9<\/span>: 59 Tr\u1ea7n Qu\u1ed1c Th\u1ea3o, ph\u01b0\u1eddng Xu\u00e2n H\u00f2a,<\/span><br \/>\n<span style=\"font-family: arial, helvetica, sans-serif;\">TP. H\u1ed3 Ch\u00ed Minh<\/span><br \/>\n<span style=\"font-family: arial, helvetica, sans-serif;\"><span style=\"text-decoration: underline;\"> S\u1ed1 \u0111\u0103ng k\u00fd t\u1ea1i Vi\u1ec7t Nam<\/span>: 63\/NVVH-VP\u0110D<\/span><\/li>\n<li><span style=\"font-family: arial, helvetica, sans-serif;\"><strong>UK<\/strong><\/span><br \/>\n<span style=\"font-family: arial, helvetica, sans-serif;\"><span style=\"text-decoration: underline;\">\u0110\u1ecba ch\u1ec9<\/span>: 24 Gloucester Road, Teddington,<\/span><br \/>\n<span style=\"font-family: arial, helvetica, sans-serif;\"> Middlesex, TW11 0NU<\/span><br \/>\n<span style=\"font-family: arial, helvetica, sans-serif;\"><span style=\"text-decoration: underline;\"> S\u1ed1 \u0111\u0103ng k\u00fd t\u1ea1i Anh Qu\u1ed1c<\/span>: 1157774<\/span><\/li>\n<li><span style=\"font-family: arial, helvetica, sans-serif;\"><strong>USA<\/strong><\/span><br \/>\n<span style=\"font-family: arial, helvetica, sans-serif;\">Mr Rick Kagan &#8211; Ch\u1ee7 t\u1ecbch Saigon Children&#8217;s Charity USA<\/span><br \/>\n<span style=\"font-family: arial, helvetica, sans-serif;\">Email: <a href=\"mailto:info@scc-usa.org\">info@scc-usa.org<\/a><\/span><br \/>\n<span style=\"font-family: arial, helvetica, sans-serif;\">\u0110\u1ecba ch\u1ec9: 1035 Willow Glen Way<\/span><br \/>\n<span style=\"font-family: arial, helvetica, sans-serif;\">San Jose, CA 95125<br \/>\nEIN: 13-3955816<\/span><br \/>\n<span style=\"font-family: arial, helvetica, sans-serif;\">Website: <a href=\"http:\/\/scc-usa.org\">scc-usa.org<\/a><\/span><\/li>\n<\/ul>\n<p>&nbsp;<\/p>\n<p>V\u1edbi nh\u1eefng ai \u0111ang sinh s\u1ed1ng t\u1ea1i Hoa K\u1ef3, vui l\u00f2ng li\u00ean h\u1ec7 v\u1edbi Saigon Children\u2019s Charity USA (<a class=\"decorated-link\" href=\"http:\/\/www.scc-usa.org\" target=\"_new\" rel=\"noopener noreferrer\" data-start=\"101\" data-end=\"116\">www.scc-usa.org<\/a>), t\u1ed5 ch\u1ee9c \u0111\u1ed1i t\u00e1c c\u1ee7a ch\u00fang t\u00f4i t\u1ea1i qu\u1ed1c gia n\u00e0y (ho\u1eb7c email c\u1ee7a b\u1ea1n s\u1ebd \u0111\u01b0\u1ee3c chuy\u1ec3n ti\u1ebfp \u0111\u1ebfn \u0111\u1ed9i ng\u0169 n\u00e0y). Ban th\u00e0nh vi\u00ean c\u1ee7a h\u1ecd t\u1ea1i bang California v\u00e0 c\u00f3 th\u1ec3 ph\u1ea3n h\u1ed3i trong gi\u1edd l\u00e0m vi\u1ec7c h\u00e0nh ch\u00ednh theo m\u00fai gi\u1edd Hoa K\u1ef3.<\/p>","protected":false},"excerpt":{"rendered":"<p>Saigon Children&#8217;s Charity CIO Vi\u1ec7t Nam \u0110i\u1ec7n tho\u1ea1i: +8428 3930 3502 Email: info@saigonchildren.com \u0110\u1ecba ch\u1ec9: 59 Tr\u1ea7n Qu\u1ed1c Th\u1ea3o, ph\u01b0\u1eddng Xu\u00e2n H\u00f2a, TP. H\u1ed3 Ch\u00ed Minh S\u1ed1 \u0111\u0103ng k\u00fd t\u1ea1i Vi\u1ec7t Nam: 63\/NVVH-VP\u0110D UK \u0110\u1ecba ch\u1ec9: 24 Gloucester Road, Teddington, Middlesex, TW11 0NU S\u1ed1 \u0111\u0103ng k\u00fd t\u1ea1i Anh Qu\u1ed1c: 1157774 USA Mr Rick Kagan &#8211; [&hellip;]<\/p>\n","protected":false},"author":1,"featured_media":0,"parent":0,"menu_order":0,"comment_status":"closed","ping_status":"closed","template":"","meta":[],"yoast_head":"<!-- This site is optimized with the Yoast SEO plugin v15.8 - https:\/\/yoast.com\/wordpress\/plugins\/seo\/ -->\n<meta name=\"robots\" content=\"index, follow, max-snippet:-1, max-image-preview:large, max-video-preview:-1\" \/>\n<link rel=\"canonical\" href=\"https:\/\/www.saigonchildren.com\/contact-us\/\" \/>\n<meta property=\"og:locale\" content=\"vi_VN\" \/>\n<meta property=\"og:type\" content=\"article\" \/>\n<meta property=\"og:title\" content=\"Li\u00ean h\u1ec7 - Saigon Children\u2019s Charity CIO\" \/>\n<meta property=\"og:description\" content=\"Saigon Children&#8217;s Charity CIO Vi\u1ec7t Nam \u0110i\u1ec7n tho\u1ea1i: +8428 3930 3502 Email: info@saigonchildren.com \u0110\u1ecba ch\u1ec9: 59 Tr\u1ea7n Qu\u1ed1c Th\u1ea3o, ph\u01b0\u1eddng Xu\u00e2n H\u00f2a, TP. H\u1ed3 Ch\u00ed Minh S\u1ed1 \u0111\u0103ng k\u00fd t\u1ea1i Vi\u1ec7t Nam: 63\/NVVH-VP\u0110D UK \u0110\u1ecba ch\u1ec9: 24 Gloucester Road, Teddington, Middlesex, TW11 0NU S\u1ed1 \u0111\u0103ng k\u00fd t\u1ea1i Anh Qu\u1ed1c: 1157774 USA Mr Rick Kagan &#8211; [&hellip;]\" \/>\n<meta property=\"og:url\" content=\"https:\/\/www.saigonchildren.com\/contact-us\/\" \/>\n<meta property=\"og:site_name\" content=\"Saigon Children\u2019s Charity CIO\" \/>\n<meta property=\"article:modified_time\" content=\"2026-02-23T09:43:47+00:00\" \/>\n<meta name=\"twitter:card\" content=\"summary\" \/>\n<meta name=\"twitter:label1\" content=\"Est. reading time\">\n\t<meta name=\"twitter:data1\" content=\"1 ph\u00fat\">\n<script type=\"application\/ld+json\" class=\"yoast-schema-graph\">{\"@context\":\"https:\/\/schema.org\",\"@graph\":[{\"@type\":\"WebSite\",\"@id\":\"https:\/\/www.saigonchildren.com\/#website\",\"url\":\"https:\/\/www.saigonchildren.com\/\",\"name\":\"Saigon Children\\u2019s Charity CIO\",\"description\":\"Eliminating Poverty through Education\",\"potentialAction\":[{\"@type\":\"SearchAction\",\"target\":\"https:\/\/www.saigonchildren.com\/?s={search_term_string}\",\"query-input\":\"required name=search_term_string\"}],\"inLanguage\":\"vi\"},{\"@type\":\"WebPage\",\"@id\":\"https:\/\/www.saigonchildren.com\/contact-us\/#webpage\",\"url\":\"https:\/\/www.saigonchildren.com\/contact-us\/\",\"name\":\"Li\\u00ean h\\u1ec7 - Saigon Children\\u2019s Charity CIO\",\"isPartOf\":{\"@id\":\"https:\/\/www.saigonchildren.com\/#website\"},\"datePublished\":\"2017-09-29T04:49:38+00:00\",\"dateModified\":\"2026-02-23T09:43:47+00:00\",\"breadcrumb\":{\"@id\":\"https:\/\/www.saigonchildren.com\/contact-us\/#breadcrumb\"},\"inLanguage\":\"vi\",\"potentialAction\":[{\"@type\":\"ReadAction\",\"target\":[\"https:\/\/www.saigonchildren.com\/contact-us\/\"]}]},{\"@type\":\"BreadcrumbList\",\"@id\":\"https:\/\/www.saigonchildren.com\/contact-us\/#breadcrumb\",\"itemListElement\":[{\"@type\":\"ListItem\",\"position\":1,\"item\":{\"@type\":\"WebPage\",\"@id\":\"https:\/\/www.saigonchildren.com\/\",\"url\":\"https:\/\/www.saigonchildren.com\/\",\"name\":\"Home\"}},{\"@type\":\"ListItem\",\"position\":2,\"item\":{\"@type\":\"WebPage\",\"@id\":\"https:\/\/www.saigonchildren.com\/contact-us\/\",\"url\":\"https:\/\/www.saigonchildren.com\/contact-us\/\",\"name\":\"Contact us\"}}]}]}<\/script>\n<!-- \/ Yoast SEO plugin. -->","_links":{"self":[{"href":"https:\/\/www.saigonchildren.com\/vi\/wp-json\/wp\/v2\/pages\/73"}],"collection":[{"href":"https:\/\/www.saigonchildren.com\/vi\/wp-json\/wp\/v2\/pages"}],"about":[{"href":"https:\/\/www.saigonchildren.com\/vi\/wp-json\/wp\/v2\/types\/page"}],"author":[{"embeddable":true,"href":"https:\/\/www.saigonchildren.com\/vi\/wp-json\/wp\/v2\/users\/1"}],"replies":[{"embeddable":true,"href":"https:\/\/www.saigonchildren.com\/vi\/wp-json\/wp\/v2\/comments?post=73"}],"version-history":[{"count":60,"href":"https:\/\/www.saigonchildren.com\/vi\/wp-json\/wp\/v2\/pages\/73\/revisions"}],"predecessor-version":[{"id":10157,"href":"https:\/\/www.saigonchildren.com\/vi\/wp-json\/wp\/v2\/pages\/73\/revisions\/10157"}],"wp:attachment":[{"href":"https:\/\/www.saigonchildren.com\/vi\/wp-json\/wp\/v2\/media?parent=73"}],"curies":[{"name":"wp","href":"https:\/\/api.w.org\/{rel}","templated":true}]}}