{"id":9411,"date":"2024-08-30T15:25:55","date_gmt":"2024-08-30T08:25:55","guid":{"rendered":"https:\/\/www.saigonchildren.com\/?page_id=9411"},"modified":"2026-04-23T14:22:04","modified_gmt":"2026-04-23T07:22:04","slug":"other-projects-and-campaigns","status":"publish","type":"page","link":"https:\/\/www.saigonchildren.com\/vi\/what-we-do\/other-projects-and-campaigns\/","title":{"rendered":"C\u00e1c d\u1ef1 \u00e1n &#038; chi\u1ebfn d\u1ecbch g\u00e2y qu\u1ef9 kh\u00e1c"},"content":{"rendered":"<p><span style=\"color: #000000;\">B\u00ean c\u1ea1nh b\u1ed1n ch\u01b0\u01a1ng tr\u00ecnh ch\u00ednh di\u1ec5n ra d\u00e0i h\u01a1i xuy\u00ean su\u1ed1t, saigonchildren c\u00f2n th\u1ef1c hi\u1ec7n c\u00e1c d\u1ef1 \u00e1n v\u00e0 chi\u1ebfn d\u1ecbch h\u1ed7 tr\u1ee3 v\u1ec1 gi\u00e1o d\u1ee5c v\u00e0 ph\u00e1t tri\u1ec3n cho tr\u1ebb em kh\u00f3 kh\u0103n t\u1ea1i Vi\u1ec7t Nam ri\u00eang l\u1ebb theo t\u1eebng n\u0103m. M\u1ecdi n\u1ed7 l\u1ef1c g\u00e2y qu\u1ef9 d\u00f9 b\u1ea5t k\u1ec3 th\u00f4ng qua s\u1ef1 ki\u1ec7n n\u00e0o c\u0169ng \u0111\u1ec1u h\u01b0\u1edbng \u0111\u1ebfn l\u1ee3i \u00edch c\u1ee7a tr\u1ebb c\u0169ng nh\u01b0 nh\u1eefng ng\u01b0\u1eddi th\u00e2n th\u01b0\u01a1ng c\u1ee7a c\u00e1c em \u1edf v\u1ecb tr\u00ed \u01b0u ti\u00ean h\u00e0ng \u0111\u1ea7u.<\/span><\/p>\n<p><span style=\"color: #000000;\">Nh\u1edd v\u00e0o c\u00e1c s\u00e1ng ki\u1ebfn n\u00e0y, ch\u00fang t\u00f4i \u0111\u00e3 c\u00f3 th\u1ec3 lan t\u1ecfa tinh th\u1ea7n v\u00e0 ngh\u0129a c\u1eed cao th\u01b0\u1ee3ng m\u1ea1nh m\u1ebd h\u01a1n v\u00e0 t\u1ea1o ra t\u00e1c \u0111\u1ed9ng to l\u1edbn h\u01a1n \u0111\u1ebfn v\u1edbi x\u00e3 h\u1ed9i. V\u00e0 saigonchildren bi\u1ebft r\u1eb1ng, ch\u00fang t\u00f4i kh\u00f4ng \u0111\u01a1n \u0111\u1ed9n tr\u00ean h\u00e0nh tr\u00ecnh n\u00e0y, b\u1edfi v\u00ec lu\u00f4n c\u00f3 s\u1ef1 \u0111\u1ed3ng h\u00e0nh c\u1ee7a nh\u1eefng c\u00e1 nh\u00e2n, t\u1ed5 ch\u1ee9c \u0111\u00e3 chung tay \u1ee7ng h\u1ed9 v\u00e0 tin t\u01b0\u1edfng v\u00e0o s\u1ee9c m\u1ea1nh c\u1ee7a gi\u00e1o d\u1ee5c thay \u0111\u1ed5i t\u01b0\u01a1ng lai c\u1ee7a nh\u1eefng \u0111\u1ee9a tr\u1ebb.<\/span><\/p>\n<p><span style=\"color: #000000;\">B\u00ean d\u01b0\u1edbi l\u00e0 nh\u1eefng chi\u1ebfn d\u1ecbch v\u00e0 d\u1ef1 \u00e1n g\u00e2y qu\u1ef9 n\u1ed5i b\u1eadt m\u00e0 saigonchildren \u0111\u00e3 tri\u1ec3n khai trong nh\u1eefng n\u0103m g\u1ea7n \u0111\u00e2y.<\/span><\/p>\n<table style=\"border-collapse: collapse; width: 100%;\" border=\"1\" cellspacing=\"10\" cellpadding=\"10\">\n<tbody>\n<tr>\n<td style=\"width: 32%; text-align: center; background-color: #00aeef;\"><img loading=\"lazy\" class=\"alignnone size-medium wp-image-9426\" src=\"https:\/\/www.saigonchildren.com\/wp-content\/uploads\/2024\/09\/ACE-300x190.png\" alt=\"\" width=\"300\" height=\"190\" srcset=\"https:\/\/www.saigonchildren.com\/wp-content\/uploads\/2024\/09\/ACE-300x190.png 300w, https:\/\/www.saigonchildren.com\/wp-content\/uploads\/2024\/09\/ACE-768x488.png 768w, https:\/\/www.saigonchildren.com\/wp-content\/uploads\/2024\/09\/ACE.png 1024w\" sizes=\"(max-width: 300px) 100vw, 300px\" \/><\/td>\n<td style=\"width: 2%; text-align: center;\"><\/td>\n<td style=\"width: 32%; text-align: center; background-color: #00aeef;\"><img loading=\"lazy\" class=\"alignnone size-medium wp-image-9442\" src=\"https:\/\/www.saigonchildren.com\/wp-content\/uploads\/2024\/09\/gocantoan-300x190.png\" alt=\"\" width=\"300\" height=\"190\" srcset=\"https:\/\/www.saigonchildren.com\/wp-content\/uploads\/2024\/09\/gocantoan-300x190.png 300w, https:\/\/www.saigonchildren.com\/wp-content\/uploads\/2024\/09\/gocantoan-768x488.png 768w, https:\/\/www.saigonchildren.com\/wp-content\/uploads\/2024\/09\/gocantoan.png 1024w\" sizes=\"(max-width: 300px) 100vw, 300px\" \/><\/td>\n<td style=\"width: 2%; text-align: center;\"><\/td>\n<td style=\"width: 32%; text-align: center; background-color: #00aeef;\"><img loading=\"lazy\" class=\"alignnone size-medium wp-image-9431\" src=\"https:\/\/www.saigonchildren.com\/wp-content\/uploads\/2024\/09\/PowHERful-300x190.png\" alt=\"\" width=\"300\" height=\"190\" srcset=\"https:\/\/www.saigonchildren.com\/wp-content\/uploads\/2024\/09\/PowHERful-300x190.png 300w, https:\/\/www.saigonchildren.com\/wp-content\/uploads\/2024\/09\/PowHERful-768x488.png 768w, https:\/\/www.saigonchildren.com\/wp-content\/uploads\/2024\/09\/PowHERful.png 1024w\" sizes=\"(max-width: 300px) 100vw, 300px\" \/><\/td>\n<\/tr>\n<tr>\n<td style=\"width: 32%; text-align: center; background-color: #00aeef;\"><span style=\"font-family: arial, helvetica, sans-serif; color: #ffffff;\"><strong>Anh Ch\u1ecb Em<\/strong> \u0111\u00e1p \u1ee9ng k\u1ecbp th\u1eddi nhu c\u1ea7u c\u1ee7a tr\u1ebb v\u00e0 ng\u01b0\u1eddi ch\u0103m s\u00f3c trong c\u00e1c t\u00ecnh hu\u1ed1ng c\u1ea5p b\u00e1ch nh\u1ea5t.<\/span><\/td>\n<td style=\"width: 2%; text-align: center;\"><\/td>\n<td style=\"width: 32%; text-align: center; background-color: #00aeef;\"><span style=\"font-family: arial, helvetica, sans-serif; color: #ffffff;\"><strong>G\u00f3c an to\u00e0n<\/strong> h\u01b0\u1edbng d\u1eabn ki\u1ebfn th\u1ee9c h\u1eefu \u00edch v\u1ec1 an to\u00e0n tr\u00ean kh\u00f4ng gian m\u1ea1ng cho tr\u1ebb em.<\/span><\/td>\n<td style=\"width: 2%; text-align: center;\"><\/td>\n<td style=\"width: 32%; text-align: center; background-color: #00aeef;\"><span style=\"font-family: arial, helvetica, sans-serif; color: #ffffff;\"><strong>PowHERful<\/strong> truy\u1ec1n c\u1ea3m h\u1ee9ng \u0111\u1ec3 tr\u1ebb em g\u00e1i thi\u1ec7t th\u00f2i thay \u0111\u1ed5i t\u01b0\u01a1ng lai\u00a0th\u00f4ng qua gi\u00e1o d\u1ee5c.<\/span><\/td>\n<\/tr>\n<tr>\n<td style=\"width: 32%; text-align: center; background-color: #00aeef;\"><em><strong><span style=\"color: #ffffff;\"><a style=\"color: #ffffff;\" href=\"https:\/\/anhchiem.saigonchildren.com\/vi\/trang-chu\/\">Tham gia ngay<\/a><span style=\"font-family: arial, helvetica, sans-serif;\">\u00a0<\/span><\/span><\/strong><\/em><\/td>\n<td style=\"width: 2%; text-align: center;\"><\/td>\n<td style=\"width: 32%; text-align: center; background-color: #00aeef;\"><em><strong><span style=\"color: #ffffff;\"><a style=\"color: #ffffff;\" href=\"https:\/\/www.saigonchildren.com\/vi\/news\/launching-an-educational-project-on-cyber-safety-for-primary-school-children\/\">T\u00ecm hi\u1ec3u th\u00eam<\/a><\/span><\/strong><\/em><\/td>\n<td style=\"width: 2%; text-align: center;\"><\/td>\n<td style=\"width: 32%; text-align: center; background-color: #00aeef;\"><span style=\"color: #ffffff;\"><em><strong><a style=\"color: #ffffff;\" href=\"https:\/\/powherful.saigonchildren.com\/\">T\u00ecm hi\u1ec3u th\u00eam<\/a><\/strong><\/em><\/span><\/td>\n<\/tr>\n<\/tbody>\n<\/table>\n<p>&nbsp;<\/p>\n<table style=\"border-collapse: collapse; width: 100%;\" border=\"1\" cellspacing=\"10\" cellpadding=\"10\">\n<tbody>\n<tr>\n<td style=\"width: 32%; text-align: center; background-color: #00aeef;\"><img loading=\"lazy\" class=\"size-full wp-image-7361 aligncenter\" src=\"https:\/\/www.saigonchildren.com\/wp-content\/uploads\/2019\/04\/covid.png\" alt=\"\" width=\"300\" height=\"200\" \/><\/td>\n<td style=\"width: 2%; text-align: center;\"><\/td>\n<td style=\"width: 32%; text-align: center; background-color: #00aeef;\"><img loading=\"lazy\" class=\"alignnone size-medium wp-image-9429\" src=\"https:\/\/www.saigonchildren.com\/wp-content\/uploads\/2024\/09\/EKLL-300x190.png\" alt=\"\" width=\"300\" height=\"190\" srcset=\"https:\/\/www.saigonchildren.com\/wp-content\/uploads\/2024\/09\/EKLL-300x190.png 300w, https:\/\/www.saigonchildren.com\/wp-content\/uploads\/2024\/09\/EKLL-768x488.png 768w, https:\/\/www.saigonchildren.com\/wp-content\/uploads\/2024\/09\/EKLL.png 1024w\" sizes=\"(max-width: 300px) 100vw, 300px\" \/><\/td>\n<td style=\"width: 2%; text-align: center;\"><\/td>\n<td style=\"width: 32%; text-align: center; background-color: #00aeef;\"><img loading=\"lazy\" class=\"alignnone size-medium wp-image-9433\" src=\"https:\/\/www.saigonchildren.com\/wp-content\/uploads\/2024\/09\/STEPS-300x190.png\" alt=\"\" width=\"300\" height=\"190\" srcset=\"https:\/\/www.saigonchildren.com\/wp-content\/uploads\/2024\/09\/STEPS-300x190.png 300w, https:\/\/www.saigonchildren.com\/wp-content\/uploads\/2024\/09\/STEPS-768x488.png 768w, https:\/\/www.saigonchildren.com\/wp-content\/uploads\/2024\/09\/STEPS.png 1024w\" sizes=\"(max-width: 300px) 100vw, 300px\" \/><\/td>\n<\/tr>\n<tr>\n<td style=\"width: 32%; text-align: center; background-color: #00aeef;\"><strong><span style=\"font-family: arial, helvetica, sans-serif; color: #ffffff;\">Ba l\u00f4 COVID <\/span><\/strong><span style=\"font-family: arial, helvetica, sans-serif; color: #ffffff;\">trao g\u1eedi h\u00e0ng h\u00f3a <\/span><span style=\"font-family: arial, helvetica, sans-serif; color: #ffffff;\">thi\u1ebft y\u1ebfu c\u1ee9u tr\u1ee3 gia \u0111\u00ecnh kh\u00f3 kh\u0103n c\u00f3 tr\u1ebb em \u1edf v\u00f9ng d\u1ecbch.<\/span><\/td>\n<td style=\"width: 2%; text-align: center;\"><\/td>\n<td style=\"width: 32%; text-align: center; background-color: #00aeef;\"><span style=\"font-family: arial, helvetica, sans-serif; color: #ffffff;\"><strong>Em kh\u00f4ng l\u1ebb loi<\/strong> h\u1ed7 tr\u1ee3 tr\u1ebb em m\u1ed3 c\u00f4i do COVID-19 v\u1ec1 m\u1eb7t t\u00e0i ch\u00ednh, gi\u00e1o d\u1ee5c, v\u00e0 tinh th\u1ea7n.<\/span><\/td>\n<td style=\"width: 2%; text-align: center;\"><\/td>\n<td style=\"width: 32%; text-align: center; background-color: #00aeef;\"><span style=\"font-family: arial, helvetica, sans-serif; color: #ffffff;\"><strong>Th\u1eed th\u00e1ch b\u01b0\u1edbc ch\u00e2n<\/strong> n\u00e2ng cao nh\u1eadn th\u1ee9c v\u1ec1 t\u1ef1 k\u1ef7 v\u00e0 g\u00e2y qu\u1ef9 h\u1ed7 tr\u1ee3 tr\u1ebb t\u1ef1 k\u1ef7 kh\u00f3 kh\u0103n.\u00a0<\/span><\/td>\n<\/tr>\n<tr>\n<td style=\"width: 32%; text-align: center; background-color: #00aeef;\"><span style=\"color: #ffffff;\"><em><strong><a style=\"color: #ffffff;\" href=\"https:\/\/covid.saigonchildren.com\/vi\/trang-chu\/\">T\u00ecm hi\u1ec3u th\u00eam<\/a><span style=\"font-family: arial, helvetica, sans-serif;\">\u00a0<\/span><\/strong><\/em><\/span><\/td>\n<td style=\"width: 2%; text-align: center;\"><\/td>\n<td style=\"width: 32%; text-align: center; background-color: #00aeef;\"><em><strong><span style=\"color: #ffffff;\"><a style=\"color: #ffffff;\" href=\"https:\/\/emkhongleloi.com\/\">T\u00ecm hi\u1ec3u th\u00eam<\/a><\/span><\/strong><\/em><\/td>\n<td style=\"width: 2%; text-align: center;\"><\/td>\n<td style=\"width: 32%; text-align: center; background-color: #00aeef;\"><span style=\"color: #ffffff;\"><em><strong><a style=\"color: #ffffff;\" href=\"https:\/\/stepschallenge.saigonchildren.com\/\">T\u00ecm hi\u1ec3u th\u00eam<\/a><\/strong><\/em><\/span><span style=\"font-family: arial, helvetica, sans-serif;\">\u00a0<\/span><\/td>\n<\/tr>\n<\/tbody>\n<\/table>\n<p>&nbsp;<\/p>\n<table style=\"border-collapse: collapse; width: 100%;\" border=\"1\" cellspacing=\"10\" cellpadding=\"10\">\n<tbody>\n<tr>\n<td style=\"width: 32%; text-align: center; background-color: #00aeef;\"><img loading=\"lazy\" class=\"alignnone size-medium wp-image-9427\" src=\"https:\/\/www.saigonchildren.com\/wp-content\/uploads\/2024\/09\/Art-Exhibition-300x190.png\" alt=\"\" width=\"300\" height=\"190\" srcset=\"https:\/\/www.saigonchildren.com\/wp-content\/uploads\/2024\/09\/Art-Exhibition-300x190.png 300w, https:\/\/www.saigonchildren.com\/wp-content\/uploads\/2024\/09\/Art-Exhibition-768x488.png 768w, https:\/\/www.saigonchildren.com\/wp-content\/uploads\/2024\/09\/Art-Exhibition.png 1024w\" sizes=\"(max-width: 300px) 100vw, 300px\" \/><\/td>\n<td style=\"width: 2%; text-align: center;\"><\/td>\n<td style=\"width: 32%; text-align: center; background-color: #00aeef;\"><img loading=\"lazy\" class=\"alignnone size-medium wp-image-9432\" src=\"https:\/\/www.saigonchildren.com\/wp-content\/uploads\/2024\/09\/SSB-300x190.png\" alt=\"\" width=\"300\" height=\"190\" srcset=\"https:\/\/www.saigonchildren.com\/wp-content\/uploads\/2024\/09\/SSB-300x190.png 300w, https:\/\/www.saigonchildren.com\/wp-content\/uploads\/2024\/09\/SSB-768x488.png 768w, https:\/\/www.saigonchildren.com\/wp-content\/uploads\/2024\/09\/SSB.png 1024w\" sizes=\"(max-width: 300px) 100vw, 300px\" \/><\/td>\n<td style=\"width: 2%; text-align: center;\"><\/td>\n<td style=\"width: 32%; text-align: center; background-color: #00aeef;\"><img loading=\"lazy\" class=\"alignnone size-medium wp-image-9430\" src=\"https:\/\/www.saigonchildren.com\/wp-content\/uploads\/2024\/09\/Neurodiversity-300x190.png\" alt=\"\" width=\"300\" height=\"190\" srcset=\"https:\/\/www.saigonchildren.com\/wp-content\/uploads\/2024\/09\/Neurodiversity-300x190.png 300w, https:\/\/www.saigonchildren.com\/wp-content\/uploads\/2024\/09\/Neurodiversity-768x488.png 768w, https:\/\/www.saigonchildren.com\/wp-content\/uploads\/2024\/09\/Neurodiversity.png 1024w\" sizes=\"(max-width: 300px) 100vw, 300px\" \/><\/td>\n<\/tr>\n<tr>\n<td style=\"width: 32%; text-align: center; background-color: #00aeef;\"><span style=\"font-family: arial, helvetica, sans-serif; color: #ffffff;\"><strong>Tri\u1ec3n l\u00e3m ngh\u1ec7 thu\u1eadt<\/strong> v\u00ec gi\u00e1o d\u1ee5c <strong>H.U.E<\/strong> k\u00eau g\u1ecdi h\u00e0nh \u0111\u1ed9ng v\u00ec \u01b0\u1edbc m\u01a1 c\u1ee7a tr\u1ebb em k\u00e9m may m\u1eafn.<\/span><\/td>\n<td style=\"width: 2%; text-align: center;\"><\/td>\n<td style=\"width: 32%; text-align: center; background-color: #00aeef;\"><span style=\"font-family: arial, helvetica, sans-serif; color: #ffffff;\">D\u1ea1 ti\u1ec7c t\u1eeb thi\u1ec7n \u0111\u1eb3ng c\u1ea5p <strong>Saigon Summer Ball<\/strong> duy tr\u00ec s\u1ee9 m\u1ec7nh h\u1ed7 tr\u1ee3 tr\u1ebb em c\u1ee7a saigonchildren.<\/span><\/td>\n<td style=\"width: 2%; text-align: center;\"><\/td>\n<td style=\"width: 32%; text-align: center; background-color: #00aeef;\"><span style=\"font-family: arial, helvetica, sans-serif; color: #ffffff;\">Website <strong>\u0110a d\u1ea1ng th\u1ea7n kinh<\/strong> cung c\u1ea5p th\u00f4ng tin cho ph\u1ee5 huynh, gi\u00e1o vi\u00ean, nh\u00e0 tr\u1ecb li\u1ec7u v\u00e0 chuy\u00ean m\u00f4n.<\/span><\/td>\n<\/tr>\n<tr>\n<td style=\"width: 32%; text-align: center; background-color: #00aeef;\"><em><strong><a href=\"https:\/\/www.saigonchildren.com\/vi\/news\/hue-art-exhibition-opening\/\"><span style=\"color: #ffffff;\">T\u00ecm hi\u1ec3u th\u00eam<\/span><\/a><\/strong><\/em><\/td>\n<td style=\"width: 2%; text-align: center;\"><\/td>\n<td style=\"width: 32%; text-align: center; background-color: #00aeef;\"><a href=\"https:\/\/ssb.saigonchildren.com\/vi\/saigon-ssb\/\"><span style=\"color: #ffffff;\"><em><strong>T\u00ecm hi\u1ec3u th\u00eam<\/strong><\/em><\/span><\/a><\/td>\n<td style=\"width: 2%; text-align: center;\"><\/td>\n<td style=\"width: 32%; text-align: center; background-color: #00aeef;\"><span style=\"color: #ffffff;\"><strong>S\u1eafp ra m\u1eaft<\/strong><\/span><span style=\"font-family: arial, helvetica, sans-serif;\">\u00a0<\/span><\/td>\n<\/tr>\n<\/tbody>\n<\/table>\n<p><\/p>","protected":false},"excerpt":{"rendered":"<p>B\u00ean c\u1ea1nh b\u1ed1n ch\u01b0\u01a1ng tr\u00ecnh ch\u00ednh di\u1ec5n ra d\u00e0i h\u01a1i xuy\u00ean su\u1ed1t, saigonchildren c\u00f2n th\u1ef1c hi\u1ec7n c\u00e1c d\u1ef1 \u00e1n v\u00e0 chi\u1ebfn d\u1ecbch h\u1ed7 tr\u1ee3 v\u1ec1 gi\u00e1o d\u1ee5c v\u00e0 ph\u00e1t tri\u1ec3n cho tr\u1ebb em kh\u00f3 kh\u0103n t\u1ea1i Vi\u1ec7t Nam ri\u00eang l\u1ebb theo t\u1eebng n\u0103m. M\u1ecdi n\u1ed7 l\u1ef1c g\u00e2y qu\u1ef9 d\u00f9 b\u1ea5t k\u1ec3 th\u00f4ng qua s\u1ef1 ki\u1ec7n [&hellip;]<\/p>\n","protected":false},"author":1,"featured_media":0,"parent":305,"menu_order":0,"comment_status":"closed","ping_status":"closed","template":"","meta":[],"yoast_head":"<!-- This site is optimized with the Yoast SEO plugin v15.8 - https:\/\/yoast.com\/wordpress\/plugins\/seo\/ -->\n<meta name=\"description\" content=\"(English) Alongside its four main programmes running throughout the year,\" \/>\n<meta name=\"robots\" content=\"index, follow, max-snippet:-1, max-image-preview:large, max-video-preview:-1\" \/>\n<link rel=\"canonical\" href=\"https:\/\/www.saigonchildren.com\/what-we-do\/other-projects-and-campaigns\/\" \/>\n<meta property=\"og:locale\" content=\"vi_VN\" \/>\n<meta property=\"og:type\" content=\"article\" \/>\n<meta property=\"og:title\" content=\"C\u00e1c d\u1ef1 \u00e1n &amp; chi\u1ebfn d\u1ecbch g\u00e2y qu\u1ef9 kh\u00e1c - Saigon Children\u2019s Charity CIO\" \/>\n<meta property=\"og:description\" content=\"{:en}Alongside its four main programmes running throughout the year, {:}\" \/>\n<meta property=\"og:url\" content=\"https:\/\/www.saigonchildren.com\/what-we-do\/other-projects-and-campaigns\/\" \/>\n<meta property=\"og:site_name\" content=\"Saigon Children\u2019s Charity CIO\" \/>\n<meta property=\"article:modified_time\" content=\"2026-04-23T07:22:04+00:00\" \/>\n<meta property=\"og:image\" content=\"https:\/\/www.saigonchildren.com\/wp-content\/uploads\/2024\/09\/ACE-300x190.png\" \/>\n<meta name=\"twitter:card\" content=\"summary\" \/>\n<meta name=\"twitter:label1\" content=\"Est. reading time\">\n\t<meta name=\"twitter:data1\" content=\"4 ph\u00fat\">\n<script type=\"application\/ld+json\" class=\"yoast-schema-graph\">{\"@context\":\"https:\/\/schema.org\",\"@graph\":[{\"@type\":\"WebSite\",\"@id\":\"https:\/\/www.saigonchildren.com\/#website\",\"url\":\"https:\/\/www.saigonchildren.com\/\",\"name\":\"Saigon Children\\u2019s Charity CIO\",\"description\":\"Eliminating Poverty through Education\",\"potentialAction\":[{\"@type\":\"SearchAction\",\"target\":\"https:\/\/www.saigonchildren.com\/?s={search_term_string}\",\"query-input\":\"required name=search_term_string\"}],\"inLanguage\":\"vi\"},{\"@type\":\"ImageObject\",\"@id\":\"https:\/\/www.saigonchildren.com\/what-we-do\/other-projects-and-campaigns\/#primaryimage\",\"inLanguage\":\"vi\",\"url\":\"https:\/\/www.saigonchildren.com\/wp-content\/uploads\/2024\/09\/ACE.png\",\"width\":1024,\"height\":650},{\"@type\":\"WebPage\",\"@id\":\"https:\/\/www.saigonchildren.com\/what-we-do\/other-projects-and-campaigns\/#webpage\",\"url\":\"https:\/\/www.saigonchildren.com\/what-we-do\/other-projects-and-campaigns\/\",\"name\":\"C\\u00e1c d\\u1ef1 \\u00e1n & chi\\u1ebfn d\\u1ecbch g\\u00e2y qu\\u1ef9 kh\\u00e1c - Saigon Children\\u2019s Charity CIO\",\"isPartOf\":{\"@id\":\"https:\/\/www.saigonchildren.com\/#website\"},\"primaryImageOfPage\":{\"@id\":\"https:\/\/www.saigonchildren.com\/what-we-do\/other-projects-and-campaigns\/#primaryimage\"},\"datePublished\":\"2024-08-30T08:25:55+00:00\",\"dateModified\":\"2026-04-23T07:22:04+00:00\",\"description\":\"{:en}Alongside its four main programmes running throughout the year, {:}\",\"breadcrumb\":{\"@id\":\"https:\/\/www.saigonchildren.com\/what-we-do\/other-projects-and-campaigns\/#breadcrumb\"},\"inLanguage\":\"vi\",\"potentialAction\":[{\"@type\":\"ReadAction\",\"target\":[\"https:\/\/www.saigonchildren.com\/what-we-do\/other-projects-and-campaigns\/\"]}]},{\"@type\":\"BreadcrumbList\",\"@id\":\"https:\/\/www.saigonchildren.com\/what-we-do\/other-projects-and-campaigns\/#breadcrumb\",\"itemListElement\":[{\"@type\":\"ListItem\",\"position\":1,\"item\":{\"@type\":\"WebPage\",\"@id\":\"https:\/\/www.saigonchildren.com\/\",\"url\":\"https:\/\/www.saigonchildren.com\/\",\"name\":\"Home\"}},{\"@type\":\"ListItem\",\"position\":2,\"item\":{\"@type\":\"WebPage\",\"@id\":\"https:\/\/www.saigonchildren.com\/vi\/what-we-do\/\",\"url\":\"https:\/\/www.saigonchildren.com\/vi\/what-we-do\/\",\"name\":\"Ho\\u1ea1t \\u0111\\u1ed9ng\"}},{\"@type\":\"ListItem\",\"position\":3,\"item\":{\"@type\":\"WebPage\",\"@id\":\"https:\/\/www.saigonchildren.com\/what-we-do\/other-projects-and-campaigns\/\",\"url\":\"https:\/\/www.saigonchildren.com\/what-we-do\/other-projects-and-campaigns\/\",\"name\":\"Other fundraising campaigns &#038; projects\"}}]}]}<\/script>\n<!-- \/ Yoast SEO plugin. -->","_links":{"self":[{"href":"https:\/\/www.saigonchildren.com\/vi\/wp-json\/wp\/v2\/pages\/9411"}],"collection":[{"href":"https:\/\/www.saigonchildren.com\/vi\/wp-json\/wp\/v2\/pages"}],"about":[{"href":"https:\/\/www.saigonchildren.com\/vi\/wp-json\/wp\/v2\/types\/page"}],"author":[{"embeddable":true,"href":"https:\/\/www.saigonchildren.com\/vi\/wp-json\/wp\/v2\/users\/1"}],"replies":[{"embeddable":true,"href":"https:\/\/www.saigonchildren.com\/vi\/wp-json\/wp\/v2\/comments?post=9411"}],"version-history":[{"count":20,"href":"https:\/\/www.saigonchildren.com\/vi\/wp-json\/wp\/v2\/pages\/9411\/revisions"}],"predecessor-version":[{"id":10272,"href":"https:\/\/www.saigonchildren.com\/vi\/wp-json\/wp\/v2\/pages\/9411\/revisions\/10272"}],"up":[{"embeddable":true,"href":"https:\/\/www.saigonchildren.com\/vi\/wp-json\/wp\/v2\/pages\/305"}],"wp:attachment":[{"href":"https:\/\/www.saigonchildren.com\/vi\/wp-json\/wp\/v2\/media?parent=9411"}],"curies":[{"name":"wp","href":"https:\/\/api.w.org\/{rel}","templated":true}]}}